{"id":3703,"date":"2021-05-03T23:28:44","date_gmt":"2021-05-03T23:28:44","guid":{"rendered":"https:\/\/peterulson.com\/produkt\/punching-tool-incl-punching-insert-for-58mm-holes"},"modified":"2024-06-06T14:17:52","modified_gmt":"2024-06-06T14:17:52","slug":"punching-tool-incl-punching-insert-for-58mm-holes","status":"publish","type":"product","link":"https:\/\/peterulson.com\/de\/produkt\/punching-tool-incl-punching-insert-for-58mm-holes\/","title":{"rendered":"ULSON Stanzwerkzeug mit Eins\u00e4tzen f\u00fcr 58mm L\u00f6cher und Transportkoffer"},"content":{"rendered":"<p>[vc_row][vc_column][vc_column_text]Das weltweit einzige Werkzeug f\u00fcr die schnelle und sichere Herstellung von L\u00f6chern in Metallst\u00e4nderprofilen (U- und C-Profile mit max. 100mm Tiefe) mit Blechst\u00e4rken bis 0,8mm.<\/p>\n<p>Es kann mit wenigen Handgriffen auf handels\u00fcbliche Fitting Pressmaschinen wie die Rothenberger Romax 4000 (oder andere wie Berner, Geberit, Hilti, Novopress, Viega, Polysan, Rems, Roller, Milwaukee) mit mittlerer Backengr\u00f6\u00dfe und Presskraft von 32kN montiert werden.<\/p>\n<p>Schnelle und sichere Lochstanzungen helfen Montagezeiten im Trockenbau um mehr als zwei Drittel zu reduzieren.<\/p>\n<p>Das ULSON Stanzwerkzeug wird mit Stanzeins\u00e4tzen f\u00fcr 58mm L\u00f6cher geliefert.<\/p>\n<p>Lieferumfang:<\/p>\n<ul>\n<li>1 Stk. Stanzwerkzeug<\/li>\n<li>1 Set Stanzeins\u00e4tze f\u00fcr Lochdurchmesser 58mm<\/li>\n<li>1 Transportkoffer<\/li>\n<li>1 Schraubenschl\u00fcssel mit Stecknuss 19mm<\/li>\n<\/ul>\n<p>[\/vc_column_text][vc_btn title=&#8220;Folder ULSON Stanze + Stanzeins\u00e4tze + gr\u00fcne Clips (pdf)&#8220; align=&#8220;left&#8220; button_block=&#8220;true&#8220; link=&#8220;url:https%3A%2F%2Fpeterulson.com%2Fwp-content%2Fuploads%2F2024%2F06%2F20240521_UlsonStudPunch_comp.pdf|target:_blank&#8220;][\/vc_column][\/vc_row]<\/p>\n","protected":false},"excerpt":{"rendered":"<p>Das patentierte Stanzwerkzeug f\u00fcr die schnelle Herstellung perfekter L\u00f6cher in St\u00e4nderprofilen ohne Bohrer oder Winkelschleifer.<\/p>\n<p>In Sekundenschnelle Rohre, Kabel oder Schl\u00e4uche in Trockenw\u00e4nden verlegen.<\/p>\n<p>Montagearbeiten mit dem Stanzwerkzeug bedeutet perfektes, normgerechtes Bauen bei gleichzeitiger hoher Zeit- und Kostenersparnis.<\/p>\n<p>Stanzeins\u00e4tze f\u00fcr Lochdurchmesser von 38mm, 58mm und 88mm sind verf\u00fcgbar.<\/p>\n<p>Das Stanzwerkzeug ist die Innovation f\u00fcr die Rohr- und Kabelverlegung in Trockenbauw\u00e4nden.<\/p>\n<div class=\"woocommerce-product-details__short-description\">\n<p><em>F\u00fcr Preise und Rabatte wenden Sie sich bitte an unsere <a href=\"mailto:sales@peterulson.com\">Verkaufsabteilung<\/a>.\u00a0<\/em><\/p>\n<\/div>\n","protected":false},"featured_media":4437,"template":"","meta":{"inline_featured_image":false},"product_brand":[],"product_cat":[85],"product_tag":[],"class_list":{"0":"post-3703","1":"product","2":"type-product","3":"status-publish","4":"has-post-thumbnail","6":"product_cat-stanzwerkzeug","8":"first","9":"instock","10":"featured","11":"taxable","12":"shipping-taxable","13":"product-type-simple"},"yoast_head":"<!-- This site is optimized with the Yoast SEO plugin v26.7 - https:\/\/yoast.com\/wordpress\/plugins\/seo\/ -->\n<title>ULSON Stanzwerkzeug mit Eins\u00e4tzen f\u00fcr 58mm L\u00f6cher und Transportkoffer - Peter Ulson<\/title>\n<meta name=\"robots\" content=\"index, follow, max-snippet:-1, max-image-preview:large, max-video-preview:-1\" \/>\n<link rel=\"canonical\" href=\"https:\/\/peterulson.com\/de\/produkt\/punching-tool-incl-punching-insert-for-58mm-holes\/\" \/>\n<meta property=\"og:locale\" content=\"de_DE\" \/>\n<meta property=\"og:type\" content=\"article\" \/>\n<meta property=\"og:title\" content=\"ULSON Stanzwerkzeug mit Eins\u00e4tzen f\u00fcr 58mm L\u00f6cher und Transportkoffer - Peter Ulson\" \/>\n<meta property=\"og:description\" content=\"Das patentierte Stanzwerkzeug f\u00fcr die schnelle Herstellung perfekter L\u00f6cher in St\u00e4nderprofilen ohne Bohrer oder Winkelschleifer.  In Sekundenschnelle Rohre, Kabel oder Schl\u00e4uche in Trockenw\u00e4nden verlegen.  Montagearbeiten mit dem Stanzwerkzeug bedeutet perfektes, normgerechtes Bauen bei gleichzeitiger hoher Zeit- und Kostenersparnis.  Stanzeins\u00e4tze f\u00fcr Lochdurchmesser von 38mm, 58mm und 88mm sind verf\u00fcgbar.  Das Stanzwerkzeug ist die Innovation f\u00fcr die Rohr- und Kabelverlegung in Trockenbauw\u00e4nden.   F\u00fcr Preise und Rabatte wenden Sie sich bitte an unsere Verkaufsabteilung.\u00a0\" \/>\n<meta property=\"og:url\" content=\"https:\/\/peterulson.com\/de\/produkt\/punching-tool-incl-punching-insert-for-58mm-holes\/\" \/>\n<meta property=\"og:site_name\" content=\"Peter Ulson\" \/>\n<meta property=\"article:publisher\" content=\"https:\/\/www.facebook.com\/UlsonTrading\" \/>\n<meta property=\"article:modified_time\" content=\"2024-06-06T14:17:52+00:00\" \/>\n<meta property=\"og:image\" content=\"https:\/\/peterulson.com\/wp-content\/uploads\/2024\/05\/UC-3A5A5501-scaled.jpg\" \/>\n\t<meta property=\"og:image:width\" content=\"2560\" \/>\n\t<meta property=\"og:image:height\" content=\"1707\" \/>\n\t<meta property=\"og:image:type\" content=\"image\/jpeg\" \/>\n<meta name=\"twitter:card\" content=\"summary_large_image\" \/>\n<meta name=\"twitter:label1\" content=\"Gesch\u00e4tzte Lesezeit\" \/>\n\t<meta name=\"twitter:data1\" content=\"1\u00a0Minute\" \/>\n<script type=\"application\/ld+json\" class=\"yoast-schema-graph\">{\"@context\":\"https:\/\/schema.org\",\"@graph\":[{\"@type\":\"WebPage\",\"@id\":\"https:\/\/peterulson.com\/de\/produkt\/punching-tool-incl-punching-insert-for-58mm-holes\/\",\"url\":\"https:\/\/peterulson.com\/de\/produkt\/punching-tool-incl-punching-insert-for-58mm-holes\/\",\"name\":\"ULSON Stanzwerkzeug mit Eins\u00e4tzen f\u00fcr 58mm L\u00f6cher und Transportkoffer - Peter Ulson\",\"isPartOf\":{\"@id\":\"https:\/\/peterulson.com\/de\/#website\"},\"primaryImageOfPage\":{\"@id\":\"https:\/\/peterulson.com\/de\/produkt\/punching-tool-incl-punching-insert-for-58mm-holes\/#primaryimage\"},\"image\":{\"@id\":\"https:\/\/peterulson.com\/de\/produkt\/punching-tool-incl-punching-insert-for-58mm-holes\/#primaryimage\"},\"thumbnailUrl\":\"https:\/\/peterulson.com\/wp-content\/uploads\/2024\/05\/UC-3A5A5501-scaled.jpg\",\"datePublished\":\"2021-05-03T23:28:44+00:00\",\"dateModified\":\"2024-06-06T14:17:52+00:00\",\"breadcrumb\":{\"@id\":\"https:\/\/peterulson.com\/de\/produkt\/punching-tool-incl-punching-insert-for-58mm-holes\/#breadcrumb\"},\"inLanguage\":\"de\",\"potentialAction\":[{\"@type\":\"ReadAction\",\"target\":[\"https:\/\/peterulson.com\/de\/produkt\/punching-tool-incl-punching-insert-for-58mm-holes\/\"]}]},{\"@type\":\"ImageObject\",\"inLanguage\":\"de\",\"@id\":\"https:\/\/peterulson.com\/de\/produkt\/punching-tool-incl-punching-insert-for-58mm-holes\/#primaryimage\",\"url\":\"https:\/\/peterulson.com\/wp-content\/uploads\/2024\/05\/UC-3A5A5501-scaled.jpg\",\"contentUrl\":\"https:\/\/peterulson.com\/wp-content\/uploads\/2024\/05\/UC-3A5A5501-scaled.jpg\",\"width\":2560,\"height\":1707},{\"@type\":\"BreadcrumbList\",\"@id\":\"https:\/\/peterulson.com\/de\/produkt\/punching-tool-incl-punching-insert-for-58mm-holes\/#breadcrumb\",\"itemListElement\":[{\"@type\":\"ListItem\",\"position\":1,\"name\":\"Home\",\"item\":\"https:\/\/peterulson.com\/de\/\"},{\"@type\":\"ListItem\",\"position\":2,\"name\":\"Products\",\"item\":\"https:\/\/peterulson.com\/shop\/\"},{\"@type\":\"ListItem\",\"position\":3,\"name\":\"ULSON Stanzwerkzeug mit Eins\u00e4tzen f\u00fcr 58mm L\u00f6cher und Transportkoffer\"}]},{\"@type\":\"WebSite\",\"@id\":\"https:\/\/peterulson.com\/de\/#website\",\"url\":\"https:\/\/peterulson.com\/de\/\",\"name\":\"www.peterulson.com\",\"description\":\"\",\"publisher\":{\"@id\":\"https:\/\/peterulson.com\/de\/#organization\"},\"potentialAction\":[{\"@type\":\"SearchAction\",\"target\":{\"@type\":\"EntryPoint\",\"urlTemplate\":\"https:\/\/peterulson.com\/de\/?s={search_term_string}\"},\"query-input\":{\"@type\":\"PropertyValueSpecification\",\"valueRequired\":true,\"valueName\":\"search_term_string\"}}],\"inLanguage\":\"de\"},{\"@type\":\"Organization\",\"@id\":\"https:\/\/peterulson.com\/de\/#organization\",\"name\":\"ULSON Components\",\"url\":\"https:\/\/peterulson.com\/de\/\",\"logo\":{\"@type\":\"ImageObject\",\"inLanguage\":\"de\",\"@id\":\"https:\/\/peterulson.com\/de\/#\/schema\/logo\/image\/\",\"url\":\"https:\/\/peterulson.com\/wp-content\/uploads\/2021\/07\/PeterUlson_Logo_Zeichenflache-1.png\",\"contentUrl\":\"https:\/\/peterulson.com\/wp-content\/uploads\/2021\/07\/PeterUlson_Logo_Zeichenflache-1.png\",\"width\":5000,\"height\":1541,\"caption\":\"ULSON Components\"},\"image\":{\"@id\":\"https:\/\/peterulson.com\/de\/#\/schema\/logo\/image\/\"},\"sameAs\":[\"https:\/\/www.facebook.com\/UlsonTrading\",\"https:\/\/www.linkedin.com\/company\/peterulson\/?viewAsMember=true\",\"https:\/\/www.instagram.com\/peterulson\/\"]}]}<\/script>\n<!-- \/ Yoast SEO plugin. -->","yoast_head_json":{"title":"ULSON Stanzwerkzeug mit Eins\u00e4tzen f\u00fcr 58mm L\u00f6cher und Transportkoffer - Peter Ulson","robots":{"index":"index","follow":"follow","max-snippet":"max-snippet:-1","max-image-preview":"max-image-preview:large","max-video-preview":"max-video-preview:-1"},"canonical":"https:\/\/peterulson.com\/de\/produkt\/punching-tool-incl-punching-insert-for-58mm-holes\/","og_locale":"de_DE","og_type":"article","og_title":"ULSON Stanzwerkzeug mit Eins\u00e4tzen f\u00fcr 58mm L\u00f6cher und Transportkoffer - Peter Ulson","og_description":"Das patentierte Stanzwerkzeug f\u00fcr die schnelle Herstellung perfekter L\u00f6cher in St\u00e4nderprofilen ohne Bohrer oder Winkelschleifer.  In Sekundenschnelle Rohre, Kabel oder Schl\u00e4uche in Trockenw\u00e4nden verlegen.  Montagearbeiten mit dem Stanzwerkzeug bedeutet perfektes, normgerechtes Bauen bei gleichzeitiger hoher Zeit- und Kostenersparnis.  Stanzeins\u00e4tze f\u00fcr Lochdurchmesser von 38mm, 58mm und 88mm sind verf\u00fcgbar.  Das Stanzwerkzeug ist die Innovation f\u00fcr die Rohr- und Kabelverlegung in Trockenbauw\u00e4nden.   F\u00fcr Preise und Rabatte wenden Sie sich bitte an unsere Verkaufsabteilung.\u00a0","og_url":"https:\/\/peterulson.com\/de\/produkt\/punching-tool-incl-punching-insert-for-58mm-holes\/","og_site_name":"Peter Ulson","article_publisher":"https:\/\/www.facebook.com\/UlsonTrading","article_modified_time":"2024-06-06T14:17:52+00:00","og_image":[{"width":2560,"height":1707,"url":"https:\/\/peterulson.com\/wp-content\/uploads\/2024\/05\/UC-3A5A5501-scaled.jpg","type":"image\/jpeg"}],"twitter_card":"summary_large_image","twitter_misc":{"Gesch\u00e4tzte Lesezeit":"1\u00a0Minute"},"schema":{"@context":"https:\/\/schema.org","@graph":[{"@type":"WebPage","@id":"https:\/\/peterulson.com\/de\/produkt\/punching-tool-incl-punching-insert-for-58mm-holes\/","url":"https:\/\/peterulson.com\/de\/produkt\/punching-tool-incl-punching-insert-for-58mm-holes\/","name":"ULSON Stanzwerkzeug mit Eins\u00e4tzen f\u00fcr 58mm L\u00f6cher und Transportkoffer - Peter Ulson","isPartOf":{"@id":"https:\/\/peterulson.com\/de\/#website"},"primaryImageOfPage":{"@id":"https:\/\/peterulson.com\/de\/produkt\/punching-tool-incl-punching-insert-for-58mm-holes\/#primaryimage"},"image":{"@id":"https:\/\/peterulson.com\/de\/produkt\/punching-tool-incl-punching-insert-for-58mm-holes\/#primaryimage"},"thumbnailUrl":"https:\/\/peterulson.com\/wp-content\/uploads\/2024\/05\/UC-3A5A5501-scaled.jpg","datePublished":"2021-05-03T23:28:44+00:00","dateModified":"2024-06-06T14:17:52+00:00","breadcrumb":{"@id":"https:\/\/peterulson.com\/de\/produkt\/punching-tool-incl-punching-insert-for-58mm-holes\/#breadcrumb"},"inLanguage":"de","potentialAction":[{"@type":"ReadAction","target":["https:\/\/peterulson.com\/de\/produkt\/punching-tool-incl-punching-insert-for-58mm-holes\/"]}]},{"@type":"ImageObject","inLanguage":"de","@id":"https:\/\/peterulson.com\/de\/produkt\/punching-tool-incl-punching-insert-for-58mm-holes\/#primaryimage","url":"https:\/\/peterulson.com\/wp-content\/uploads\/2024\/05\/UC-3A5A5501-scaled.jpg","contentUrl":"https:\/\/peterulson.com\/wp-content\/uploads\/2024\/05\/UC-3A5A5501-scaled.jpg","width":2560,"height":1707},{"@type":"BreadcrumbList","@id":"https:\/\/peterulson.com\/de\/produkt\/punching-tool-incl-punching-insert-for-58mm-holes\/#breadcrumb","itemListElement":[{"@type":"ListItem","position":1,"name":"Home","item":"https:\/\/peterulson.com\/de\/"},{"@type":"ListItem","position":2,"name":"Products","item":"https:\/\/peterulson.com\/shop\/"},{"@type":"ListItem","position":3,"name":"ULSON Stanzwerkzeug mit Eins\u00e4tzen f\u00fcr 58mm L\u00f6cher und Transportkoffer"}]},{"@type":"WebSite","@id":"https:\/\/peterulson.com\/de\/#website","url":"https:\/\/peterulson.com\/de\/","name":"www.peterulson.com","description":"","publisher":{"@id":"https:\/\/peterulson.com\/de\/#organization"},"potentialAction":[{"@type":"SearchAction","target":{"@type":"EntryPoint","urlTemplate":"https:\/\/peterulson.com\/de\/?s={search_term_string}"},"query-input":{"@type":"PropertyValueSpecification","valueRequired":true,"valueName":"search_term_string"}}],"inLanguage":"de"},{"@type":"Organization","@id":"https:\/\/peterulson.com\/de\/#organization","name":"ULSON Components","url":"https:\/\/peterulson.com\/de\/","logo":{"@type":"ImageObject","inLanguage":"de","@id":"https:\/\/peterulson.com\/de\/#\/schema\/logo\/image\/","url":"https:\/\/peterulson.com\/wp-content\/uploads\/2021\/07\/PeterUlson_Logo_Zeichenflache-1.png","contentUrl":"https:\/\/peterulson.com\/wp-content\/uploads\/2021\/07\/PeterUlson_Logo_Zeichenflache-1.png","width":5000,"height":1541,"caption":"ULSON Components"},"image":{"@id":"https:\/\/peterulson.com\/de\/#\/schema\/logo\/image\/"},"sameAs":["https:\/\/www.facebook.com\/UlsonTrading","https:\/\/www.linkedin.com\/company\/peterulson\/?viewAsMember=true","https:\/\/www.instagram.com\/peterulson\/"]}]}},"_links":{"self":[{"href":"https:\/\/peterulson.com\/de\/wp-json\/wp\/v2\/product\/3703","targetHints":{"allow":["GET"]}}],"collection":[{"href":"https:\/\/peterulson.com\/de\/wp-json\/wp\/v2\/product"}],"about":[{"href":"https:\/\/peterulson.com\/de\/wp-json\/wp\/v2\/types\/product"}],"wp:featuredmedia":[{"embeddable":true,"href":"https:\/\/peterulson.com\/de\/wp-json\/wp\/v2\/media\/4437"}],"wp:attachment":[{"href":"https:\/\/peterulson.com\/de\/wp-json\/wp\/v2\/media?parent=3703"}],"wp:term":[{"taxonomy":"product_brand","embeddable":true,"href":"https:\/\/peterulson.com\/de\/wp-json\/wp\/v2\/product_brand?post=3703"},{"taxonomy":"product_cat","embeddable":true,"href":"https:\/\/peterulson.com\/de\/wp-json\/wp\/v2\/product_cat?post=3703"},{"taxonomy":"product_tag","embeddable":true,"href":"https:\/\/peterulson.com\/de\/wp-json\/wp\/v2\/product_tag?post=3703"}],"curies":[{"name":"wp","href":"https:\/\/api.w.org\/{rel}","templated":true}]}}