{"id":3702,"date":"2021-05-03T23:23:07","date_gmt":"2021-05-03T23:23:07","guid":{"rendered":"https:\/\/peterulson.com\/produkt\/punching-inserts-38mm"},"modified":"2025-07-17T15:57:24","modified_gmt":"2025-07-17T15:57:24","slug":"punching-inserts-38mm","status":"publish","type":"product","link":"https:\/\/peterulson.com\/de\/produkt\/punching-inserts-38mm\/","title":{"rendered":"Stanzeins\u00e4tze f\u00fcr L\u00f6cher von 38mm"},"content":{"rendered":"<p>[vc_row][vc_column][vc_column_text]Eins\u00e4tze f\u00fcr das Stanzwerkzeug mit Lochdurchmesser von 38mm.<\/p>\n<p>Zum Wechseln der Stanzeins\u00e4tze m\u00fcssen nur 2 Sechskantmuttern am Werkzeug gel\u00f6st werden.<\/p>\n<p>Durchmesser:<\/p>\n<ul>\n<li>f\u00fcr 38mm L\u00f6cher<\/li>\n<\/ul>\n<p>Lieferumfang:<\/p>\n<ul>\n<li>1 Set Stanzeins\u00e4tze f\u00fcr L\u00f6cher von 38mm<\/li>\n<\/ul>\n<p>[\/vc_column_text][vc_btn title=&#8220;Folder ULSON Stanze + Stanzeins\u00e4tze + gr\u00fcne Clips (pdf)&#8220; align=&#8220;left&#8220; button_block=&#8220;true&#8220; link=&#8220;url:https%3A%2F%2Fpeterulson.com%2Fwp-content%2Fuploads%2F2024%2F06%2F20240521_UlsonStudPunch_comp.pdf|target:_blank&#8220;][\/vc_column][\/vc_row]<\/p>\n","protected":false},"excerpt":{"rendered":"<p>Eins\u00e4tze f\u00fcr das Stanzwerkzeug mit Lochdurchmesser 38mm.<\/p>\n<p>In Sekundenschnelle k\u00f6nnen Installateure Rohre, Kabel oder Schl\u00e4uche in perfekt dimensionierte L\u00f6cher in Profilst\u00e4nderw\u00e4nden verlegen.<\/p>\n<p>Die Montage mit dem Stanzwerkzeug bedeutet perfektes, normgerechtes Bauen bei gleichzeitiger Zeit- und Kostenersparnis.<\/p>\n<p>Die Weltneuheit f\u00fcr die Rohr- und Kabelverlegung in Trockenbauw\u00e4nden.<\/p>\n<div class=\"woocommerce-product-details__short-description\">\n<p><em>F\u00fcr Preise und Rabatte wenden Sie sich bitte an unsere <a href=\"mailto:sales@peterulson.com\">Verkaufsabteilung<\/a>.\u00a0<\/em><\/p>\n<\/div>\n","protected":false},"featured_media":3464,"template":"","meta":{"inline_featured_image":false},"product_brand":[],"product_cat":[87,85],"product_tag":[],"class_list":{"0":"post-3702","1":"product","2":"type-product","3":"status-publish","4":"has-post-thumbnail","6":"product_cat-stanzeinsaetze","7":"product_cat-stanzwerkzeug","9":"first","10":"instock","11":"featured","12":"taxable","13":"shipping-taxable","14":"product-type-simple"},"yoast_head":"<!-- This site is optimized with the Yoast SEO plugin v26.7 - https:\/\/yoast.com\/wordpress\/plugins\/seo\/ -->\n<title>Stanzeins\u00e4tze f\u00fcr L\u00f6cher von 38mm - Peter Ulson<\/title>\n<meta name=\"robots\" content=\"index, follow, max-snippet:-1, max-image-preview:large, max-video-preview:-1\" \/>\n<link rel=\"canonical\" href=\"https:\/\/peterulson.com\/de\/produkt\/punching-inserts-38mm\/\" \/>\n<meta property=\"og:locale\" content=\"de_DE\" \/>\n<meta property=\"og:type\" content=\"article\" \/>\n<meta property=\"og:title\" content=\"Stanzeins\u00e4tze f\u00fcr L\u00f6cher von 38mm - Peter Ulson\" \/>\n<meta property=\"og:description\" content=\"Eins\u00e4tze f\u00fcr das Stanzwerkzeug mit Lochdurchmesser 38mm.  In Sekundenschnelle k\u00f6nnen Installateure Rohre, Kabel oder Schl\u00e4uche in perfekt dimensionierte L\u00f6cher in Profilst\u00e4nderw\u00e4nden verlegen.  Die Montage mit dem Stanzwerkzeug bedeutet perfektes, normgerechtes Bauen bei gleichzeitiger Zeit- und Kostenersparnis.  Die Weltneuheit f\u00fcr die Rohr- und Kabelverlegung in Trockenbauw\u00e4nden.   F\u00fcr Preise und Rabatte wenden Sie sich bitte an unsere Verkaufsabteilung.\u00a0\" \/>\n<meta property=\"og:url\" content=\"https:\/\/peterulson.com\/de\/produkt\/punching-inserts-38mm\/\" \/>\n<meta property=\"og:site_name\" content=\"Peter Ulson\" \/>\n<meta property=\"article:publisher\" content=\"https:\/\/www.facebook.com\/UlsonTrading\" \/>\n<meta property=\"article:modified_time\" content=\"2025-07-17T15:57:24+00:00\" \/>\n<meta property=\"og:image\" content=\"https:\/\/peterulson.com\/wp-content\/uploads\/2021\/06\/3A5A5433.jpg\" \/>\n\t<meta property=\"og:image:width\" content=\"1500\" \/>\n\t<meta property=\"og:image:height\" content=\"2250\" \/>\n\t<meta property=\"og:image:type\" content=\"image\/jpeg\" \/>\n<meta name=\"twitter:card\" content=\"summary_large_image\" \/>\n<meta name=\"twitter:label1\" content=\"Gesch\u00e4tzte Lesezeit\" \/>\n\t<meta name=\"twitter:data1\" content=\"1\u00a0Minute\" \/>\n<script type=\"application\/ld+json\" class=\"yoast-schema-graph\">{\"@context\":\"https:\/\/schema.org\",\"@graph\":[{\"@type\":\"WebPage\",\"@id\":\"https:\/\/peterulson.com\/de\/produkt\/punching-inserts-38mm\/\",\"url\":\"https:\/\/peterulson.com\/de\/produkt\/punching-inserts-38mm\/\",\"name\":\"Stanzeins\u00e4tze f\u00fcr L\u00f6cher von 38mm - Peter Ulson\",\"isPartOf\":{\"@id\":\"https:\/\/peterulson.com\/de\/#website\"},\"primaryImageOfPage\":{\"@id\":\"https:\/\/peterulson.com\/de\/produkt\/punching-inserts-38mm\/#primaryimage\"},\"image\":{\"@id\":\"https:\/\/peterulson.com\/de\/produkt\/punching-inserts-38mm\/#primaryimage\"},\"thumbnailUrl\":\"https:\/\/peterulson.com\/wp-content\/uploads\/2021\/06\/3A5A5433.jpg\",\"datePublished\":\"2021-05-03T23:23:07+00:00\",\"dateModified\":\"2025-07-17T15:57:24+00:00\",\"breadcrumb\":{\"@id\":\"https:\/\/peterulson.com\/de\/produkt\/punching-inserts-38mm\/#breadcrumb\"},\"inLanguage\":\"de\",\"potentialAction\":[{\"@type\":\"ReadAction\",\"target\":[\"https:\/\/peterulson.com\/de\/produkt\/punching-inserts-38mm\/\"]}]},{\"@type\":\"ImageObject\",\"inLanguage\":\"de\",\"@id\":\"https:\/\/peterulson.com\/de\/produkt\/punching-inserts-38mm\/#primaryimage\",\"url\":\"https:\/\/peterulson.com\/wp-content\/uploads\/2021\/06\/3A5A5433.jpg\",\"contentUrl\":\"https:\/\/peterulson.com\/wp-content\/uploads\/2021\/06\/3A5A5433.jpg\",\"width\":1500,\"height\":2250},{\"@type\":\"BreadcrumbList\",\"@id\":\"https:\/\/peterulson.com\/de\/produkt\/punching-inserts-38mm\/#breadcrumb\",\"itemListElement\":[{\"@type\":\"ListItem\",\"position\":1,\"name\":\"Home\",\"item\":\"https:\/\/peterulson.com\/de\/\"},{\"@type\":\"ListItem\",\"position\":2,\"name\":\"Products\",\"item\":\"https:\/\/peterulson.com\/shop\/\"},{\"@type\":\"ListItem\",\"position\":3,\"name\":\"Stanzeins\u00e4tze f\u00fcr L\u00f6cher von 38mm\"}]},{\"@type\":\"WebSite\",\"@id\":\"https:\/\/peterulson.com\/de\/#website\",\"url\":\"https:\/\/peterulson.com\/de\/\",\"name\":\"www.peterulson.com\",\"description\":\"\",\"publisher\":{\"@id\":\"https:\/\/peterulson.com\/de\/#organization\"},\"potentialAction\":[{\"@type\":\"SearchAction\",\"target\":{\"@type\":\"EntryPoint\",\"urlTemplate\":\"https:\/\/peterulson.com\/de\/?s={search_term_string}\"},\"query-input\":{\"@type\":\"PropertyValueSpecification\",\"valueRequired\":true,\"valueName\":\"search_term_string\"}}],\"inLanguage\":\"de\"},{\"@type\":\"Organization\",\"@id\":\"https:\/\/peterulson.com\/de\/#organization\",\"name\":\"ULSON Components\",\"url\":\"https:\/\/peterulson.com\/de\/\",\"logo\":{\"@type\":\"ImageObject\",\"inLanguage\":\"de\",\"@id\":\"https:\/\/peterulson.com\/de\/#\/schema\/logo\/image\/\",\"url\":\"https:\/\/peterulson.com\/wp-content\/uploads\/2021\/07\/PeterUlson_Logo_Zeichenflache-1.png\",\"contentUrl\":\"https:\/\/peterulson.com\/wp-content\/uploads\/2021\/07\/PeterUlson_Logo_Zeichenflache-1.png\",\"width\":5000,\"height\":1541,\"caption\":\"ULSON Components\"},\"image\":{\"@id\":\"https:\/\/peterulson.com\/de\/#\/schema\/logo\/image\/\"},\"sameAs\":[\"https:\/\/www.facebook.com\/UlsonTrading\",\"https:\/\/www.linkedin.com\/company\/peterulson\/?viewAsMember=true\",\"https:\/\/www.instagram.com\/peterulson\/\"]}]}<\/script>\n<!-- \/ Yoast SEO plugin. -->","yoast_head_json":{"title":"Stanzeins\u00e4tze f\u00fcr L\u00f6cher von 38mm - Peter Ulson","robots":{"index":"index","follow":"follow","max-snippet":"max-snippet:-1","max-image-preview":"max-image-preview:large","max-video-preview":"max-video-preview:-1"},"canonical":"https:\/\/peterulson.com\/de\/produkt\/punching-inserts-38mm\/","og_locale":"de_DE","og_type":"article","og_title":"Stanzeins\u00e4tze f\u00fcr L\u00f6cher von 38mm - Peter Ulson","og_description":"Eins\u00e4tze f\u00fcr das Stanzwerkzeug mit Lochdurchmesser 38mm.  In Sekundenschnelle k\u00f6nnen Installateure Rohre, Kabel oder Schl\u00e4uche in perfekt dimensionierte L\u00f6cher in Profilst\u00e4nderw\u00e4nden verlegen.  Die Montage mit dem Stanzwerkzeug bedeutet perfektes, normgerechtes Bauen bei gleichzeitiger Zeit- und Kostenersparnis.  Die Weltneuheit f\u00fcr die Rohr- und Kabelverlegung in Trockenbauw\u00e4nden.   F\u00fcr Preise und Rabatte wenden Sie sich bitte an unsere Verkaufsabteilung.\u00a0","og_url":"https:\/\/peterulson.com\/de\/produkt\/punching-inserts-38mm\/","og_site_name":"Peter Ulson","article_publisher":"https:\/\/www.facebook.com\/UlsonTrading","article_modified_time":"2025-07-17T15:57:24+00:00","og_image":[{"width":1500,"height":2250,"url":"https:\/\/peterulson.com\/wp-content\/uploads\/2021\/06\/3A5A5433.jpg","type":"image\/jpeg"}],"twitter_card":"summary_large_image","twitter_misc":{"Gesch\u00e4tzte Lesezeit":"1\u00a0Minute"},"schema":{"@context":"https:\/\/schema.org","@graph":[{"@type":"WebPage","@id":"https:\/\/peterulson.com\/de\/produkt\/punching-inserts-38mm\/","url":"https:\/\/peterulson.com\/de\/produkt\/punching-inserts-38mm\/","name":"Stanzeins\u00e4tze f\u00fcr L\u00f6cher von 38mm - Peter Ulson","isPartOf":{"@id":"https:\/\/peterulson.com\/de\/#website"},"primaryImageOfPage":{"@id":"https:\/\/peterulson.com\/de\/produkt\/punching-inserts-38mm\/#primaryimage"},"image":{"@id":"https:\/\/peterulson.com\/de\/produkt\/punching-inserts-38mm\/#primaryimage"},"thumbnailUrl":"https:\/\/peterulson.com\/wp-content\/uploads\/2021\/06\/3A5A5433.jpg","datePublished":"2021-05-03T23:23:07+00:00","dateModified":"2025-07-17T15:57:24+00:00","breadcrumb":{"@id":"https:\/\/peterulson.com\/de\/produkt\/punching-inserts-38mm\/#breadcrumb"},"inLanguage":"de","potentialAction":[{"@type":"ReadAction","target":["https:\/\/peterulson.com\/de\/produkt\/punching-inserts-38mm\/"]}]},{"@type":"ImageObject","inLanguage":"de","@id":"https:\/\/peterulson.com\/de\/produkt\/punching-inserts-38mm\/#primaryimage","url":"https:\/\/peterulson.com\/wp-content\/uploads\/2021\/06\/3A5A5433.jpg","contentUrl":"https:\/\/peterulson.com\/wp-content\/uploads\/2021\/06\/3A5A5433.jpg","width":1500,"height":2250},{"@type":"BreadcrumbList","@id":"https:\/\/peterulson.com\/de\/produkt\/punching-inserts-38mm\/#breadcrumb","itemListElement":[{"@type":"ListItem","position":1,"name":"Home","item":"https:\/\/peterulson.com\/de\/"},{"@type":"ListItem","position":2,"name":"Products","item":"https:\/\/peterulson.com\/shop\/"},{"@type":"ListItem","position":3,"name":"Stanzeins\u00e4tze f\u00fcr L\u00f6cher von 38mm"}]},{"@type":"WebSite","@id":"https:\/\/peterulson.com\/de\/#website","url":"https:\/\/peterulson.com\/de\/","name":"www.peterulson.com","description":"","publisher":{"@id":"https:\/\/peterulson.com\/de\/#organization"},"potentialAction":[{"@type":"SearchAction","target":{"@type":"EntryPoint","urlTemplate":"https:\/\/peterulson.com\/de\/?s={search_term_string}"},"query-input":{"@type":"PropertyValueSpecification","valueRequired":true,"valueName":"search_term_string"}}],"inLanguage":"de"},{"@type":"Organization","@id":"https:\/\/peterulson.com\/de\/#organization","name":"ULSON Components","url":"https:\/\/peterulson.com\/de\/","logo":{"@type":"ImageObject","inLanguage":"de","@id":"https:\/\/peterulson.com\/de\/#\/schema\/logo\/image\/","url":"https:\/\/peterulson.com\/wp-content\/uploads\/2021\/07\/PeterUlson_Logo_Zeichenflache-1.png","contentUrl":"https:\/\/peterulson.com\/wp-content\/uploads\/2021\/07\/PeterUlson_Logo_Zeichenflache-1.png","width":5000,"height":1541,"caption":"ULSON Components"},"image":{"@id":"https:\/\/peterulson.com\/de\/#\/schema\/logo\/image\/"},"sameAs":["https:\/\/www.facebook.com\/UlsonTrading","https:\/\/www.linkedin.com\/company\/peterulson\/?viewAsMember=true","https:\/\/www.instagram.com\/peterulson\/"]}]}},"_links":{"self":[{"href":"https:\/\/peterulson.com\/de\/wp-json\/wp\/v2\/product\/3702","targetHints":{"allow":["GET"]}}],"collection":[{"href":"https:\/\/peterulson.com\/de\/wp-json\/wp\/v2\/product"}],"about":[{"href":"https:\/\/peterulson.com\/de\/wp-json\/wp\/v2\/types\/product"}],"wp:featuredmedia":[{"embeddable":true,"href":"https:\/\/peterulson.com\/de\/wp-json\/wp\/v2\/media\/3464"}],"wp:attachment":[{"href":"https:\/\/peterulson.com\/de\/wp-json\/wp\/v2\/media?parent=3702"}],"wp:term":[{"taxonomy":"product_brand","embeddable":true,"href":"https:\/\/peterulson.com\/de\/wp-json\/wp\/v2\/product_brand?post=3702"},{"taxonomy":"product_cat","embeddable":true,"href":"https:\/\/peterulson.com\/de\/wp-json\/wp\/v2\/product_cat?post=3702"},{"taxonomy":"product_tag","embeddable":true,"href":"https:\/\/peterulson.com\/de\/wp-json\/wp\/v2\/product_tag?post=3702"}],"curies":[{"name":"wp","href":"https:\/\/api.w.org\/{rel}","templated":true}]}}