{"id":3701,"date":"2021-05-03T23:16:18","date_gmt":"2021-05-03T23:16:18","guid":{"rendered":"https:\/\/peterulson.com\/produkt\/fastening-clips-for-58mm-125-pcs"},"modified":"2024-06-06T14:05:30","modified_gmt":"2024-06-06T14:05:30","slug":"fastening-clips-for-58mm-125-pcs","status":"publish","type":"product","link":"https:\/\/peterulson.com\/de\/produkt\/fastening-clips-for-58mm-125-pcs\/","title":{"rendered":"Befestigungsclips, Durchmesser 58mm (125 St\u00fcck)"},"content":{"rendered":"<p>[vc_row][vc_column][vc_column_text]Perfektes und normgerechtes Verlegen von Kabeln, Rohren oder Schl\u00e4uchen.<\/p>\n<p>Gr\u00fcne Befestigungsclips sch\u00fctzen Rohre und Schl\u00e4uche vor scharfen Kanten von Metallprofilen.<\/p>\n<p>Lieferumfang:<br \/>\n1 Packung enth\u00e4lt 125 Stk. Befestigungsclips.<\/p>\n<p>Durchmesser:<br \/>\npassend f\u00fcr 58mm L\u00f6cher[\/vc_column_text][vc_btn title=&#8220;Folder ULSON Stanze + Stanzeins\u00e4tze + gr\u00fcne Clips (pdf)&#8220; align=&#8220;left&#8220; button_block=&#8220;true&#8220; link=&#8220;url:https%3A%2F%2Fpeterulson.com%2Fwp-content%2Fuploads%2F2024%2F06%2F20240521_UlsonStudPunch_comp.pdf|target:_blank&#8220;][\/vc_column][\/vc_row]<\/p>\n","protected":false},"excerpt":{"rendered":"<p>Gr\u00fcne Befestigungsclips sch\u00fctzen Rohre und Kabel vor scharfen Kanten von Metallprofilen.<\/p>\n<p>In nur einem Augenblick k\u00f6nnen die strapazierbaren und langlebigen Kunststoffclips in Stanzl\u00f6cher eingedr\u00fcckt werden.<\/p>\n<p>Die Auflagefl\u00e4che der Befestigungsclips bietet eine ideal Plattform f\u00fcr die durchgef\u00fchrten Medien.<\/p>\n<p>Die Clips sind mit einem F\u00fchrungsschlitz ausgestattet, um Kabel und Rohre mit handels\u00fcblichen Kabelbindern zu befestigen.<\/p>\n<p>Die Verwendung der hochwertigen gr\u00fcnen Befestigungsclips und Kabelbinder bedeutet eine perfekte und normgerechte Ausf\u00fchrung bei gleichzeitiger Zeit- und Kostenersparnis.<\/p>\n<div class=\"woocommerce-product-details__short-description\">\n<p style=\"text-align: left;\"><em>F\u00fcr Preise und Rabatte wenden Sie sich bitte an unsere <a href=\"mailto:sales@peterulson.com\">Verkaufsabteilung<\/a>.<\/em><\/p>\n<\/div>\n","protected":false},"featured_media":3484,"template":"","meta":{"inline_featured_image":false},"product_brand":[],"product_cat":[15],"product_tag":[],"class_list":{"0":"post-3701","1":"product","2":"type-product","3":"status-publish","4":"has-post-thumbnail","6":"product_cat-befestigungsclips","8":"first","9":"instock","10":"featured","11":"taxable","12":"shipping-taxable","13":"product-type-simple"},"yoast_head":"<!-- This site is optimized with the Yoast SEO plugin v26.7 - https:\/\/yoast.com\/wordpress\/plugins\/seo\/ -->\n<title>Befestigungsclips, Durchmesser 58mm (125 St\u00fcck) - Peter Ulson<\/title>\n<meta name=\"robots\" content=\"index, follow, max-snippet:-1, max-image-preview:large, max-video-preview:-1\" \/>\n<link rel=\"canonical\" href=\"https:\/\/peterulson.com\/de\/produkt\/fastening-clips-for-58mm-125-pcs\/\" \/>\n<meta property=\"og:locale\" content=\"de_DE\" \/>\n<meta property=\"og:type\" content=\"article\" \/>\n<meta property=\"og:title\" content=\"Befestigungsclips, Durchmesser 58mm (125 St\u00fcck) - Peter Ulson\" \/>\n<meta property=\"og:description\" content=\"Gr\u00fcne Befestigungsclips sch\u00fctzen Rohre und Kabel vor scharfen Kanten von Metallprofilen.  In nur einem Augenblick k\u00f6nnen die strapazierbaren und langlebigen Kunststoffclips in Stanzl\u00f6cher eingedr\u00fcckt werden.  Die Auflagefl\u00e4che der Befestigungsclips bietet eine ideal Plattform f\u00fcr die durchgef\u00fchrten Medien.  Die Clips sind mit einem F\u00fchrungsschlitz ausgestattet, um Kabel und Rohre mit handels\u00fcblichen Kabelbindern zu befestigen.  Die Verwendung der hochwertigen gr\u00fcnen Befestigungsclips und Kabelbinder bedeutet eine perfekte und normgerechte Ausf\u00fchrung bei gleichzeitiger Zeit- und Kostenersparnis.  F\u00fcr Preise und Rabatte wenden Sie sich bitte an unsere Verkaufsabteilung.\" \/>\n<meta property=\"og:url\" content=\"https:\/\/peterulson.com\/de\/produkt\/fastening-clips-for-58mm-125-pcs\/\" \/>\n<meta property=\"og:site_name\" content=\"Peter Ulson\" \/>\n<meta property=\"article:publisher\" content=\"https:\/\/www.facebook.com\/UlsonTrading\" \/>\n<meta property=\"article:modified_time\" content=\"2024-06-06T14:05:30+00:00\" \/>\n<meta property=\"og:image\" content=\"https:\/\/peterulson.com\/wp-content\/uploads\/2021\/06\/3A5A5496.jpg\" \/>\n\t<meta property=\"og:image:width\" content=\"1500\" \/>\n\t<meta property=\"og:image:height\" content=\"2250\" \/>\n\t<meta property=\"og:image:type\" content=\"image\/jpeg\" \/>\n<meta name=\"twitter:card\" content=\"summary_large_image\" \/>\n<meta name=\"twitter:label1\" content=\"Gesch\u00e4tzte Lesezeit\" \/>\n\t<meta name=\"twitter:data1\" content=\"1\u00a0Minute\" \/>\n<script type=\"application\/ld+json\" class=\"yoast-schema-graph\">{\"@context\":\"https:\/\/schema.org\",\"@graph\":[{\"@type\":\"WebPage\",\"@id\":\"https:\/\/peterulson.com\/de\/produkt\/fastening-clips-for-58mm-125-pcs\/\",\"url\":\"https:\/\/peterulson.com\/de\/produkt\/fastening-clips-for-58mm-125-pcs\/\",\"name\":\"Befestigungsclips, Durchmesser 58mm (125 St\u00fcck) - Peter Ulson\",\"isPartOf\":{\"@id\":\"https:\/\/peterulson.com\/de\/#website\"},\"primaryImageOfPage\":{\"@id\":\"https:\/\/peterulson.com\/de\/produkt\/fastening-clips-for-58mm-125-pcs\/#primaryimage\"},\"image\":{\"@id\":\"https:\/\/peterulson.com\/de\/produkt\/fastening-clips-for-58mm-125-pcs\/#primaryimage\"},\"thumbnailUrl\":\"https:\/\/peterulson.com\/wp-content\/uploads\/2021\/06\/3A5A5496.jpg\",\"datePublished\":\"2021-05-03T23:16:18+00:00\",\"dateModified\":\"2024-06-06T14:05:30+00:00\",\"breadcrumb\":{\"@id\":\"https:\/\/peterulson.com\/de\/produkt\/fastening-clips-for-58mm-125-pcs\/#breadcrumb\"},\"inLanguage\":\"de\",\"potentialAction\":[{\"@type\":\"ReadAction\",\"target\":[\"https:\/\/peterulson.com\/de\/produkt\/fastening-clips-for-58mm-125-pcs\/\"]}]},{\"@type\":\"ImageObject\",\"inLanguage\":\"de\",\"@id\":\"https:\/\/peterulson.com\/de\/produkt\/fastening-clips-for-58mm-125-pcs\/#primaryimage\",\"url\":\"https:\/\/peterulson.com\/wp-content\/uploads\/2021\/06\/3A5A5496.jpg\",\"contentUrl\":\"https:\/\/peterulson.com\/wp-content\/uploads\/2021\/06\/3A5A5496.jpg\",\"width\":1500,\"height\":2250},{\"@type\":\"BreadcrumbList\",\"@id\":\"https:\/\/peterulson.com\/de\/produkt\/fastening-clips-for-58mm-125-pcs\/#breadcrumb\",\"itemListElement\":[{\"@type\":\"ListItem\",\"position\":1,\"name\":\"Home\",\"item\":\"https:\/\/peterulson.com\/de\/\"},{\"@type\":\"ListItem\",\"position\":2,\"name\":\"Products\",\"item\":\"https:\/\/peterulson.com\/shop\/\"},{\"@type\":\"ListItem\",\"position\":3,\"name\":\"Befestigungsclips, Durchmesser 58mm (125 St\u00fcck)\"}]},{\"@type\":\"WebSite\",\"@id\":\"https:\/\/peterulson.com\/de\/#website\",\"url\":\"https:\/\/peterulson.com\/de\/\",\"name\":\"www.peterulson.com\",\"description\":\"\",\"publisher\":{\"@id\":\"https:\/\/peterulson.com\/de\/#organization\"},\"potentialAction\":[{\"@type\":\"SearchAction\",\"target\":{\"@type\":\"EntryPoint\",\"urlTemplate\":\"https:\/\/peterulson.com\/de\/?s={search_term_string}\"},\"query-input\":{\"@type\":\"PropertyValueSpecification\",\"valueRequired\":true,\"valueName\":\"search_term_string\"}}],\"inLanguage\":\"de\"},{\"@type\":\"Organization\",\"@id\":\"https:\/\/peterulson.com\/de\/#organization\",\"name\":\"ULSON Components\",\"url\":\"https:\/\/peterulson.com\/de\/\",\"logo\":{\"@type\":\"ImageObject\",\"inLanguage\":\"de\",\"@id\":\"https:\/\/peterulson.com\/de\/#\/schema\/logo\/image\/\",\"url\":\"https:\/\/peterulson.com\/wp-content\/uploads\/2021\/07\/PeterUlson_Logo_Zeichenflache-1.png\",\"contentUrl\":\"https:\/\/peterulson.com\/wp-content\/uploads\/2021\/07\/PeterUlson_Logo_Zeichenflache-1.png\",\"width\":5000,\"height\":1541,\"caption\":\"ULSON Components\"},\"image\":{\"@id\":\"https:\/\/peterulson.com\/de\/#\/schema\/logo\/image\/\"},\"sameAs\":[\"https:\/\/www.facebook.com\/UlsonTrading\",\"https:\/\/www.linkedin.com\/company\/peterulson\/?viewAsMember=true\",\"https:\/\/www.instagram.com\/peterulson\/\"]}]}<\/script>\n<!-- \/ Yoast SEO plugin. -->","yoast_head_json":{"title":"Befestigungsclips, Durchmesser 58mm (125 St\u00fcck) - Peter Ulson","robots":{"index":"index","follow":"follow","max-snippet":"max-snippet:-1","max-image-preview":"max-image-preview:large","max-video-preview":"max-video-preview:-1"},"canonical":"https:\/\/peterulson.com\/de\/produkt\/fastening-clips-for-58mm-125-pcs\/","og_locale":"de_DE","og_type":"article","og_title":"Befestigungsclips, Durchmesser 58mm (125 St\u00fcck) - Peter Ulson","og_description":"Gr\u00fcne Befestigungsclips sch\u00fctzen Rohre und Kabel vor scharfen Kanten von Metallprofilen.  In nur einem Augenblick k\u00f6nnen die strapazierbaren und langlebigen Kunststoffclips in Stanzl\u00f6cher eingedr\u00fcckt werden.  Die Auflagefl\u00e4che der Befestigungsclips bietet eine ideal Plattform f\u00fcr die durchgef\u00fchrten Medien.  Die Clips sind mit einem F\u00fchrungsschlitz ausgestattet, um Kabel und Rohre mit handels\u00fcblichen Kabelbindern zu befestigen.  Die Verwendung der hochwertigen gr\u00fcnen Befestigungsclips und Kabelbinder bedeutet eine perfekte und normgerechte Ausf\u00fchrung bei gleichzeitiger Zeit- und Kostenersparnis.  F\u00fcr Preise und Rabatte wenden Sie sich bitte an unsere Verkaufsabteilung.","og_url":"https:\/\/peterulson.com\/de\/produkt\/fastening-clips-for-58mm-125-pcs\/","og_site_name":"Peter Ulson","article_publisher":"https:\/\/www.facebook.com\/UlsonTrading","article_modified_time":"2024-06-06T14:05:30+00:00","og_image":[{"width":1500,"height":2250,"url":"https:\/\/peterulson.com\/wp-content\/uploads\/2021\/06\/3A5A5496.jpg","type":"image\/jpeg"}],"twitter_card":"summary_large_image","twitter_misc":{"Gesch\u00e4tzte Lesezeit":"1\u00a0Minute"},"schema":{"@context":"https:\/\/schema.org","@graph":[{"@type":"WebPage","@id":"https:\/\/peterulson.com\/de\/produkt\/fastening-clips-for-58mm-125-pcs\/","url":"https:\/\/peterulson.com\/de\/produkt\/fastening-clips-for-58mm-125-pcs\/","name":"Befestigungsclips, Durchmesser 58mm (125 St\u00fcck) - Peter Ulson","isPartOf":{"@id":"https:\/\/peterulson.com\/de\/#website"},"primaryImageOfPage":{"@id":"https:\/\/peterulson.com\/de\/produkt\/fastening-clips-for-58mm-125-pcs\/#primaryimage"},"image":{"@id":"https:\/\/peterulson.com\/de\/produkt\/fastening-clips-for-58mm-125-pcs\/#primaryimage"},"thumbnailUrl":"https:\/\/peterulson.com\/wp-content\/uploads\/2021\/06\/3A5A5496.jpg","datePublished":"2021-05-03T23:16:18+00:00","dateModified":"2024-06-06T14:05:30+00:00","breadcrumb":{"@id":"https:\/\/peterulson.com\/de\/produkt\/fastening-clips-for-58mm-125-pcs\/#breadcrumb"},"inLanguage":"de","potentialAction":[{"@type":"ReadAction","target":["https:\/\/peterulson.com\/de\/produkt\/fastening-clips-for-58mm-125-pcs\/"]}]},{"@type":"ImageObject","inLanguage":"de","@id":"https:\/\/peterulson.com\/de\/produkt\/fastening-clips-for-58mm-125-pcs\/#primaryimage","url":"https:\/\/peterulson.com\/wp-content\/uploads\/2021\/06\/3A5A5496.jpg","contentUrl":"https:\/\/peterulson.com\/wp-content\/uploads\/2021\/06\/3A5A5496.jpg","width":1500,"height":2250},{"@type":"BreadcrumbList","@id":"https:\/\/peterulson.com\/de\/produkt\/fastening-clips-for-58mm-125-pcs\/#breadcrumb","itemListElement":[{"@type":"ListItem","position":1,"name":"Home","item":"https:\/\/peterulson.com\/de\/"},{"@type":"ListItem","position":2,"name":"Products","item":"https:\/\/peterulson.com\/shop\/"},{"@type":"ListItem","position":3,"name":"Befestigungsclips, Durchmesser 58mm (125 St\u00fcck)"}]},{"@type":"WebSite","@id":"https:\/\/peterulson.com\/de\/#website","url":"https:\/\/peterulson.com\/de\/","name":"www.peterulson.com","description":"","publisher":{"@id":"https:\/\/peterulson.com\/de\/#organization"},"potentialAction":[{"@type":"SearchAction","target":{"@type":"EntryPoint","urlTemplate":"https:\/\/peterulson.com\/de\/?s={search_term_string}"},"query-input":{"@type":"PropertyValueSpecification","valueRequired":true,"valueName":"search_term_string"}}],"inLanguage":"de"},{"@type":"Organization","@id":"https:\/\/peterulson.com\/de\/#organization","name":"ULSON Components","url":"https:\/\/peterulson.com\/de\/","logo":{"@type":"ImageObject","inLanguage":"de","@id":"https:\/\/peterulson.com\/de\/#\/schema\/logo\/image\/","url":"https:\/\/peterulson.com\/wp-content\/uploads\/2021\/07\/PeterUlson_Logo_Zeichenflache-1.png","contentUrl":"https:\/\/peterulson.com\/wp-content\/uploads\/2021\/07\/PeterUlson_Logo_Zeichenflache-1.png","width":5000,"height":1541,"caption":"ULSON Components"},"image":{"@id":"https:\/\/peterulson.com\/de\/#\/schema\/logo\/image\/"},"sameAs":["https:\/\/www.facebook.com\/UlsonTrading","https:\/\/www.linkedin.com\/company\/peterulson\/?viewAsMember=true","https:\/\/www.instagram.com\/peterulson\/"]}]}},"_links":{"self":[{"href":"https:\/\/peterulson.com\/de\/wp-json\/wp\/v2\/product\/3701","targetHints":{"allow":["GET"]}}],"collection":[{"href":"https:\/\/peterulson.com\/de\/wp-json\/wp\/v2\/product"}],"about":[{"href":"https:\/\/peterulson.com\/de\/wp-json\/wp\/v2\/types\/product"}],"wp:featuredmedia":[{"embeddable":true,"href":"https:\/\/peterulson.com\/de\/wp-json\/wp\/v2\/media\/3484"}],"wp:attachment":[{"href":"https:\/\/peterulson.com\/de\/wp-json\/wp\/v2\/media?parent=3701"}],"wp:term":[{"taxonomy":"product_brand","embeddable":true,"href":"https:\/\/peterulson.com\/de\/wp-json\/wp\/v2\/product_brand?post=3701"},{"taxonomy":"product_cat","embeddable":true,"href":"https:\/\/peterulson.com\/de\/wp-json\/wp\/v2\/product_cat?post=3701"},{"taxonomy":"product_tag","embeddable":true,"href":"https:\/\/peterulson.com\/de\/wp-json\/wp\/v2\/product_tag?post=3701"}],"curies":[{"name":"wp","href":"https:\/\/api.w.org\/{rel}","templated":true}]}}