{"id":3698,"date":"2021-05-03T23:06:41","date_gmt":"2021-05-03T23:06:41","guid":{"rendered":"https:\/\/peterulson.com\/produkt\/pipe-fastening"},"modified":"2024-06-06T13:57:53","modified_gmt":"2024-06-06T13:57:53","slug":"pipe-fastening","status":"publish","type":"product","link":"https:\/\/peterulson.com\/de\/produkt\/pipe-fastening\/","title":{"rendered":"Rohrbefestigung (11 Stk.)"},"content":{"rendered":"<p>[vc_row][vc_column][vc_column_text]Zur schnellen, direkten Befestigung von Warm- und Kaltwasserleitungen, Schl\u00e4uchen und Kabeln an W\u00e4nden und B\u00f6den. Einfach in der Anwendung, effizient im Ergebnis.<\/p>\n<p>Befestigung auf:<br \/>\nRohbeton, Estrich, Asphalt, Fliesen, Holz, Glas, Aluminium, Stahl und Kunststoff.<\/p>\n<p>Temperaturbereich:<br \/>\n-40 bis +80\u00b0C (nicht UV-best\u00e4ndig)<\/p>\n<p>Abmessungen:<br \/>\n54,5 x 20,0 x 5,0 cm (11 St\u00fccke zu je 4,5 x 20,0 x 5,0 cm)<\/p>\n<p>Abbrechen, Folie abziehen, andr\u00fccken und fertig!<\/p>\n<p>Lieferung als Verpackungseinheit:<\/p>\n<ul>\n<li>Ein Block Rohrbefestigungen besteht aus 11 einzelnen Befestigungselementen, die St\u00fcck f\u00fcr St\u00fcck abgebrochen werden k\u00f6nnen.<\/li>\n<\/ul>\n<p>[\/vc_column_text][vc_btn title=&#8220;Folder Rohrbefestigung (pdf)&#8220; align=&#8220;left&#8220; button_block=&#8220;true&#8220; link=&#8220;url:https%3A%2F%2Fpeterulson.com%2Fwp-content%2Fuploads%2F2024%2F06%2F20240521_Folder_PipeFastening_comp.pdf|target:_blank&#8220;][\/vc_column][\/vc_row]<\/p>\n","protected":false},"excerpt":{"rendered":"<p>Werkzeugfreie, selbstklebende Rohrbefestigung f\u00fcr je zwei durchisolierte 16 und 20 mm Rohre. Keine Bodenabdichtungsdurchdringung, schallentkoppelt, w\u00e4rmed\u00e4mmend, teilbar f\u00fcr gr\u00f6\u00dfere Rohrabst\u00e4nde. Einsetzbar am Boden und an der Wand.<\/p>\n<p><strong>Der Preis bezieht sich auf 11 St\u00fcck Rohrbefestigungen in einem Block (siehe Bild unten). Einzelne Befestigungselemente k\u00f6nnen st\u00fcckweise abgebrochen werden.<\/strong><\/p>\n<div class=\"woocommerce-product-details__short-description\">\n<p><em>F\u00fcr Preise und Rabatte wenden Sie sich bitte an unsere <a href=\"mailto:sales@peterulson.com\">Verkaufsabteilung<\/a>.\u00a0<\/em><\/p>\n<\/div>\n<form class=\"cart\" action=\"https:\/\/peterulson.com\/de\/produkt\/multibox-siphon-bend\" enctype=\"multipart\/form-data\" method=\"post\">\n<div class=\"quantity default\"><\/div>\n<\/form>\n","protected":false},"featured_media":3334,"template":"","meta":{"inline_featured_image":false},"product_brand":[],"product_cat":[88],"product_tag":[],"class_list":{"0":"post-3698","1":"product","2":"type-product","3":"status-publish","4":"has-post-thumbnail","6":"product_cat-installationsboxen","8":"first","9":"instock","10":"featured","11":"taxable","12":"shipping-taxable","13":"product-type-simple"},"yoast_head":"<!-- This site is optimized with the Yoast SEO plugin v26.7 - https:\/\/yoast.com\/wordpress\/plugins\/seo\/ -->\n<title>Rohrbefestigung (11 Stk.) - Peter Ulson<\/title>\n<meta name=\"robots\" content=\"index, follow, max-snippet:-1, max-image-preview:large, max-video-preview:-1\" \/>\n<link rel=\"canonical\" href=\"https:\/\/peterulson.com\/de\/produkt\/pipe-fastening\/\" \/>\n<meta property=\"og:locale\" content=\"de_DE\" \/>\n<meta property=\"og:type\" content=\"article\" \/>\n<meta property=\"og:title\" content=\"Rohrbefestigung (11 Stk.) - Peter Ulson\" \/>\n<meta property=\"og:description\" content=\"Werkzeugfreie, selbstklebende Rohrbefestigung f\u00fcr je zwei durchisolierte 16 und 20 mm Rohre. Keine Bodenabdichtungsdurchdringung, schallentkoppelt, w\u00e4rmed\u00e4mmend, teilbar f\u00fcr gr\u00f6\u00dfere Rohrabst\u00e4nde. Einsetzbar am Boden und an der Wand.  Der Preis bezieht sich auf 11 St\u00fcck Rohrbefestigungen in einem Block (siehe Bild unten). Einzelne Befestigungselemente k\u00f6nnen st\u00fcckweise abgebrochen werden.   F\u00fcr Preise und Rabatte wenden Sie sich bitte an unsere Verkaufsabteilung.\u00a0\" \/>\n<meta property=\"og:url\" content=\"https:\/\/peterulson.com\/de\/produkt\/pipe-fastening\/\" \/>\n<meta property=\"og:site_name\" content=\"Peter Ulson\" \/>\n<meta property=\"article:publisher\" content=\"https:\/\/www.facebook.com\/UlsonTrading\" \/>\n<meta property=\"article:modified_time\" content=\"2024-06-06T13:57:53+00:00\" \/>\n<meta property=\"og:image\" content=\"https:\/\/peterulson.com\/wp-content\/uploads\/2021\/05\/Bildschirmfoto-2021-05-04-um-01.04.34.png\" \/>\n\t<meta property=\"og:image:width\" content=\"392\" \/>\n\t<meta property=\"og:image:height\" content=\"366\" \/>\n\t<meta property=\"og:image:type\" content=\"image\/png\" \/>\n<meta name=\"twitter:card\" content=\"summary_large_image\" \/>\n<meta name=\"twitter:label1\" content=\"Gesch\u00e4tzte Lesezeit\" \/>\n\t<meta name=\"twitter:data1\" content=\"1\u00a0Minute\" \/>\n<script type=\"application\/ld+json\" class=\"yoast-schema-graph\">{\"@context\":\"https:\/\/schema.org\",\"@graph\":[{\"@type\":\"WebPage\",\"@id\":\"https:\/\/peterulson.com\/de\/produkt\/pipe-fastening\/\",\"url\":\"https:\/\/peterulson.com\/de\/produkt\/pipe-fastening\/\",\"name\":\"Rohrbefestigung (11 Stk.) - Peter Ulson\",\"isPartOf\":{\"@id\":\"https:\/\/peterulson.com\/de\/#website\"},\"primaryImageOfPage\":{\"@id\":\"https:\/\/peterulson.com\/de\/produkt\/pipe-fastening\/#primaryimage\"},\"image\":{\"@id\":\"https:\/\/peterulson.com\/de\/produkt\/pipe-fastening\/#primaryimage\"},\"thumbnailUrl\":\"https:\/\/peterulson.com\/wp-content\/uploads\/2021\/05\/Bildschirmfoto-2021-05-04-um-01.04.34.png\",\"datePublished\":\"2021-05-03T23:06:41+00:00\",\"dateModified\":\"2024-06-06T13:57:53+00:00\",\"breadcrumb\":{\"@id\":\"https:\/\/peterulson.com\/de\/produkt\/pipe-fastening\/#breadcrumb\"},\"inLanguage\":\"de\",\"potentialAction\":[{\"@type\":\"ReadAction\",\"target\":[\"https:\/\/peterulson.com\/de\/produkt\/pipe-fastening\/\"]}]},{\"@type\":\"ImageObject\",\"inLanguage\":\"de\",\"@id\":\"https:\/\/peterulson.com\/de\/produkt\/pipe-fastening\/#primaryimage\",\"url\":\"https:\/\/peterulson.com\/wp-content\/uploads\/2021\/05\/Bildschirmfoto-2021-05-04-um-01.04.34.png\",\"contentUrl\":\"https:\/\/peterulson.com\/wp-content\/uploads\/2021\/05\/Bildschirmfoto-2021-05-04-um-01.04.34.png\",\"width\":392,\"height\":366},{\"@type\":\"BreadcrumbList\",\"@id\":\"https:\/\/peterulson.com\/de\/produkt\/pipe-fastening\/#breadcrumb\",\"itemListElement\":[{\"@type\":\"ListItem\",\"position\":1,\"name\":\"Home\",\"item\":\"https:\/\/peterulson.com\/de\/\"},{\"@type\":\"ListItem\",\"position\":2,\"name\":\"Products\",\"item\":\"https:\/\/peterulson.com\/shop\/\"},{\"@type\":\"ListItem\",\"position\":3,\"name\":\"Rohrbefestigung (11 Stk.)\"}]},{\"@type\":\"WebSite\",\"@id\":\"https:\/\/peterulson.com\/de\/#website\",\"url\":\"https:\/\/peterulson.com\/de\/\",\"name\":\"www.peterulson.com\",\"description\":\"\",\"publisher\":{\"@id\":\"https:\/\/peterulson.com\/de\/#organization\"},\"potentialAction\":[{\"@type\":\"SearchAction\",\"target\":{\"@type\":\"EntryPoint\",\"urlTemplate\":\"https:\/\/peterulson.com\/de\/?s={search_term_string}\"},\"query-input\":{\"@type\":\"PropertyValueSpecification\",\"valueRequired\":true,\"valueName\":\"search_term_string\"}}],\"inLanguage\":\"de\"},{\"@type\":\"Organization\",\"@id\":\"https:\/\/peterulson.com\/de\/#organization\",\"name\":\"ULSON Components\",\"url\":\"https:\/\/peterulson.com\/de\/\",\"logo\":{\"@type\":\"ImageObject\",\"inLanguage\":\"de\",\"@id\":\"https:\/\/peterulson.com\/de\/#\/schema\/logo\/image\/\",\"url\":\"https:\/\/peterulson.com\/wp-content\/uploads\/2021\/07\/PeterUlson_Logo_Zeichenflache-1.png\",\"contentUrl\":\"https:\/\/peterulson.com\/wp-content\/uploads\/2021\/07\/PeterUlson_Logo_Zeichenflache-1.png\",\"width\":5000,\"height\":1541,\"caption\":\"ULSON Components\"},\"image\":{\"@id\":\"https:\/\/peterulson.com\/de\/#\/schema\/logo\/image\/\"},\"sameAs\":[\"https:\/\/www.facebook.com\/UlsonTrading\",\"https:\/\/www.linkedin.com\/company\/peterulson\/?viewAsMember=true\",\"https:\/\/www.instagram.com\/peterulson\/\"]}]}<\/script>\n<!-- \/ Yoast SEO plugin. -->","yoast_head_json":{"title":"Rohrbefestigung (11 Stk.) - Peter Ulson","robots":{"index":"index","follow":"follow","max-snippet":"max-snippet:-1","max-image-preview":"max-image-preview:large","max-video-preview":"max-video-preview:-1"},"canonical":"https:\/\/peterulson.com\/de\/produkt\/pipe-fastening\/","og_locale":"de_DE","og_type":"article","og_title":"Rohrbefestigung (11 Stk.) - Peter Ulson","og_description":"Werkzeugfreie, selbstklebende Rohrbefestigung f\u00fcr je zwei durchisolierte 16 und 20 mm Rohre. Keine Bodenabdichtungsdurchdringung, schallentkoppelt, w\u00e4rmed\u00e4mmend, teilbar f\u00fcr gr\u00f6\u00dfere Rohrabst\u00e4nde. Einsetzbar am Boden und an der Wand.  Der Preis bezieht sich auf 11 St\u00fcck Rohrbefestigungen in einem Block (siehe Bild unten). Einzelne Befestigungselemente k\u00f6nnen st\u00fcckweise abgebrochen werden.   F\u00fcr Preise und Rabatte wenden Sie sich bitte an unsere Verkaufsabteilung.\u00a0","og_url":"https:\/\/peterulson.com\/de\/produkt\/pipe-fastening\/","og_site_name":"Peter Ulson","article_publisher":"https:\/\/www.facebook.com\/UlsonTrading","article_modified_time":"2024-06-06T13:57:53+00:00","og_image":[{"width":392,"height":366,"url":"https:\/\/peterulson.com\/wp-content\/uploads\/2021\/05\/Bildschirmfoto-2021-05-04-um-01.04.34.png","type":"image\/png"}],"twitter_card":"summary_large_image","twitter_misc":{"Gesch\u00e4tzte Lesezeit":"1\u00a0Minute"},"schema":{"@context":"https:\/\/schema.org","@graph":[{"@type":"WebPage","@id":"https:\/\/peterulson.com\/de\/produkt\/pipe-fastening\/","url":"https:\/\/peterulson.com\/de\/produkt\/pipe-fastening\/","name":"Rohrbefestigung (11 Stk.) - Peter Ulson","isPartOf":{"@id":"https:\/\/peterulson.com\/de\/#website"},"primaryImageOfPage":{"@id":"https:\/\/peterulson.com\/de\/produkt\/pipe-fastening\/#primaryimage"},"image":{"@id":"https:\/\/peterulson.com\/de\/produkt\/pipe-fastening\/#primaryimage"},"thumbnailUrl":"https:\/\/peterulson.com\/wp-content\/uploads\/2021\/05\/Bildschirmfoto-2021-05-04-um-01.04.34.png","datePublished":"2021-05-03T23:06:41+00:00","dateModified":"2024-06-06T13:57:53+00:00","breadcrumb":{"@id":"https:\/\/peterulson.com\/de\/produkt\/pipe-fastening\/#breadcrumb"},"inLanguage":"de","potentialAction":[{"@type":"ReadAction","target":["https:\/\/peterulson.com\/de\/produkt\/pipe-fastening\/"]}]},{"@type":"ImageObject","inLanguage":"de","@id":"https:\/\/peterulson.com\/de\/produkt\/pipe-fastening\/#primaryimage","url":"https:\/\/peterulson.com\/wp-content\/uploads\/2021\/05\/Bildschirmfoto-2021-05-04-um-01.04.34.png","contentUrl":"https:\/\/peterulson.com\/wp-content\/uploads\/2021\/05\/Bildschirmfoto-2021-05-04-um-01.04.34.png","width":392,"height":366},{"@type":"BreadcrumbList","@id":"https:\/\/peterulson.com\/de\/produkt\/pipe-fastening\/#breadcrumb","itemListElement":[{"@type":"ListItem","position":1,"name":"Home","item":"https:\/\/peterulson.com\/de\/"},{"@type":"ListItem","position":2,"name":"Products","item":"https:\/\/peterulson.com\/shop\/"},{"@type":"ListItem","position":3,"name":"Rohrbefestigung (11 Stk.)"}]},{"@type":"WebSite","@id":"https:\/\/peterulson.com\/de\/#website","url":"https:\/\/peterulson.com\/de\/","name":"www.peterulson.com","description":"","publisher":{"@id":"https:\/\/peterulson.com\/de\/#organization"},"potentialAction":[{"@type":"SearchAction","target":{"@type":"EntryPoint","urlTemplate":"https:\/\/peterulson.com\/de\/?s={search_term_string}"},"query-input":{"@type":"PropertyValueSpecification","valueRequired":true,"valueName":"search_term_string"}}],"inLanguage":"de"},{"@type":"Organization","@id":"https:\/\/peterulson.com\/de\/#organization","name":"ULSON Components","url":"https:\/\/peterulson.com\/de\/","logo":{"@type":"ImageObject","inLanguage":"de","@id":"https:\/\/peterulson.com\/de\/#\/schema\/logo\/image\/","url":"https:\/\/peterulson.com\/wp-content\/uploads\/2021\/07\/PeterUlson_Logo_Zeichenflache-1.png","contentUrl":"https:\/\/peterulson.com\/wp-content\/uploads\/2021\/07\/PeterUlson_Logo_Zeichenflache-1.png","width":5000,"height":1541,"caption":"ULSON Components"},"image":{"@id":"https:\/\/peterulson.com\/de\/#\/schema\/logo\/image\/"},"sameAs":["https:\/\/www.facebook.com\/UlsonTrading","https:\/\/www.linkedin.com\/company\/peterulson\/?viewAsMember=true","https:\/\/www.instagram.com\/peterulson\/"]}]}},"_links":{"self":[{"href":"https:\/\/peterulson.com\/de\/wp-json\/wp\/v2\/product\/3698","targetHints":{"allow":["GET"]}}],"collection":[{"href":"https:\/\/peterulson.com\/de\/wp-json\/wp\/v2\/product"}],"about":[{"href":"https:\/\/peterulson.com\/de\/wp-json\/wp\/v2\/types\/product"}],"wp:featuredmedia":[{"embeddable":true,"href":"https:\/\/peterulson.com\/de\/wp-json\/wp\/v2\/media\/3334"}],"wp:attachment":[{"href":"https:\/\/peterulson.com\/de\/wp-json\/wp\/v2\/media?parent=3698"}],"wp:term":[{"taxonomy":"product_brand","embeddable":true,"href":"https:\/\/peterulson.com\/de\/wp-json\/wp\/v2\/product_brand?post=3698"},{"taxonomy":"product_cat","embeddable":true,"href":"https:\/\/peterulson.com\/de\/wp-json\/wp\/v2\/product_cat?post=3698"},{"taxonomy":"product_tag","embeddable":true,"href":"https:\/\/peterulson.com\/de\/wp-json\/wp\/v2\/product_tag?post=3698"}],"curies":[{"name":"wp","href":"https:\/\/api.w.org\/{rel}","templated":true}]}}