{"id":3697,"date":"2021-05-03T23:01:58","date_gmt":"2021-05-03T23:01:58","guid":{"rendered":"https:\/\/peterulson.com\/produkt\/multibox-240-mm-washbasin-attachment"},"modified":"2024-06-06T13:44:43","modified_gmt":"2024-06-06T13:44:43","slug":"multibox-240-mm-washbasin-attachment","status":"publish","type":"product","link":"https:\/\/peterulson.com\/de\/produkt\/multibox-240-mm-washbasin-attachment\/","title":{"rendered":"Installationsbox MB Waschtischbefestigung"},"content":{"rendered":"<p>[vc_row][vc_column][vc_column_text]Waschtischhalterung 240 mm f\u00fcr Multibox.<\/p>\n<p>Perfekte Qualit\u00e4t, hohe Sicherheit, schnelle Montage und einfache Handhabung.<\/p>\n<p>Die Multibox kann durch Eindr\u00fccken der H-L\u00f6cher in der H\u00f6he fixiert werden.<\/p>\n<p>Geliefert mit<br \/>\n<strong>Einzelteilen<\/strong><\/p>\n<p>Ausf\u00fchrung<br \/>\n<strong>verzinkter Stahl<\/strong>[\/vc_column_text][vc_btn title=&#8220;Folder Multibox (pdf)&#8220; align=&#8220;left&#8220; button_block=&#8220;true&#8220; link=&#8220;url:https%3A%2F%2Fpeterulson.com%2Fwp-content%2Fuploads%2F2024%2F06%2F20240521_Folder_Multibox_comp.pdf|target:_blank&#8220;][\/vc_column][\/vc_row]<\/p>\n","protected":false},"excerpt":{"rendered":"<p>Waschtisch-Ger\u00e4tebefestigung f\u00fcr CW-Trockenbauprofile mit Erweiterung zur Montagebefestigung einer Multibox inkl. aller notwendiger Schrauben und Befestigungsmaterialien.<\/p>\n<p>(Lieferung erfolgt ohne Installationsbox.)<\/p>\n<div class=\"woocommerce-product-details__short-description\">\n<p><em>F\u00fcr Preise und Rabatte wenden Sie sich bitte an unsere <a href=\"mailto:sales@peterulson.com\">Verkaufsabteilung<\/a>.\u00a0<\/em><\/p>\n<\/div>\n<form class=\"cart\" action=\"https:\/\/peterulson.com\/de\/produkt\/multibox-siphon-bend\" enctype=\"multipart\/form-data\" method=\"post\">\n<div class=\"quantity default\"><\/div>\n<\/form>\n","protected":false},"featured_media":3440,"template":"","meta":{"inline_featured_image":false},"product_brand":[],"product_cat":[88],"product_tag":[],"class_list":{"0":"post-3697","1":"product","2":"type-product","3":"status-publish","4":"has-post-thumbnail","6":"product_cat-installationsboxen","8":"first","9":"instock","10":"featured","11":"taxable","12":"shipping-taxable","13":"product-type-simple"},"yoast_head":"<!-- This site is optimized with the Yoast SEO plugin v27.4 - https:\/\/yoast.com\/product\/yoast-seo-wordpress\/ -->\n<title>Installationsbox MB Waschtischbefestigung - Peter Ulson<\/title>\n<meta name=\"robots\" content=\"index, follow, max-snippet:-1, max-image-preview:large, max-video-preview:-1\" \/>\n<link rel=\"canonical\" href=\"https:\/\/peterulson.com\/de\/produkt\/multibox-240-mm-washbasin-attachment\/\" \/>\n<meta property=\"og:locale\" content=\"de_DE\" \/>\n<meta property=\"og:type\" content=\"article\" \/>\n<meta property=\"og:title\" content=\"Installationsbox MB Waschtischbefestigung - Peter Ulson\" \/>\n<meta property=\"og:description\" content=\"Waschtisch-Ger\u00e4tebefestigung f\u00fcr CW-Trockenbauprofile mit Erweiterung zur Montagebefestigung einer Multibox inkl. aller notwendiger Schrauben und Befestigungsmaterialien.  (Lieferung erfolgt ohne Installationsbox.)   F\u00fcr Preise und Rabatte wenden Sie sich bitte an unsere Verkaufsabteilung.\u00a0\" \/>\n<meta property=\"og:url\" content=\"https:\/\/peterulson.com\/de\/produkt\/multibox-240-mm-washbasin-attachment\/\" \/>\n<meta property=\"og:site_name\" content=\"Peter Ulson\" \/>\n<meta property=\"article:publisher\" content=\"https:\/\/www.facebook.com\/UlsonTrading\" \/>\n<meta property=\"article:modified_time\" content=\"2024-06-06T13:44:43+00:00\" \/>\n<meta property=\"og:image\" content=\"https:\/\/peterulson.com\/wp-content\/uploads\/2021\/05\/Bildschirmfoto-2021-06-15-um-11.52.37.png\" \/>\n\t<meta property=\"og:image:width\" content=\"442\" \/>\n\t<meta property=\"og:image:height\" content=\"560\" \/>\n\t<meta property=\"og:image:type\" content=\"image\/png\" \/>\n<meta name=\"twitter:card\" content=\"summary_large_image\" \/>\n<meta name=\"twitter:label1\" content=\"Gesch\u00e4tzte Lesezeit\" \/>\n\t<meta name=\"twitter:data1\" content=\"1\u00a0Minute\" \/>\n<script type=\"application\/ld+json\" class=\"yoast-schema-graph\">{\"@context\":\"https:\\\/\\\/schema.org\",\"@graph\":[{\"@type\":\"WebPage\",\"@id\":\"https:\\\/\\\/peterulson.com\\\/de\\\/produkt\\\/multibox-240-mm-washbasin-attachment\\\/\",\"url\":\"https:\\\/\\\/peterulson.com\\\/de\\\/produkt\\\/multibox-240-mm-washbasin-attachment\\\/\",\"name\":\"Installationsbox MB Waschtischbefestigung - Peter Ulson\",\"isPartOf\":{\"@id\":\"https:\\\/\\\/peterulson.com\\\/de\\\/#website\"},\"primaryImageOfPage\":{\"@id\":\"https:\\\/\\\/peterulson.com\\\/de\\\/produkt\\\/multibox-240-mm-washbasin-attachment\\\/#primaryimage\"},\"image\":{\"@id\":\"https:\\\/\\\/peterulson.com\\\/de\\\/produkt\\\/multibox-240-mm-washbasin-attachment\\\/#primaryimage\"},\"thumbnailUrl\":\"https:\\\/\\\/peterulson.com\\\/wp-content\\\/uploads\\\/2021\\\/05\\\/Bildschirmfoto-2021-06-15-um-11.52.37.png\",\"datePublished\":\"2021-05-03T23:01:58+00:00\",\"dateModified\":\"2024-06-06T13:44:43+00:00\",\"breadcrumb\":{\"@id\":\"https:\\\/\\\/peterulson.com\\\/de\\\/produkt\\\/multibox-240-mm-washbasin-attachment\\\/#breadcrumb\"},\"inLanguage\":\"de\",\"potentialAction\":[{\"@type\":\"ReadAction\",\"target\":[\"https:\\\/\\\/peterulson.com\\\/de\\\/produkt\\\/multibox-240-mm-washbasin-attachment\\\/\"]}]},{\"@type\":\"ImageObject\",\"inLanguage\":\"de\",\"@id\":\"https:\\\/\\\/peterulson.com\\\/de\\\/produkt\\\/multibox-240-mm-washbasin-attachment\\\/#primaryimage\",\"url\":\"https:\\\/\\\/peterulson.com\\\/wp-content\\\/uploads\\\/2021\\\/05\\\/Bildschirmfoto-2021-06-15-um-11.52.37.png\",\"contentUrl\":\"https:\\\/\\\/peterulson.com\\\/wp-content\\\/uploads\\\/2021\\\/05\\\/Bildschirmfoto-2021-06-15-um-11.52.37.png\",\"width\":442,\"height\":560},{\"@type\":\"BreadcrumbList\",\"@id\":\"https:\\\/\\\/peterulson.com\\\/de\\\/produkt\\\/multibox-240-mm-washbasin-attachment\\\/#breadcrumb\",\"itemListElement\":[{\"@type\":\"ListItem\",\"position\":1,\"name\":\"Home\",\"item\":\"https:\\\/\\\/peterulson.com\\\/de\\\/\"},{\"@type\":\"ListItem\",\"position\":2,\"name\":\"Products\",\"item\":\"https:\\\/\\\/peterulson.com\\\/shop\\\/\"},{\"@type\":\"ListItem\",\"position\":3,\"name\":\"Installationsbox MB Waschtischbefestigung\"}]},{\"@type\":\"WebSite\",\"@id\":\"https:\\\/\\\/peterulson.com\\\/de\\\/#website\",\"url\":\"https:\\\/\\\/peterulson.com\\\/de\\\/\",\"name\":\"www.peterulson.com\",\"description\":\"\",\"publisher\":{\"@id\":\"https:\\\/\\\/peterulson.com\\\/de\\\/#organization\"},\"potentialAction\":[{\"@type\":\"SearchAction\",\"target\":{\"@type\":\"EntryPoint\",\"urlTemplate\":\"https:\\\/\\\/peterulson.com\\\/de\\\/?s={search_term_string}\"},\"query-input\":{\"@type\":\"PropertyValueSpecification\",\"valueRequired\":true,\"valueName\":\"search_term_string\"}}],\"inLanguage\":\"de\"},{\"@type\":\"Organization\",\"@id\":\"https:\\\/\\\/peterulson.com\\\/de\\\/#organization\",\"name\":\"ULSON Components\",\"url\":\"https:\\\/\\\/peterulson.com\\\/de\\\/\",\"logo\":{\"@type\":\"ImageObject\",\"inLanguage\":\"de\",\"@id\":\"https:\\\/\\\/peterulson.com\\\/de\\\/#\\\/schema\\\/logo\\\/image\\\/\",\"url\":\"https:\\\/\\\/peterulson.com\\\/wp-content\\\/uploads\\\/2021\\\/07\\\/PeterUlson_Logo_Zeichenflache-1.png\",\"contentUrl\":\"https:\\\/\\\/peterulson.com\\\/wp-content\\\/uploads\\\/2021\\\/07\\\/PeterUlson_Logo_Zeichenflache-1.png\",\"width\":5000,\"height\":1541,\"caption\":\"ULSON Components\"},\"image\":{\"@id\":\"https:\\\/\\\/peterulson.com\\\/de\\\/#\\\/schema\\\/logo\\\/image\\\/\"},\"sameAs\":[\"https:\\\/\\\/www.facebook.com\\\/UlsonTrading\",\"https:\\\/\\\/www.linkedin.com\\\/company\\\/peterulson\\\/?viewAsMember=true\",\"https:\\\/\\\/www.instagram.com\\\/peterulson\\\/\"]}]}<\/script>\n<!-- \/ Yoast SEO plugin. -->","yoast_head_json":{"title":"Installationsbox MB Waschtischbefestigung - Peter Ulson","robots":{"index":"index","follow":"follow","max-snippet":"max-snippet:-1","max-image-preview":"max-image-preview:large","max-video-preview":"max-video-preview:-1"},"canonical":"https:\/\/peterulson.com\/de\/produkt\/multibox-240-mm-washbasin-attachment\/","og_locale":"de_DE","og_type":"article","og_title":"Installationsbox MB Waschtischbefestigung - Peter Ulson","og_description":"Waschtisch-Ger\u00e4tebefestigung f\u00fcr CW-Trockenbauprofile mit Erweiterung zur Montagebefestigung einer Multibox inkl. aller notwendiger Schrauben und Befestigungsmaterialien.  (Lieferung erfolgt ohne Installationsbox.)   F\u00fcr Preise und Rabatte wenden Sie sich bitte an unsere Verkaufsabteilung.\u00a0","og_url":"https:\/\/peterulson.com\/de\/produkt\/multibox-240-mm-washbasin-attachment\/","og_site_name":"Peter Ulson","article_publisher":"https:\/\/www.facebook.com\/UlsonTrading","article_modified_time":"2024-06-06T13:44:43+00:00","og_image":[{"width":442,"height":560,"url":"https:\/\/peterulson.com\/wp-content\/uploads\/2021\/05\/Bildschirmfoto-2021-06-15-um-11.52.37.png","type":"image\/png"}],"twitter_card":"summary_large_image","twitter_misc":{"Gesch\u00e4tzte Lesezeit":"1\u00a0Minute"},"schema":{"@context":"https:\/\/schema.org","@graph":[{"@type":"WebPage","@id":"https:\/\/peterulson.com\/de\/produkt\/multibox-240-mm-washbasin-attachment\/","url":"https:\/\/peterulson.com\/de\/produkt\/multibox-240-mm-washbasin-attachment\/","name":"Installationsbox MB Waschtischbefestigung - Peter Ulson","isPartOf":{"@id":"https:\/\/peterulson.com\/de\/#website"},"primaryImageOfPage":{"@id":"https:\/\/peterulson.com\/de\/produkt\/multibox-240-mm-washbasin-attachment\/#primaryimage"},"image":{"@id":"https:\/\/peterulson.com\/de\/produkt\/multibox-240-mm-washbasin-attachment\/#primaryimage"},"thumbnailUrl":"https:\/\/peterulson.com\/wp-content\/uploads\/2021\/05\/Bildschirmfoto-2021-06-15-um-11.52.37.png","datePublished":"2021-05-03T23:01:58+00:00","dateModified":"2024-06-06T13:44:43+00:00","breadcrumb":{"@id":"https:\/\/peterulson.com\/de\/produkt\/multibox-240-mm-washbasin-attachment\/#breadcrumb"},"inLanguage":"de","potentialAction":[{"@type":"ReadAction","target":["https:\/\/peterulson.com\/de\/produkt\/multibox-240-mm-washbasin-attachment\/"]}]},{"@type":"ImageObject","inLanguage":"de","@id":"https:\/\/peterulson.com\/de\/produkt\/multibox-240-mm-washbasin-attachment\/#primaryimage","url":"https:\/\/peterulson.com\/wp-content\/uploads\/2021\/05\/Bildschirmfoto-2021-06-15-um-11.52.37.png","contentUrl":"https:\/\/peterulson.com\/wp-content\/uploads\/2021\/05\/Bildschirmfoto-2021-06-15-um-11.52.37.png","width":442,"height":560},{"@type":"BreadcrumbList","@id":"https:\/\/peterulson.com\/de\/produkt\/multibox-240-mm-washbasin-attachment\/#breadcrumb","itemListElement":[{"@type":"ListItem","position":1,"name":"Home","item":"https:\/\/peterulson.com\/de\/"},{"@type":"ListItem","position":2,"name":"Products","item":"https:\/\/peterulson.com\/shop\/"},{"@type":"ListItem","position":3,"name":"Installationsbox MB Waschtischbefestigung"}]},{"@type":"WebSite","@id":"https:\/\/peterulson.com\/de\/#website","url":"https:\/\/peterulson.com\/de\/","name":"www.peterulson.com","description":"","publisher":{"@id":"https:\/\/peterulson.com\/de\/#organization"},"potentialAction":[{"@type":"SearchAction","target":{"@type":"EntryPoint","urlTemplate":"https:\/\/peterulson.com\/de\/?s={search_term_string}"},"query-input":{"@type":"PropertyValueSpecification","valueRequired":true,"valueName":"search_term_string"}}],"inLanguage":"de"},{"@type":"Organization","@id":"https:\/\/peterulson.com\/de\/#organization","name":"ULSON Components","url":"https:\/\/peterulson.com\/de\/","logo":{"@type":"ImageObject","inLanguage":"de","@id":"https:\/\/peterulson.com\/de\/#\/schema\/logo\/image\/","url":"https:\/\/peterulson.com\/wp-content\/uploads\/2021\/07\/PeterUlson_Logo_Zeichenflache-1.png","contentUrl":"https:\/\/peterulson.com\/wp-content\/uploads\/2021\/07\/PeterUlson_Logo_Zeichenflache-1.png","width":5000,"height":1541,"caption":"ULSON Components"},"image":{"@id":"https:\/\/peterulson.com\/de\/#\/schema\/logo\/image\/"},"sameAs":["https:\/\/www.facebook.com\/UlsonTrading","https:\/\/www.linkedin.com\/company\/peterulson\/?viewAsMember=true","https:\/\/www.instagram.com\/peterulson\/"]}]}},"_links":{"self":[{"href":"https:\/\/peterulson.com\/de\/wp-json\/wp\/v2\/product\/3697","targetHints":{"allow":["GET"]}}],"collection":[{"href":"https:\/\/peterulson.com\/de\/wp-json\/wp\/v2\/product"}],"about":[{"href":"https:\/\/peterulson.com\/de\/wp-json\/wp\/v2\/types\/product"}],"wp:featuredmedia":[{"embeddable":true,"href":"https:\/\/peterulson.com\/de\/wp-json\/wp\/v2\/media\/3440"}],"wp:attachment":[{"href":"https:\/\/peterulson.com\/de\/wp-json\/wp\/v2\/media?parent=3697"}],"wp:term":[{"taxonomy":"product_brand","embeddable":true,"href":"https:\/\/peterulson.com\/de\/wp-json\/wp\/v2\/product_brand?post=3697"},{"taxonomy":"product_cat","embeddable":true,"href":"https:\/\/peterulson.com\/de\/wp-json\/wp\/v2\/product_cat?post=3697"},{"taxonomy":"product_tag","embeddable":true,"href":"https:\/\/peterulson.com\/de\/wp-json\/wp\/v2\/product_tag?post=3697"}],"curies":[{"name":"wp","href":"https:\/\/api.w.org\/{rel}","templated":true}]}}