{"id":3696,"date":"2021-05-03T22:53:16","date_gmt":"2021-05-03T22:53:16","guid":{"rendered":"https:\/\/peterulson.com\/produkt\/multibox-siphon-bend"},"modified":"2024-06-06T13:53:30","modified_gmt":"2024-06-06T13:53:30","slug":"multibox-siphon-bend","status":"publish","type":"product","link":"https:\/\/peterulson.com\/de\/produkt\/multibox-siphon-bend\/","title":{"rendered":"Siphonbogen (Durchmesser 50mm) f\u00fcr Installationsbox MB"},"content":{"rendered":"<p>[vc_row][vc_column][vc_column_text]Installationsbox MB Sifonbogen passend f\u00fcr Waschtische, Handwaschbecken (f\u00fcr Sifongummi 5\/4), Waschmaschinen AP (f\u00fcr Sifongummi 2&#8243;) sowie mit integrierter Ablaufrohrbauh\u00fclse f\u00fcr absolut dichte Wanddurchf\u00fchrungen.<\/p>\n<p>&nbsp;<\/p>\n<p>Sollte in Verbindung mit einem Sifongummi 5\/4&#8243; die Wanddurchf\u00fchrungabdichtung nicht ben\u00f6tigt werden, so kann dieser Teil an der vorgesehenen Kerbe abgetrennt werden.<\/p>\n<p><em>Lieferzustand ohne Sifongummi<\/em><\/p>\n<p>Werkstoff<br \/>\n<strong>PE<\/strong><\/p>\n<p>Anschlussverrohrung<br \/>\n<strong>DN 50<\/strong>[\/vc_column_text][vc_btn title=&#8220;Folder Installatrionsbox MB (pdf)&#8220; align=&#8220;left&#8220; button_block=&#8220;true&#8220; link=&#8220;url:https%3A%2F%2Fpeterulson.com%2Fwp-content%2Fuploads%2F2024%2F06%2F20240521_Folder_Multibox_comp.pdf|target:_blank&#8220;][\/vc_column][\/vc_row]<\/p>\n","protected":false},"excerpt":{"rendered":"<p>Der Siphonbogen f\u00fcr die Installationsbox MB kann f\u00fcr alle Abflusssituationen vom Waschbecken bis zum Sp\u00fclbecken usw. verwendet werden. (geeignet f\u00fcr Siphongummi 5\/4&#8243;, 6\/4&#8243; und 2&#8243;).<\/p>\n<p>Eine Wanddichtungsmanschette ist bereits integriert, um bei Anschlussleckagen das Eindringen von Wandfeuchtigkeit zu verhindern.<\/p>\n<p>Der Siphonbogen DN 50 wird nur dort in die Installationsbox eingeklipst, wo eine Wasserableitung erforderlich ist. Die Installationsbox MB verf\u00fcgt \u00fcber integrierte Haltepositionen f\u00fcr den genialen Siphonbogen.<\/p>\n<p><em>F\u00fcr Preise und Rabatte wenden Sie sich bitte an unsere <a href=\"mailto:sales@peterulson.com\">Verkaufsabteilung<\/a>.\u00a0<\/em><\/p>\n","protected":false},"featured_media":3438,"template":"","meta":{"inline_featured_image":false},"product_brand":[],"product_cat":[88],"product_tag":[],"class_list":{"0":"post-3696","1":"product","2":"type-product","3":"status-publish","4":"has-post-thumbnail","6":"product_cat-installationsboxen","8":"first","9":"instock","10":"featured","11":"taxable","12":"shipping-taxable","13":"product-type-simple"},"yoast_head":"<!-- This site is optimized with the Yoast SEO plugin v26.7 - https:\/\/yoast.com\/wordpress\/plugins\/seo\/ -->\n<title>Siphonbogen (Durchmesser 50mm) f\u00fcr Installationsbox MB - Peter Ulson<\/title>\n<meta name=\"robots\" content=\"index, follow, max-snippet:-1, max-image-preview:large, max-video-preview:-1\" \/>\n<link rel=\"canonical\" href=\"https:\/\/peterulson.com\/de\/produkt\/multibox-siphon-bend\/\" \/>\n<meta property=\"og:locale\" content=\"de_DE\" \/>\n<meta property=\"og:type\" content=\"article\" \/>\n<meta property=\"og:title\" content=\"Siphonbogen (Durchmesser 50mm) f\u00fcr Installationsbox MB - Peter Ulson\" \/>\n<meta property=\"og:description\" content=\"Der Siphonbogen f\u00fcr die Installationsbox MB kann f\u00fcr alle Abflusssituationen vom Waschbecken bis zum Sp\u00fclbecken usw. verwendet werden. (geeignet f\u00fcr Siphongummi 5\/4&quot;, 6\/4&quot; und 2&quot;).  Eine Wanddichtungsmanschette ist bereits integriert, um bei Anschlussleckagen das Eindringen von Wandfeuchtigkeit zu verhindern.  Der Siphonbogen DN 50 wird nur dort in die Installationsbox eingeklipst, wo eine Wasserableitung erforderlich ist. Die Installationsbox MB verf\u00fcgt \u00fcber integrierte Haltepositionen f\u00fcr den genialen Siphonbogen.  F\u00fcr Preise und Rabatte wenden Sie sich bitte an unsere Verkaufsabteilung.\u00a0\" \/>\n<meta property=\"og:url\" content=\"https:\/\/peterulson.com\/de\/produkt\/multibox-siphon-bend\/\" \/>\n<meta property=\"og:site_name\" content=\"Peter Ulson\" \/>\n<meta property=\"article:publisher\" content=\"https:\/\/www.facebook.com\/UlsonTrading\" \/>\n<meta property=\"article:modified_time\" content=\"2024-06-06T13:53:30+00:00\" \/>\n<meta property=\"og:image\" content=\"https:\/\/peterulson.com\/wp-content\/uploads\/2021\/05\/Bildschirmfoto-2021-06-15-um-11.47.09.png\" \/>\n\t<meta property=\"og:image:width\" content=\"546\" \/>\n\t<meta property=\"og:image:height\" content=\"508\" \/>\n\t<meta property=\"og:image:type\" content=\"image\/png\" \/>\n<meta name=\"twitter:card\" content=\"summary_large_image\" \/>\n<meta name=\"twitter:label1\" content=\"Gesch\u00e4tzte Lesezeit\" \/>\n\t<meta name=\"twitter:data1\" content=\"1\u00a0Minute\" \/>\n<script type=\"application\/ld+json\" class=\"yoast-schema-graph\">{\"@context\":\"https:\/\/schema.org\",\"@graph\":[{\"@type\":\"WebPage\",\"@id\":\"https:\/\/peterulson.com\/de\/produkt\/multibox-siphon-bend\/\",\"url\":\"https:\/\/peterulson.com\/de\/produkt\/multibox-siphon-bend\/\",\"name\":\"Siphonbogen (Durchmesser 50mm) f\u00fcr Installationsbox MB - Peter Ulson\",\"isPartOf\":{\"@id\":\"https:\/\/peterulson.com\/de\/#website\"},\"primaryImageOfPage\":{\"@id\":\"https:\/\/peterulson.com\/de\/produkt\/multibox-siphon-bend\/#primaryimage\"},\"image\":{\"@id\":\"https:\/\/peterulson.com\/de\/produkt\/multibox-siphon-bend\/#primaryimage\"},\"thumbnailUrl\":\"https:\/\/peterulson.com\/wp-content\/uploads\/2021\/05\/Bildschirmfoto-2021-06-15-um-11.47.09.png\",\"datePublished\":\"2021-05-03T22:53:16+00:00\",\"dateModified\":\"2024-06-06T13:53:30+00:00\",\"breadcrumb\":{\"@id\":\"https:\/\/peterulson.com\/de\/produkt\/multibox-siphon-bend\/#breadcrumb\"},\"inLanguage\":\"de\",\"potentialAction\":[{\"@type\":\"ReadAction\",\"target\":[\"https:\/\/peterulson.com\/de\/produkt\/multibox-siphon-bend\/\"]}]},{\"@type\":\"ImageObject\",\"inLanguage\":\"de\",\"@id\":\"https:\/\/peterulson.com\/de\/produkt\/multibox-siphon-bend\/#primaryimage\",\"url\":\"https:\/\/peterulson.com\/wp-content\/uploads\/2021\/05\/Bildschirmfoto-2021-06-15-um-11.47.09.png\",\"contentUrl\":\"https:\/\/peterulson.com\/wp-content\/uploads\/2021\/05\/Bildschirmfoto-2021-06-15-um-11.47.09.png\",\"width\":546,\"height\":508},{\"@type\":\"BreadcrumbList\",\"@id\":\"https:\/\/peterulson.com\/de\/produkt\/multibox-siphon-bend\/#breadcrumb\",\"itemListElement\":[{\"@type\":\"ListItem\",\"position\":1,\"name\":\"Home\",\"item\":\"https:\/\/peterulson.com\/de\/\"},{\"@type\":\"ListItem\",\"position\":2,\"name\":\"Products\",\"item\":\"https:\/\/peterulson.com\/shop\/\"},{\"@type\":\"ListItem\",\"position\":3,\"name\":\"Siphonbogen (Durchmesser 50mm) f\u00fcr Installationsbox MB\"}]},{\"@type\":\"WebSite\",\"@id\":\"https:\/\/peterulson.com\/de\/#website\",\"url\":\"https:\/\/peterulson.com\/de\/\",\"name\":\"www.peterulson.com\",\"description\":\"\",\"publisher\":{\"@id\":\"https:\/\/peterulson.com\/de\/#organization\"},\"potentialAction\":[{\"@type\":\"SearchAction\",\"target\":{\"@type\":\"EntryPoint\",\"urlTemplate\":\"https:\/\/peterulson.com\/de\/?s={search_term_string}\"},\"query-input\":{\"@type\":\"PropertyValueSpecification\",\"valueRequired\":true,\"valueName\":\"search_term_string\"}}],\"inLanguage\":\"de\"},{\"@type\":\"Organization\",\"@id\":\"https:\/\/peterulson.com\/de\/#organization\",\"name\":\"ULSON Components\",\"url\":\"https:\/\/peterulson.com\/de\/\",\"logo\":{\"@type\":\"ImageObject\",\"inLanguage\":\"de\",\"@id\":\"https:\/\/peterulson.com\/de\/#\/schema\/logo\/image\/\",\"url\":\"https:\/\/peterulson.com\/wp-content\/uploads\/2021\/07\/PeterUlson_Logo_Zeichenflache-1.png\",\"contentUrl\":\"https:\/\/peterulson.com\/wp-content\/uploads\/2021\/07\/PeterUlson_Logo_Zeichenflache-1.png\",\"width\":5000,\"height\":1541,\"caption\":\"ULSON Components\"},\"image\":{\"@id\":\"https:\/\/peterulson.com\/de\/#\/schema\/logo\/image\/\"},\"sameAs\":[\"https:\/\/www.facebook.com\/UlsonTrading\",\"https:\/\/www.linkedin.com\/company\/peterulson\/?viewAsMember=true\",\"https:\/\/www.instagram.com\/peterulson\/\"]}]}<\/script>\n<!-- \/ Yoast SEO plugin. -->","yoast_head_json":{"title":"Siphonbogen (Durchmesser 50mm) f\u00fcr Installationsbox MB - Peter Ulson","robots":{"index":"index","follow":"follow","max-snippet":"max-snippet:-1","max-image-preview":"max-image-preview:large","max-video-preview":"max-video-preview:-1"},"canonical":"https:\/\/peterulson.com\/de\/produkt\/multibox-siphon-bend\/","og_locale":"de_DE","og_type":"article","og_title":"Siphonbogen (Durchmesser 50mm) f\u00fcr Installationsbox MB - Peter Ulson","og_description":"Der Siphonbogen f\u00fcr die Installationsbox MB kann f\u00fcr alle Abflusssituationen vom Waschbecken bis zum Sp\u00fclbecken usw. verwendet werden. (geeignet f\u00fcr Siphongummi 5\/4\", 6\/4\" und 2\").  Eine Wanddichtungsmanschette ist bereits integriert, um bei Anschlussleckagen das Eindringen von Wandfeuchtigkeit zu verhindern.  Der Siphonbogen DN 50 wird nur dort in die Installationsbox eingeklipst, wo eine Wasserableitung erforderlich ist. Die Installationsbox MB verf\u00fcgt \u00fcber integrierte Haltepositionen f\u00fcr den genialen Siphonbogen.  F\u00fcr Preise und Rabatte wenden Sie sich bitte an unsere Verkaufsabteilung.\u00a0","og_url":"https:\/\/peterulson.com\/de\/produkt\/multibox-siphon-bend\/","og_site_name":"Peter Ulson","article_publisher":"https:\/\/www.facebook.com\/UlsonTrading","article_modified_time":"2024-06-06T13:53:30+00:00","og_image":[{"width":546,"height":508,"url":"https:\/\/peterulson.com\/wp-content\/uploads\/2021\/05\/Bildschirmfoto-2021-06-15-um-11.47.09.png","type":"image\/png"}],"twitter_card":"summary_large_image","twitter_misc":{"Gesch\u00e4tzte Lesezeit":"1\u00a0Minute"},"schema":{"@context":"https:\/\/schema.org","@graph":[{"@type":"WebPage","@id":"https:\/\/peterulson.com\/de\/produkt\/multibox-siphon-bend\/","url":"https:\/\/peterulson.com\/de\/produkt\/multibox-siphon-bend\/","name":"Siphonbogen (Durchmesser 50mm) f\u00fcr Installationsbox MB - Peter Ulson","isPartOf":{"@id":"https:\/\/peterulson.com\/de\/#website"},"primaryImageOfPage":{"@id":"https:\/\/peterulson.com\/de\/produkt\/multibox-siphon-bend\/#primaryimage"},"image":{"@id":"https:\/\/peterulson.com\/de\/produkt\/multibox-siphon-bend\/#primaryimage"},"thumbnailUrl":"https:\/\/peterulson.com\/wp-content\/uploads\/2021\/05\/Bildschirmfoto-2021-06-15-um-11.47.09.png","datePublished":"2021-05-03T22:53:16+00:00","dateModified":"2024-06-06T13:53:30+00:00","breadcrumb":{"@id":"https:\/\/peterulson.com\/de\/produkt\/multibox-siphon-bend\/#breadcrumb"},"inLanguage":"de","potentialAction":[{"@type":"ReadAction","target":["https:\/\/peterulson.com\/de\/produkt\/multibox-siphon-bend\/"]}]},{"@type":"ImageObject","inLanguage":"de","@id":"https:\/\/peterulson.com\/de\/produkt\/multibox-siphon-bend\/#primaryimage","url":"https:\/\/peterulson.com\/wp-content\/uploads\/2021\/05\/Bildschirmfoto-2021-06-15-um-11.47.09.png","contentUrl":"https:\/\/peterulson.com\/wp-content\/uploads\/2021\/05\/Bildschirmfoto-2021-06-15-um-11.47.09.png","width":546,"height":508},{"@type":"BreadcrumbList","@id":"https:\/\/peterulson.com\/de\/produkt\/multibox-siphon-bend\/#breadcrumb","itemListElement":[{"@type":"ListItem","position":1,"name":"Home","item":"https:\/\/peterulson.com\/de\/"},{"@type":"ListItem","position":2,"name":"Products","item":"https:\/\/peterulson.com\/shop\/"},{"@type":"ListItem","position":3,"name":"Siphonbogen (Durchmesser 50mm) f\u00fcr Installationsbox MB"}]},{"@type":"WebSite","@id":"https:\/\/peterulson.com\/de\/#website","url":"https:\/\/peterulson.com\/de\/","name":"www.peterulson.com","description":"","publisher":{"@id":"https:\/\/peterulson.com\/de\/#organization"},"potentialAction":[{"@type":"SearchAction","target":{"@type":"EntryPoint","urlTemplate":"https:\/\/peterulson.com\/de\/?s={search_term_string}"},"query-input":{"@type":"PropertyValueSpecification","valueRequired":true,"valueName":"search_term_string"}}],"inLanguage":"de"},{"@type":"Organization","@id":"https:\/\/peterulson.com\/de\/#organization","name":"ULSON Components","url":"https:\/\/peterulson.com\/de\/","logo":{"@type":"ImageObject","inLanguage":"de","@id":"https:\/\/peterulson.com\/de\/#\/schema\/logo\/image\/","url":"https:\/\/peterulson.com\/wp-content\/uploads\/2021\/07\/PeterUlson_Logo_Zeichenflache-1.png","contentUrl":"https:\/\/peterulson.com\/wp-content\/uploads\/2021\/07\/PeterUlson_Logo_Zeichenflache-1.png","width":5000,"height":1541,"caption":"ULSON Components"},"image":{"@id":"https:\/\/peterulson.com\/de\/#\/schema\/logo\/image\/"},"sameAs":["https:\/\/www.facebook.com\/UlsonTrading","https:\/\/www.linkedin.com\/company\/peterulson\/?viewAsMember=true","https:\/\/www.instagram.com\/peterulson\/"]}]}},"_links":{"self":[{"href":"https:\/\/peterulson.com\/de\/wp-json\/wp\/v2\/product\/3696","targetHints":{"allow":["GET"]}}],"collection":[{"href":"https:\/\/peterulson.com\/de\/wp-json\/wp\/v2\/product"}],"about":[{"href":"https:\/\/peterulson.com\/de\/wp-json\/wp\/v2\/types\/product"}],"wp:featuredmedia":[{"embeddable":true,"href":"https:\/\/peterulson.com\/de\/wp-json\/wp\/v2\/media\/3438"}],"wp:attachment":[{"href":"https:\/\/peterulson.com\/de\/wp-json\/wp\/v2\/media?parent=3696"}],"wp:term":[{"taxonomy":"product_brand","embeddable":true,"href":"https:\/\/peterulson.com\/de\/wp-json\/wp\/v2\/product_brand?post=3696"},{"taxonomy":"product_cat","embeddable":true,"href":"https:\/\/peterulson.com\/de\/wp-json\/wp\/v2\/product_cat?post=3696"},{"taxonomy":"product_tag","embeddable":true,"href":"https:\/\/peterulson.com\/de\/wp-json\/wp\/v2\/product_tag?post=3696"}],"curies":[{"name":"wp","href":"https:\/\/api.w.org\/{rel}","templated":true}]}}