{"id":3695,"date":"2021-05-03T22:51:51","date_gmt":"2021-05-03T22:51:51","guid":{"rendered":"https:\/\/peterulson.com\/produkt\/multibox"},"modified":"2024-06-06T13:40:15","modified_gmt":"2024-06-06T13:40:15","slug":"multibox","status":"publish","type":"product","link":"https:\/\/peterulson.com\/de\/produkt\/multibox\/","title":{"rendered":"Installationsbox MB &#8211; 240mm (Druckrohrl\u00e4nge 200mm, Durchmesser 16mm)"},"content":{"rendered":"<p>[vc_row][vc_column width=&#8220;1\/2&#8243;][vc_column_text]Die Hightech-L\u00f6sungen von Peter Ulson garantieren Qualit\u00e4t, Perfektion, minimale Montagezeiten und einfache Handhabung.<\/p>\n<p>Die Boxen sind mit integrierten Montagewinkeln f\u00fcr die Befestigung in Mauerwerk, Putz und Holzbau ausgestattet, Vorwandtechnik auf allen g\u00e4ngigen Baustoffen.<\/p>\n<p>Box-Technologie, entwickelt und produziert in \u00d6sterreich.<\/p>\n<p>Eine Box f\u00fcr Anwendungen f\u00fcr Waschbecken, Badewannen, Sp\u00fclen, Waschmaschinen und Duschen.<\/p>\n<p>Druckrohrf\u00fchrung von oben oder von unten m\u00f6glich.[\/vc_column_text][vc_column_text]<strong>Installationsbox MB: Das Kraftpaket unter den Installationsboxen<\/strong><\/p>\n<ul>\n<li>Abmessungen der Boxentechnik: B 240 x H 280 x T 70 mm.<\/li>\n<li>Ablaufausf\u00fchrung: 1\/2&#8243; Innengewinde.<\/li>\n<li>Mauerdichtmanschette zur Abdichtung von Wanddurchbr\u00fcchen nach EN 18534.<\/li>\n<li>Rohrleitungsschutz als Verschmutzungsschutz montiert.<\/li>\n<li>Baustopfen als Verschmutzungsschutz und f\u00fcr die Dichtheitspr\u00fcfung mit Druckluft montiert.<\/li>\n<li>Druckrohrverlegung in DN 16 und 20 m\u00f6glich.<\/li>\n<li>Druckrohrl\u00e4nge ab Isolierk\u00f6rper: 200 mm.<\/li>\n<li>Eine umlaufende Aussparung am Druckrohraustritt erm\u00f6glicht das fugenlose Einsetzen der Rohrisolierung.<\/li>\n<li>Integrierte Haltepositionen zur Aufnahme des Multi-Siphonbogens DN 50. Der Siphonbogen wird dort in die Installationsbox eingeklipst, wo ein Wasserablauf erforderlich ist.<\/li>\n<li>Der Multi-Siphonbogen deckt alle Abflusssituationen vom Waschbecken bis zur Sp\u00fcle etc. ab. (f\u00fcr Siphongummi 5\/4&#8243;, 6\/4&#8243; und 2&#8243;) und verf\u00fcgt \u00fcber eine integrierte Wandabdichtungsmanschette, die das Eindringen von Feuchtigkeit in die Wand bei undichten Anschl\u00fcssen verhindert.<\/li>\n<\/ul>\n<p>[\/vc_column_text][\/vc_column][vc_column width=&#8220;1\/2&#8243;][vc_column_text]Isolierung:<br \/>\n100 % W\u00e4rmed\u00e4mmung<\/p>\n<p>Trinkwasserinstallation und Energieeinsparung:<br \/>\nRohre und Fittings im Installationskasten entsprechen den Anforderungen der DIN 1988-200 und der EnEv.<\/p>\n<p>Schutz vor Kondenswasser und Schall:<br \/>\nDurch die Verwendung von Polyurethanschaum wird die Bildung von Kondenswasser unterdr\u00fcckt.<\/p>\n<p>Die Rohre in der Installationsbox sind vom Bauk\u00f6rper entkoppelt. Dadurch wird die Schall\u00fcbertragung stark reduziert.<\/p>\n<p><strong>Unsere Installationsbboxen erf\u00fcllen mehr als alle Normvorgaben:<\/strong><\/p>\n<ul>\n<li>Materialausgasung: Zertifiziert f\u00fcr &#8222;Nachhaltiges Bauen&#8220;<\/li>\n<li>Best\u00e4ndig gegen Ameisens\u00e4ure, Mikroben, Pilze, Schimmel und F\u00e4ulnis:<\/li>\n<li>Zertifiziert f\u00fcr &#8222;Nachhaltiges Bauen&#8220;<\/li>\n<li>Allgemeine bauaufsichtliche Zulassung<\/li>\n<li>Erh\u00f6hter Schallschutz nach DIN 4109\/B8115-2<\/li>\n<li>Brandschutz nach EN 13501-1<\/li>\n<li>W\u00e4rmeschutz nach H5155<\/li>\n<li>Kondenswasserschutz f\u00fcr Bauteile nach EN 8061-5<\/li>\n<li>Wasserdampfdiffusionswiderstand nach EN12088<\/li>\n<li>Kraftbest\u00e4ndigkeit nach DIN 53241<\/li>\n<li>Formbest\u00e4ndigkeit nach EN 1604<\/li>\n<li>Biegezugfestigkeit nach EN12089<\/li>\n<li>Druckfestigkeit f\u00fcr Bauelemente nach EN 826<\/li>\n<li>Leitf\u00e4higkeit des D\u00e4mmk\u00f6rpers nach EN 12667<\/li>\n<li>Sch\u00fcttdichte-Zertifizierung nach EN 1602 (gro\u00dfe R\u00fcckhaltekr\u00e4fte f\u00fcr Passausl\u00e4sse)<\/li>\n<li>Separate Wandwinkelbefestigung nach EN 806\/D1N1988 (kein W\u00e4rme\u00fcbergang)<\/li>\n<li>Wanddurchf\u00fchrung nach EN18534<\/li>\n<li>Zertifiziert nach EN14308<\/li>\n<\/ul>\n<p>[\/vc_column_text][\/vc_column][\/vc_row][vc_row][vc_column][vc_btn title=&#8220;Folder Installationsbox MB (pdf)&#8220; align=&#8220;left&#8220; button_block=&#8220;true&#8220; link=&#8220;url:https%3A%2F%2Fpeterulson.com%2Fwp-content%2Fuploads%2F2024%2F06%2F20240521_Folder_Multibox_comp.pdf|target:_blank&#8220;][\/vc_column][\/vc_row]<\/p>\n","protected":false},"excerpt":{"rendered":"<p>Installationsboxen machen die Arbeit von Installateuren einfacher, sicherer und schneller.<\/p>\n<p>Die Installationsbox MB wurde f\u00fcr eine zuverl\u00e4ssige Installation auf Mauerwerk, Trockenbau, Holz, Beton und GIS-Systemen entwickelt.<\/p>\n<p>Mit der patentierten Boxtechnologie k\u00f6nnen Sie bis zu 80 % der Montagezeiten einsparen.<\/p>\n<p>Unsere Installationsboxen werden nach modernsten Fertigungsverfahren hergestellt und garantieren hohe Technik und Qualit\u00e4t. Bislang wurden weltweit fast eine Million Boxen verkauft.<\/p>\n<p><em>F\u00fcr Preise und Rabatte wenden Sie sich bitte an unsere <a href=\"mailto:sales@peterulson.com\">Verkaufsabteilung<\/a>.\u00a0<\/em><\/p>\n","protected":false},"featured_media":4424,"template":"","meta":{"inline_featured_image":false},"product_brand":[],"product_cat":[88],"product_tag":[],"class_list":{"0":"post-3695","1":"product","2":"type-product","3":"status-publish","4":"has-post-thumbnail","6":"product_cat-installationsboxen","8":"first","9":"instock","10":"featured","11":"taxable","12":"shipping-taxable","13":"product-type-simple"},"yoast_head":"<!-- This site is optimized with the Yoast SEO plugin v27.4 - https:\/\/yoast.com\/product\/yoast-seo-wordpress\/ -->\n<title>Installationsbox MB - 240mm (Druckrohrl\u00e4nge 200mm, Durchmesser 16mm) - Peter Ulson<\/title>\n<meta name=\"robots\" content=\"index, follow, max-snippet:-1, max-image-preview:large, max-video-preview:-1\" \/>\n<link rel=\"canonical\" href=\"https:\/\/peterulson.com\/de\/produkt\/multibox\/\" \/>\n<meta property=\"og:locale\" content=\"de_DE\" \/>\n<meta property=\"og:type\" content=\"article\" \/>\n<meta property=\"og:title\" content=\"Installationsbox MB - 240mm (Druckrohrl\u00e4nge 200mm, Durchmesser 16mm) - Peter Ulson\" \/>\n<meta property=\"og:description\" content=\"Installationsboxen machen die Arbeit von Installateuren einfacher, sicherer und schneller.  Die Installationsbox MB wurde f\u00fcr eine zuverl\u00e4ssige Installation auf Mauerwerk, Trockenbau, Holz, Beton und GIS-Systemen entwickelt.  Mit der patentierten Boxtechnologie k\u00f6nnen Sie bis zu 80 % der Montagezeiten einsparen.  Unsere Installationsboxen werden nach modernsten Fertigungsverfahren hergestellt und garantieren hohe Technik und Qualit\u00e4t. Bislang wurden weltweit fast eine Million Boxen verkauft.  F\u00fcr Preise und Rabatte wenden Sie sich bitte an unsere Verkaufsabteilung.\u00a0\" \/>\n<meta property=\"og:url\" content=\"https:\/\/peterulson.com\/de\/produkt\/multibox\/\" \/>\n<meta property=\"og:site_name\" content=\"Peter Ulson\" \/>\n<meta property=\"article:publisher\" content=\"https:\/\/www.facebook.com\/UlsonTrading\" \/>\n<meta property=\"article:modified_time\" content=\"2024-06-06T13:40:15+00:00\" \/>\n<meta property=\"og:image\" content=\"https:\/\/peterulson.com\/wp-content\/uploads\/2024\/04\/installationsbox-mb-b2.jpg\" \/>\n\t<meta property=\"og:image:width\" content=\"1280\" \/>\n\t<meta property=\"og:image:height\" content=\"1703\" \/>\n\t<meta property=\"og:image:type\" content=\"image\/jpeg\" \/>\n<meta name=\"twitter:card\" content=\"summary_large_image\" \/>\n<meta name=\"twitter:label1\" content=\"Gesch\u00e4tzte Lesezeit\" \/>\n\t<meta name=\"twitter:data1\" content=\"2\u00a0Minuten\" \/>\n<script type=\"application\/ld+json\" class=\"yoast-schema-graph\">{\"@context\":\"https:\\\/\\\/schema.org\",\"@graph\":[{\"@type\":\"WebPage\",\"@id\":\"https:\\\/\\\/peterulson.com\\\/de\\\/produkt\\\/multibox\\\/\",\"url\":\"https:\\\/\\\/peterulson.com\\\/de\\\/produkt\\\/multibox\\\/\",\"name\":\"Installationsbox MB - 240mm (Druckrohrl\u00e4nge 200mm, Durchmesser 16mm) - Peter Ulson\",\"isPartOf\":{\"@id\":\"https:\\\/\\\/peterulson.com\\\/de\\\/#website\"},\"primaryImageOfPage\":{\"@id\":\"https:\\\/\\\/peterulson.com\\\/de\\\/produkt\\\/multibox\\\/#primaryimage\"},\"image\":{\"@id\":\"https:\\\/\\\/peterulson.com\\\/de\\\/produkt\\\/multibox\\\/#primaryimage\"},\"thumbnailUrl\":\"https:\\\/\\\/peterulson.com\\\/wp-content\\\/uploads\\\/2024\\\/04\\\/installationsbox-mb-b2.jpg\",\"datePublished\":\"2021-05-03T22:51:51+00:00\",\"dateModified\":\"2024-06-06T13:40:15+00:00\",\"breadcrumb\":{\"@id\":\"https:\\\/\\\/peterulson.com\\\/de\\\/produkt\\\/multibox\\\/#breadcrumb\"},\"inLanguage\":\"de\",\"potentialAction\":[{\"@type\":\"ReadAction\",\"target\":[\"https:\\\/\\\/peterulson.com\\\/de\\\/produkt\\\/multibox\\\/\"]}]},{\"@type\":\"ImageObject\",\"inLanguage\":\"de\",\"@id\":\"https:\\\/\\\/peterulson.com\\\/de\\\/produkt\\\/multibox\\\/#primaryimage\",\"url\":\"https:\\\/\\\/peterulson.com\\\/wp-content\\\/uploads\\\/2024\\\/04\\\/installationsbox-mb-b2.jpg\",\"contentUrl\":\"https:\\\/\\\/peterulson.com\\\/wp-content\\\/uploads\\\/2024\\\/04\\\/installationsbox-mb-b2.jpg\",\"width\":1280,\"height\":1703},{\"@type\":\"BreadcrumbList\",\"@id\":\"https:\\\/\\\/peterulson.com\\\/de\\\/produkt\\\/multibox\\\/#breadcrumb\",\"itemListElement\":[{\"@type\":\"ListItem\",\"position\":1,\"name\":\"Home\",\"item\":\"https:\\\/\\\/peterulson.com\\\/de\\\/\"},{\"@type\":\"ListItem\",\"position\":2,\"name\":\"Products\",\"item\":\"https:\\\/\\\/peterulson.com\\\/shop\\\/\"},{\"@type\":\"ListItem\",\"position\":3,\"name\":\"Installationsbox MB &#8211; 240mm (Druckrohrl\u00e4nge 200mm, Durchmesser 16mm)\"}]},{\"@type\":\"WebSite\",\"@id\":\"https:\\\/\\\/peterulson.com\\\/de\\\/#website\",\"url\":\"https:\\\/\\\/peterulson.com\\\/de\\\/\",\"name\":\"www.peterulson.com\",\"description\":\"\",\"publisher\":{\"@id\":\"https:\\\/\\\/peterulson.com\\\/de\\\/#organization\"},\"potentialAction\":[{\"@type\":\"SearchAction\",\"target\":{\"@type\":\"EntryPoint\",\"urlTemplate\":\"https:\\\/\\\/peterulson.com\\\/de\\\/?s={search_term_string}\"},\"query-input\":{\"@type\":\"PropertyValueSpecification\",\"valueRequired\":true,\"valueName\":\"search_term_string\"}}],\"inLanguage\":\"de\"},{\"@type\":\"Organization\",\"@id\":\"https:\\\/\\\/peterulson.com\\\/de\\\/#organization\",\"name\":\"ULSON Components\",\"url\":\"https:\\\/\\\/peterulson.com\\\/de\\\/\",\"logo\":{\"@type\":\"ImageObject\",\"inLanguage\":\"de\",\"@id\":\"https:\\\/\\\/peterulson.com\\\/de\\\/#\\\/schema\\\/logo\\\/image\\\/\",\"url\":\"https:\\\/\\\/peterulson.com\\\/wp-content\\\/uploads\\\/2021\\\/07\\\/PeterUlson_Logo_Zeichenflache-1.png\",\"contentUrl\":\"https:\\\/\\\/peterulson.com\\\/wp-content\\\/uploads\\\/2021\\\/07\\\/PeterUlson_Logo_Zeichenflache-1.png\",\"width\":5000,\"height\":1541,\"caption\":\"ULSON Components\"},\"image\":{\"@id\":\"https:\\\/\\\/peterulson.com\\\/de\\\/#\\\/schema\\\/logo\\\/image\\\/\"},\"sameAs\":[\"https:\\\/\\\/www.facebook.com\\\/UlsonTrading\",\"https:\\\/\\\/www.linkedin.com\\\/company\\\/peterulson\\\/?viewAsMember=true\",\"https:\\\/\\\/www.instagram.com\\\/peterulson\\\/\"]}]}<\/script>\n<!-- \/ Yoast SEO plugin. -->","yoast_head_json":{"title":"Installationsbox MB - 240mm (Druckrohrl\u00e4nge 200mm, Durchmesser 16mm) - Peter Ulson","robots":{"index":"index","follow":"follow","max-snippet":"max-snippet:-1","max-image-preview":"max-image-preview:large","max-video-preview":"max-video-preview:-1"},"canonical":"https:\/\/peterulson.com\/de\/produkt\/multibox\/","og_locale":"de_DE","og_type":"article","og_title":"Installationsbox MB - 240mm (Druckrohrl\u00e4nge 200mm, Durchmesser 16mm) - Peter Ulson","og_description":"Installationsboxen machen die Arbeit von Installateuren einfacher, sicherer und schneller.  Die Installationsbox MB wurde f\u00fcr eine zuverl\u00e4ssige Installation auf Mauerwerk, Trockenbau, Holz, Beton und GIS-Systemen entwickelt.  Mit der patentierten Boxtechnologie k\u00f6nnen Sie bis zu 80 % der Montagezeiten einsparen.  Unsere Installationsboxen werden nach modernsten Fertigungsverfahren hergestellt und garantieren hohe Technik und Qualit\u00e4t. Bislang wurden weltweit fast eine Million Boxen verkauft.  F\u00fcr Preise und Rabatte wenden Sie sich bitte an unsere Verkaufsabteilung.\u00a0","og_url":"https:\/\/peterulson.com\/de\/produkt\/multibox\/","og_site_name":"Peter Ulson","article_publisher":"https:\/\/www.facebook.com\/UlsonTrading","article_modified_time":"2024-06-06T13:40:15+00:00","og_image":[{"width":1280,"height":1703,"url":"https:\/\/peterulson.com\/wp-content\/uploads\/2024\/04\/installationsbox-mb-b2.jpg","type":"image\/jpeg"}],"twitter_card":"summary_large_image","twitter_misc":{"Gesch\u00e4tzte Lesezeit":"2\u00a0Minuten"},"schema":{"@context":"https:\/\/schema.org","@graph":[{"@type":"WebPage","@id":"https:\/\/peterulson.com\/de\/produkt\/multibox\/","url":"https:\/\/peterulson.com\/de\/produkt\/multibox\/","name":"Installationsbox MB - 240mm (Druckrohrl\u00e4nge 200mm, Durchmesser 16mm) - Peter Ulson","isPartOf":{"@id":"https:\/\/peterulson.com\/de\/#website"},"primaryImageOfPage":{"@id":"https:\/\/peterulson.com\/de\/produkt\/multibox\/#primaryimage"},"image":{"@id":"https:\/\/peterulson.com\/de\/produkt\/multibox\/#primaryimage"},"thumbnailUrl":"https:\/\/peterulson.com\/wp-content\/uploads\/2024\/04\/installationsbox-mb-b2.jpg","datePublished":"2021-05-03T22:51:51+00:00","dateModified":"2024-06-06T13:40:15+00:00","breadcrumb":{"@id":"https:\/\/peterulson.com\/de\/produkt\/multibox\/#breadcrumb"},"inLanguage":"de","potentialAction":[{"@type":"ReadAction","target":["https:\/\/peterulson.com\/de\/produkt\/multibox\/"]}]},{"@type":"ImageObject","inLanguage":"de","@id":"https:\/\/peterulson.com\/de\/produkt\/multibox\/#primaryimage","url":"https:\/\/peterulson.com\/wp-content\/uploads\/2024\/04\/installationsbox-mb-b2.jpg","contentUrl":"https:\/\/peterulson.com\/wp-content\/uploads\/2024\/04\/installationsbox-mb-b2.jpg","width":1280,"height":1703},{"@type":"BreadcrumbList","@id":"https:\/\/peterulson.com\/de\/produkt\/multibox\/#breadcrumb","itemListElement":[{"@type":"ListItem","position":1,"name":"Home","item":"https:\/\/peterulson.com\/de\/"},{"@type":"ListItem","position":2,"name":"Products","item":"https:\/\/peterulson.com\/shop\/"},{"@type":"ListItem","position":3,"name":"Installationsbox MB &#8211; 240mm (Druckrohrl\u00e4nge 200mm, Durchmesser 16mm)"}]},{"@type":"WebSite","@id":"https:\/\/peterulson.com\/de\/#website","url":"https:\/\/peterulson.com\/de\/","name":"www.peterulson.com","description":"","publisher":{"@id":"https:\/\/peterulson.com\/de\/#organization"},"potentialAction":[{"@type":"SearchAction","target":{"@type":"EntryPoint","urlTemplate":"https:\/\/peterulson.com\/de\/?s={search_term_string}"},"query-input":{"@type":"PropertyValueSpecification","valueRequired":true,"valueName":"search_term_string"}}],"inLanguage":"de"},{"@type":"Organization","@id":"https:\/\/peterulson.com\/de\/#organization","name":"ULSON Components","url":"https:\/\/peterulson.com\/de\/","logo":{"@type":"ImageObject","inLanguage":"de","@id":"https:\/\/peterulson.com\/de\/#\/schema\/logo\/image\/","url":"https:\/\/peterulson.com\/wp-content\/uploads\/2021\/07\/PeterUlson_Logo_Zeichenflache-1.png","contentUrl":"https:\/\/peterulson.com\/wp-content\/uploads\/2021\/07\/PeterUlson_Logo_Zeichenflache-1.png","width":5000,"height":1541,"caption":"ULSON Components"},"image":{"@id":"https:\/\/peterulson.com\/de\/#\/schema\/logo\/image\/"},"sameAs":["https:\/\/www.facebook.com\/UlsonTrading","https:\/\/www.linkedin.com\/company\/peterulson\/?viewAsMember=true","https:\/\/www.instagram.com\/peterulson\/"]}]}},"_links":{"self":[{"href":"https:\/\/peterulson.com\/de\/wp-json\/wp\/v2\/product\/3695","targetHints":{"allow":["GET"]}}],"collection":[{"href":"https:\/\/peterulson.com\/de\/wp-json\/wp\/v2\/product"}],"about":[{"href":"https:\/\/peterulson.com\/de\/wp-json\/wp\/v2\/types\/product"}],"wp:featuredmedia":[{"embeddable":true,"href":"https:\/\/peterulson.com\/de\/wp-json\/wp\/v2\/media\/4424"}],"wp:attachment":[{"href":"https:\/\/peterulson.com\/de\/wp-json\/wp\/v2\/media?parent=3695"}],"wp:term":[{"taxonomy":"product_brand","embeddable":true,"href":"https:\/\/peterulson.com\/de\/wp-json\/wp\/v2\/product_brand?post=3695"},{"taxonomy":"product_cat","embeddable":true,"href":"https:\/\/peterulson.com\/de\/wp-json\/wp\/v2\/product_cat?post=3695"},{"taxonomy":"product_tag","embeddable":true,"href":"https:\/\/peterulson.com\/de\/wp-json\/wp\/v2\/product_tag?post=3695"}],"curies":[{"name":"wp","href":"https:\/\/api.w.org\/{rel}","templated":true}]}}