{"id":3738,"date":"2021-10-25T09:21:17","date_gmt":"2021-10-25T09:21:17","guid":{"rendered":"https:\/\/peterulson.com\/general-terms-and-conditions"},"modified":"2023-11-27T15:40:42","modified_gmt":"2023-11-27T15:40:42","slug":"general-terms-and-conditions","status":"publish","type":"page","link":"https:\/\/peterulson.com\/de\/general-terms-and-conditions\/","title":{"rendered":"Allgemeine Gesch\u00e4ftsbedingungen"},"content":{"rendered":"<p>Stand: 01.05.2021<\/p>\n<p><strong>1) Geltungsbereich<\/strong><\/p>\n<p>1.1\u2009Diese Allgemeinen Gesch\u00e4ftsbedingungen (nachfolgend &#8222;AGB&#8220;) der<\/p>\n<p>ULSON Components e.U.<br \/>\nInhaber: Ing. Armin William Hrdlicka, MSc<br \/>\n<u>Hettenkofergasse 18-22\/5\/5<\/u><br \/>\n1160 Wien<br \/>\nTel.: +43 650 4090600<br \/>\ne-Mail:\u00a0<a href=\"mailto:mail@peterulson.com\"><u>mail@peterulson.com<\/u><\/a><\/p>\n<p>gelten f\u00fcr alle Vertr\u00e4ge \u00fcber die Lieferung von Waren und Dienstleistungen, die ein Verbraucher oder Unternehmer (nachfolgend \u201eKunde\u201c) mit dem Verk\u00e4ufer hinsichtlich dessen Waren und Dienstleistungen abschlie\u00dft. Hiermit wird der Einbeziehung von eigenen Bedingungen des Kunden widersprochen, es sei denn, es ist etwas anderes vereinbart.<\/p>\n<p>Verbraucher ist jede nat\u00fcrliche Person, die ein Gesch\u00e4ft t\u00e4tigt, das nicht zum Betrieb ihres Unternehmens geh\u00f6rt.Unternehmer im Sinne dieser AGB ist eine nat\u00fcrliche oder juristische Person oder eine rechtsf\u00e4hige Personengesellschaft, die bei Abschluss eines Rechtsgesch\u00e4fts in Aus\u00fcbung ihrer gewerblichen oder selbst\u00e4ndigen beruflichen T\u00e4tigkeit handelt. Aktiengesellschaften, Gesellschaften mit beschr\u00e4nkter Haftung, Erwerbs- und Wirtschaftsgenossenschaften, Versicherungsvereine auf Gegenseitigkeit, Sparkassen, Europ\u00e4ische wirtschaftliche Interessenvereinigungen (EWIV), Europ\u00e4ische Gesellschaften (SE) und Europ\u00e4ische Genossenschaften (SCE) sind Unternehmer kraft Rechtsform.<\/p>\n<p>&nbsp;<\/p>\n<p><strong>2) Vertragsschluss<\/strong><\/p>\n<p>2.1\u2009Die im Online-Shop des Verk\u00e4ufers enthaltenen Produkt- oder Dienstleistungsbeschreibungen stellen keine verbindlichen Angebote seitens des Verk\u00e4ufers dar, sondern dienen zur Abgabe eines verbindlichen Angebots durch den Kunden.<\/p>\n<p>2.2\u2009Der Kunde kann das Angebot \u00fcber das in den Online-Shop des Verk\u00e4ufers integrierte Online-Bestellformular abgeben. Dabei gibt der Kunde, durch Klicken des den Bestellvorgang abschlie\u00dfenden Buttons ein rechtlich verbindliches Vertragsangebot in Bezug auf die im Warenkorb enthaltenen Waren oder Dienstleistungen ab.<\/p>\n<p>2.3\u2009Der Verk\u00e4ufer kann das Angebot des Kunden innerhalb von f\u00fcnf Tagen annehmen,<\/p>\n<ul>\n<li>indem er dem Kunden eine schriftliche Auftragsbest\u00e4tigung oder eine Auftragsbest\u00e4tigung in Textform (Fax oder E-Mail) \u00fcbermittelt, wobei insoweit der Zugang der Auftragsbest\u00e4tigung beim Kunden ma\u00dfgeblich ist, oder<\/li>\n<li>indem er den Kunden nach Abgabe seiner Bestellung zur Zahlung auffordert<\/li>\n<\/ul>\n<p>Liegen mehrere der vorgenannten Alternativen vor, kommt der Vertrag in dem Zeitpunkt zustande, in dem eine der vorgenannten Alternativen zuerst eintritt. Die Frist zur Annahme des Angebots beginnt am Tag nach der Absendung des Angebots durch den Kunden zu laufen und endet mit dem Ablauf des f\u00fcnften Tages, welcher auf die Absendung des Angebots folgt. Nimmt der Verk\u00e4ufer das Angebot des Kunden innerhalb vorgenannter Frist nicht an, so gilt dies als Ablehnung des Angebots mit der Folge, dass der Kunde nicht mehr an seine Willenserkl\u00e4rung gebunden ist.<\/p>\n<p>W\u00e4hlt der Kunde im Rahmen des Online-Bestellvorgangs eine Zahlungsart aus, indem er durch Klicken des den Bestellvorgang abschlie\u00dfenden Buttons zugleich auch einen Zahlungsauftrag an seinen Zahlungsdienstleister erteilt, das Geld unmittelbar auf das Konto des Verk\u00e4ufers zu \u00fcberweisen, erkl\u00e4rt der Verk\u00e4ufer abweichend von Ziffer 2.3 schon jetzt die Annahme des Angebots des Kunden in dem Zeitpunkt, in dem das Geld auf dem Konto des Verk\u00e4ufers einlangt.<\/p>\n<p>2.4\u2009Bei der Abgabe eines Angebots \u00fcber das Online-Bestellformular des Verk\u00e4ufers wird der Vertragstext nach dem Vertragsschluss vom Verk\u00e4ufer gespeichert und dem Kunden nach Absendung von dessen Bestellung in Textform (z. B. E-Mail) \u00fcbermittelt.<\/p>\n<p>Sofern der Kunde vor Absendung seiner Bestellung ein Nutzerkonto im Online-Shop des Verk\u00e4ufers eingerichtet hat, werden die Bestelldaten auf der Website des Verk\u00e4ufers archiviert und k\u00f6nnen vom Kunden \u00fcber dessen passwortgesch\u00fctztes Nutzerkonto unter Angabe der entsprechenden Login-Daten kostenlos abgerufen werden.<\/p>\n<p>2.5\u2009F\u00fcr den Vertragsschluss steht ausschlie\u00dflich die englische Sprache zur Verf\u00fcgung.<\/p>\n<p>2.6\u2009Die Bestellabwicklung und Kontaktaufnahme finden in der Regel per E-Mail und automatisierter Bestellabwicklung statt. Der Kunde hat sicherzustellen, dass die von ihm zur Bestellabwicklung angegebene E-Mail-Adresse zutreffend ist, so dass unter dieser Adresse die vom Verk\u00e4ufer versandten E-Mails empfangen werden k\u00f6nnen. Insbesondere hat der Kunde bei dem Einsatz von SPAM-Filtern sicherzustellen, dass alle vom Verk\u00e4ufer oder von diesem mit der Bestellabwicklung beauftragten Dritten versandten E-Mails zugestellt werden k\u00f6nnen.<\/p>\n<p>&nbsp;<\/p>\n<p><strong>3) R\u00fccktrittsrecht<\/strong><\/p>\n<p>3.1\u2009Verbrauchern mit Wohnsitz in der EU steht bei einem Vertragsabschluss im Fernabsatz grunds\u00e4tzlich ein R\u00fccktrittsrecht zu.<\/p>\n<p>Ein Fernabsatzvertrag ist ein Vertrag zwischen dem Verk\u00e4ufer und einem Verbraucher, der ohne gleichzeitige k\u00f6rperliche Anwesenheit des Verk\u00e4ufers und des Verbrauchers, wobei bis einschlie\u00dflich des Zustandekommens des Vertrags ausschlie\u00dflich Fernkommunikationsmittel (Fax, Internet, Telefon) verwendet werden.<\/p>\n<p><strong>4) Preise und Zahlungsbedingungen<\/strong><\/p>\n<p>4.1\u2009Sofern sich aus der Produkt- und Dienstleistungsbeschreibung des Verk\u00e4ufers nichts anderes ergibt, handelt es sich bei den angegebenen Preisen um Gesamtpreise, die die gesetzliche Umsatzsteuer enthalten.<\/p>\n<p>Unsere Verkaufspreise beinhalten keine Kosten f\u00fcr Zustellung, Montage, etc.<\/p>\n<p><strong>5) Eigentumsvorbehalt\/Rechte<\/strong><\/p>\n<p>5.1\u2009Gegen\u00fcber seinen Kunden, egal ob Verbraucher oder Unternehmer, beh\u00e4lt sich der Verk\u00e4ufer bis zur vollst\u00e4ndigen Bezahlung des geschuldeten Kaufpreises das Eigentum an der zur Verf\u00fcgung gestellten Ware vor.<\/p>\n<p>5.2 S\u00e4mtliche Rechte Schutzechte verbleiben bei den Rechteinhabern.<\/p>\n<p><strong>6) Liefer- und Versandbedingungen<\/strong><\/p>\n<p>6.1\u2009In welche L\u00e4nder wir unsere Ware verkaufen und liefern und in welchen L\u00e4ndern wir unsere Dienstleistungen anbieten, entnehmen Sie bitte den Hinweisen neben dem Produkt bzw. der Dienstleistung.<\/p>\n<p>6.2 Die Lieferung von Waren erfolgt auf dem Versandweg an die vom Kunden angegebene Lieferanschrift, sofern nichts anderes vereinbart ist.<\/p>\n<p>6.3\u2009 \u00a0Handelt der Kunde als Unternehmer, geht die Gefahr f\u00fcr den Verlust oder die Besch\u00e4digung der verkauften Ware auf den Kunden \u00fcber, sobald der Verk\u00e4ufer die Sache dem Spediteur, dem Frachtf\u00fchrer oder der oder dem sonst zur Ausf\u00fchrung der Versendung bestimmten Person oder Unternehmen ausgeliefert hat. Handelt der Kunde als Verbraucher, geht die Gefahr erst auf den Verbraucher \u00fcber, sobald die Ware an den Verbraucher oder an einen von diesem bestimmten, vom Bef\u00f6rderer verschiedenen Dritten abgeliefert wird. Hat aber der Verbraucher selbst den Bef\u00f6rderungsvertrag geschlossen, ohne dabei eine vom Unternehmer vorgeschlagene Auswahlm\u00f6glichkeit zu n\u00fctzen, so geht die Gefahr bereits mit der Aush\u00e4ndigung der Ware an den Bef\u00f6rderer \u00fcber.<\/p>\n<p>6.4 Hat der Kunde die Ware nicht wie vereinbart \u00fcbernommen (Annahmeverzug) sind wir nach erfolgter Nachfristsetzung berechtigt, die Ware entweder bei uns einzulagern, wof\u00fcr wir eine angemessene Lagergeb\u00fchr pro angefangenem Kalendertag in Rechnung stellen oder auf Kosten und Gefahr des Kunden bei einem dazu befugten Gewerbsmann einzulagern. Gleichzeitig sind wir berechtigt, entweder auf Vertragserf\u00fcllung zu bestehen oder nach Setzung einer angemessenen, mindestens 2 Wochen umfassenden Nachfrist vom Vertrag zur\u00fcckzutreten und die Ware anderweitig zu verwerten. Davon ausgenommen ist ein berechtigter R\u00fccktritt eines Konsumenten.<\/p>\n<p><strong>7) Gew\u00e4hrleistung\/Haftung<\/strong><\/p>\n<p>7.1 Es gelten die Vorschriften der gesetzlichen Gew\u00e4hrleistung.<\/p>\n<p>Kein Gew\u00e4hrleistungsanspruch besteht bei nicht sach- und fachgem\u00e4\u00dfer Montage oder Einbau.<\/p>\n<p>Handelt der Kunde als Unternehmer, gilt au\u00dferdem:<\/p>\n<ul>\n<li>Ein unwesentlicher Mangel begr\u00fcndet grunds\u00e4tzlich keine Gew\u00e4hrleistungsanspr\u00fcche.<\/li>\n<li>Der Verk\u00e4ufer hat die Wahl der Art der M\u00e4ngelbehebung.<\/li>\n<li>Es beginnt die Verj\u00e4hrung nicht erneut, wenn im Rahmen der M\u00e4ngelhaftung eine Ersatzlieferung erfolgt.<\/li>\n<li>Handelt der Kunde als Unternehmer i.S.d. UGB, trifft ihn die kaufm\u00e4nnische Untersuchungs- und R\u00fcgepflicht gem. \u00a7 377 UGB. Unterl\u00e4sst der Kunde die dort geregelten Anzeigepflichten, gilt die Ware als genehmigt.<\/li>\n<\/ul>\n<p>Eine Haftung des Verk\u00e4ufers ist f\u00fcr leichte Fahrl\u00e4ssigkeit ausgeschlossen, sofern es sich nicht um Personensch\u00e4den handelt. Diese Haftungsregelungen gelten auch im Hinblick auf die Haftung des Verk\u00e4ufers f\u00fcr seine Erf\u00fcllungsgehilfen und gesetzlichen Vertreter.<\/p>\n<p><strong>8) Gerichtsstand\/Anwendbares Recht<\/strong><\/p>\n<p>8.1. Im Verh\u00e4ltnis zu Unternehmern gilt ausschlie\u00dflich \u00f6sterreichisches materielles Recht unter Ausschluss des UN-Kaufrechts. Soweit diesem keine zwingenden gesetzlichen Bestimmungen entgegenstehen gilt dies auch gegen\u00fcber Kunden, die Verbraucher sind, und die im Zeitpunkt des Vertragsabschlusses keinen Wohnsitz oder gew\u00f6hnlichen Aufenthalt in einem EU Mitgliedstaat haben. Gegen\u00fcber Kunden, die Verbraucher sind, und die im Zeitpunkt des Vertragsabschlusses keinen Wohnsitz oder gew\u00f6hnlichen Aufenthalt in einem EU Mitgliedstaat haben, wird das R\u00fccktrittsrecht nach dem FAGG ausgeschlossen, sofern dem nicht zwingende gesetzliche Bestimmungen entgegenstehen. Gegen\u00fcber Verbrauchern mit Wohnsitz oder gew\u00f6hnlichem Aufenthalt in der EU gilt diese Rechtswahl nur insoweit, als nicht der gew\u00e4hrte Schutz durch zwingende Bestimmungen des Rechts des Staates, in dem der Verbraucher seinen gew\u00f6hnlichen Aufenthalt hat, entzogen wird.<\/p>\n<p>8.2. Ist der Kunde Verbraucher aus einem Mitgliedstaat der EU hat dieser die Wahl zwischen seinem Wohnsitzgericht und dem Gerichtsstand am Sitz des Verk\u00e4ufers.<\/p>\n<p>8.3. F\u00fcr Verbraucher mit Wohnsitz oder gew\u00f6hnlichem Aufenthalt aus einem Mitgliedstaat der EU gelten die gesetzlichen Gerichtsst\u00e4nde.<\/p>\n<p>8.4. Im Verh\u00e4ltnis zu Unternehmern wird das sachlich zust\u00e4ndige Gericht am Firmensitz des Verk\u00e4ufers als ausschlie\u00dflich zust\u00e4ndiges Gericht vereinbart.\u00a0Soweit diesem keine zwingenden gesetzlichen Bestimmungen entgegenstehen gilt dies auch gegen\u00fcber Kunden, die Verbraucher sind, und die im Zeitpunkt des Vertragsabschlusses keinen Wohnsitz oder gew\u00f6hnlichen Aufenthalt in einem EU Mitgliedstaat haben.<\/p>\n<p><strong>9) Alternative Streitbeilegung<\/strong><\/p>\n<p>9.1\u2009Die EU-Kommission stellt im Internet unter folgendem Link eine Plattform zur Online-Streitbeilegung bereit: https:\/\/ec.europa.eu\/consumers\/odr<\/p>\n<p>Diese Plattform dient als Anlaufstelle zur au\u00dfergerichtlichen Beilegung von Streitigkeiten aus Online-Kauf- oder Dienstleistungsvertr\u00e4gen, an denen ein Verbraucher beteiligt ist.<\/p>\n","protected":false},"excerpt":{"rendered":"<p>Stand: 01.05.2021 1) Geltungsbereich 1.1\u2009Diese Allgemeinen Gesch\u00e4ftsbedingungen (nachfolgend &#8222;AGB&#8220;) der ULSON Components e.U. Inhaber: Ing. Armin William Hrdlicka, MSc Hettenkofergasse 18-22\/5\/5 1160 Wien Tel.: +43 650 4090600 e-Mail:\u00a0mail@peterulson.com gelten f\u00fcr alle Vertr\u00e4ge \u00fcber die Lieferung von Waren und Dienstleistungen, die ein Verbraucher oder Unternehmer (nachfolgend \u201eKunde\u201c) mit dem Verk\u00e4ufer hinsichtlich dessen Waren und Dienstleistungen abschlie\u00dft. [&hellip;]<\/p>\n","protected":false},"author":1,"featured_media":0,"parent":0,"menu_order":0,"comment_status":"closed","ping_status":"closed","template":"","meta":{"inline_featured_image":false,"footnotes":""},"class_list":["post-3738","page","type-page","status-publish","hentry"],"yoast_head":"<!-- This site is optimized with the Yoast SEO plugin v27.4 - https:\/\/yoast.com\/product\/yoast-seo-wordpress\/ -->\n<title>Allgemeine Gesch\u00e4ftsbedingungen - Peter Ulson<\/title>\n<meta name=\"robots\" content=\"index, follow, max-snippet:-1, max-image-preview:large, max-video-preview:-1\" \/>\n<link rel=\"canonical\" href=\"https:\/\/peterulson.com\/de\/general-terms-and-conditions\/\" \/>\n<meta property=\"og:locale\" content=\"de_DE\" \/>\n<meta property=\"og:type\" content=\"article\" \/>\n<meta property=\"og:title\" content=\"Allgemeine Gesch\u00e4ftsbedingungen - Peter Ulson\" \/>\n<meta property=\"og:description\" content=\"Stand: 01.05.2021 1) Geltungsbereich 1.1\u2009Diese Allgemeinen Gesch\u00e4ftsbedingungen (nachfolgend &#8222;AGB&#8220;) der ULSON Components e.U. Inhaber: Ing. Armin William Hrdlicka, MSc Hettenkofergasse 18-22\/5\/5 1160 Wien Tel.: +43 650 4090600 e-Mail:\u00a0mail@peterulson.com gelten f\u00fcr alle Vertr\u00e4ge \u00fcber die Lieferung von Waren und Dienstleistungen, die ein Verbraucher oder Unternehmer (nachfolgend \u201eKunde\u201c) mit dem Verk\u00e4ufer hinsichtlich dessen Waren und Dienstleistungen abschlie\u00dft. [&hellip;]\" \/>\n<meta property=\"og:url\" content=\"https:\/\/peterulson.com\/de\/general-terms-and-conditions\/\" \/>\n<meta property=\"og:site_name\" content=\"Peter Ulson\" \/>\n<meta property=\"article:publisher\" content=\"https:\/\/www.facebook.com\/UlsonTrading\" \/>\n<meta property=\"article:modified_time\" content=\"2023-11-27T15:40:42+00:00\" \/>\n<meta property=\"og:image\" content=\"https:\/\/peterulson.com\/wp-content\/uploads\/2021\/07\/202524345_125832863019760_3480775364758633859_n.png\" \/>\n\t<meta property=\"og:image:width\" content=\"940\" \/>\n\t<meta property=\"og:image:height\" content=\"788\" \/>\n\t<meta property=\"og:image:type\" content=\"image\/png\" \/>\n<meta name=\"twitter:card\" content=\"summary_large_image\" \/>\n<meta name=\"twitter:label1\" content=\"Gesch\u00e4tzte Lesezeit\" \/>\n\t<meta name=\"twitter:data1\" content=\"6\u00a0Minuten\" \/>\n<script type=\"application\/ld+json\" class=\"yoast-schema-graph\">{\"@context\":\"https:\\\/\\\/schema.org\",\"@graph\":[{\"@type\":\"WebPage\",\"@id\":\"https:\\\/\\\/peterulson.com\\\/de\\\/general-terms-and-conditions\\\/\",\"url\":\"https:\\\/\\\/peterulson.com\\\/de\\\/general-terms-and-conditions\\\/\",\"name\":\"Allgemeine Gesch\u00e4ftsbedingungen - Peter Ulson\",\"isPartOf\":{\"@id\":\"https:\\\/\\\/peterulson.com\\\/de\\\/#website\"},\"datePublished\":\"2021-10-25T09:21:17+00:00\",\"dateModified\":\"2023-11-27T15:40:42+00:00\",\"breadcrumb\":{\"@id\":\"https:\\\/\\\/peterulson.com\\\/de\\\/general-terms-and-conditions\\\/#breadcrumb\"},\"inLanguage\":\"de\",\"potentialAction\":[{\"@type\":\"ReadAction\",\"target\":[\"https:\\\/\\\/peterulson.com\\\/de\\\/general-terms-and-conditions\\\/\"]}]},{\"@type\":\"BreadcrumbList\",\"@id\":\"https:\\\/\\\/peterulson.com\\\/de\\\/general-terms-and-conditions\\\/#breadcrumb\",\"itemListElement\":[{\"@type\":\"ListItem\",\"position\":1,\"name\":\"Home\",\"item\":\"https:\\\/\\\/peterulson.com\\\/de\\\/\"},{\"@type\":\"ListItem\",\"position\":2,\"name\":\"Allgemeine Gesch\u00e4ftsbedingungen\"}]},{\"@type\":\"WebSite\",\"@id\":\"https:\\\/\\\/peterulson.com\\\/de\\\/#website\",\"url\":\"https:\\\/\\\/peterulson.com\\\/de\\\/\",\"name\":\"www.peterulson.com\",\"description\":\"\",\"publisher\":{\"@id\":\"https:\\\/\\\/peterulson.com\\\/de\\\/#organization\"},\"potentialAction\":[{\"@type\":\"SearchAction\",\"target\":{\"@type\":\"EntryPoint\",\"urlTemplate\":\"https:\\\/\\\/peterulson.com\\\/de\\\/?s={search_term_string}\"},\"query-input\":{\"@type\":\"PropertyValueSpecification\",\"valueRequired\":true,\"valueName\":\"search_term_string\"}}],\"inLanguage\":\"de\"},{\"@type\":\"Organization\",\"@id\":\"https:\\\/\\\/peterulson.com\\\/de\\\/#organization\",\"name\":\"ULSON Components\",\"url\":\"https:\\\/\\\/peterulson.com\\\/de\\\/\",\"logo\":{\"@type\":\"ImageObject\",\"inLanguage\":\"de\",\"@id\":\"https:\\\/\\\/peterulson.com\\\/de\\\/#\\\/schema\\\/logo\\\/image\\\/\",\"url\":\"https:\\\/\\\/peterulson.com\\\/wp-content\\\/uploads\\\/2021\\\/07\\\/PeterUlson_Logo_Zeichenflache-1.png\",\"contentUrl\":\"https:\\\/\\\/peterulson.com\\\/wp-content\\\/uploads\\\/2021\\\/07\\\/PeterUlson_Logo_Zeichenflache-1.png\",\"width\":5000,\"height\":1541,\"caption\":\"ULSON Components\"},\"image\":{\"@id\":\"https:\\\/\\\/peterulson.com\\\/de\\\/#\\\/schema\\\/logo\\\/image\\\/\"},\"sameAs\":[\"https:\\\/\\\/www.facebook.com\\\/UlsonTrading\",\"https:\\\/\\\/www.linkedin.com\\\/company\\\/peterulson\\\/?viewAsMember=true\",\"https:\\\/\\\/www.instagram.com\\\/peterulson\\\/\"]}]}<\/script>\n<!-- \/ Yoast SEO plugin. -->","yoast_head_json":{"title":"Allgemeine Gesch\u00e4ftsbedingungen - Peter Ulson","robots":{"index":"index","follow":"follow","max-snippet":"max-snippet:-1","max-image-preview":"max-image-preview:large","max-video-preview":"max-video-preview:-1"},"canonical":"https:\/\/peterulson.com\/de\/general-terms-and-conditions\/","og_locale":"de_DE","og_type":"article","og_title":"Allgemeine Gesch\u00e4ftsbedingungen - Peter Ulson","og_description":"Stand: 01.05.2021 1) Geltungsbereich 1.1\u2009Diese Allgemeinen Gesch\u00e4ftsbedingungen (nachfolgend &#8222;AGB&#8220;) der ULSON Components e.U. Inhaber: Ing. Armin William Hrdlicka, MSc Hettenkofergasse 18-22\/5\/5 1160 Wien Tel.: +43 650 4090600 e-Mail:\u00a0mail@peterulson.com gelten f\u00fcr alle Vertr\u00e4ge \u00fcber die Lieferung von Waren und Dienstleistungen, die ein Verbraucher oder Unternehmer (nachfolgend \u201eKunde\u201c) mit dem Verk\u00e4ufer hinsichtlich dessen Waren und Dienstleistungen abschlie\u00dft. [&hellip;]","og_url":"https:\/\/peterulson.com\/de\/general-terms-and-conditions\/","og_site_name":"Peter Ulson","article_publisher":"https:\/\/www.facebook.com\/UlsonTrading","article_modified_time":"2023-11-27T15:40:42+00:00","og_image":[{"width":940,"height":788,"url":"https:\/\/peterulson.com\/wp-content\/uploads\/2021\/07\/202524345_125832863019760_3480775364758633859_n.png","type":"image\/png"}],"twitter_card":"summary_large_image","twitter_misc":{"Gesch\u00e4tzte Lesezeit":"6\u00a0Minuten"},"schema":{"@context":"https:\/\/schema.org","@graph":[{"@type":"WebPage","@id":"https:\/\/peterulson.com\/de\/general-terms-and-conditions\/","url":"https:\/\/peterulson.com\/de\/general-terms-and-conditions\/","name":"Allgemeine Gesch\u00e4ftsbedingungen - Peter Ulson","isPartOf":{"@id":"https:\/\/peterulson.com\/de\/#website"},"datePublished":"2021-10-25T09:21:17+00:00","dateModified":"2023-11-27T15:40:42+00:00","breadcrumb":{"@id":"https:\/\/peterulson.com\/de\/general-terms-and-conditions\/#breadcrumb"},"inLanguage":"de","potentialAction":[{"@type":"ReadAction","target":["https:\/\/peterulson.com\/de\/general-terms-and-conditions\/"]}]},{"@type":"BreadcrumbList","@id":"https:\/\/peterulson.com\/de\/general-terms-and-conditions\/#breadcrumb","itemListElement":[{"@type":"ListItem","position":1,"name":"Home","item":"https:\/\/peterulson.com\/de\/"},{"@type":"ListItem","position":2,"name":"Allgemeine Gesch\u00e4ftsbedingungen"}]},{"@type":"WebSite","@id":"https:\/\/peterulson.com\/de\/#website","url":"https:\/\/peterulson.com\/de\/","name":"www.peterulson.com","description":"","publisher":{"@id":"https:\/\/peterulson.com\/de\/#organization"},"potentialAction":[{"@type":"SearchAction","target":{"@type":"EntryPoint","urlTemplate":"https:\/\/peterulson.com\/de\/?s={search_term_string}"},"query-input":{"@type":"PropertyValueSpecification","valueRequired":true,"valueName":"search_term_string"}}],"inLanguage":"de"},{"@type":"Organization","@id":"https:\/\/peterulson.com\/de\/#organization","name":"ULSON Components","url":"https:\/\/peterulson.com\/de\/","logo":{"@type":"ImageObject","inLanguage":"de","@id":"https:\/\/peterulson.com\/de\/#\/schema\/logo\/image\/","url":"https:\/\/peterulson.com\/wp-content\/uploads\/2021\/07\/PeterUlson_Logo_Zeichenflache-1.png","contentUrl":"https:\/\/peterulson.com\/wp-content\/uploads\/2021\/07\/PeterUlson_Logo_Zeichenflache-1.png","width":5000,"height":1541,"caption":"ULSON Components"},"image":{"@id":"https:\/\/peterulson.com\/de\/#\/schema\/logo\/image\/"},"sameAs":["https:\/\/www.facebook.com\/UlsonTrading","https:\/\/www.linkedin.com\/company\/peterulson\/?viewAsMember=true","https:\/\/www.instagram.com\/peterulson\/"]}]}},"_links":{"self":[{"href":"https:\/\/peterulson.com\/de\/wp-json\/wp\/v2\/pages\/3738","targetHints":{"allow":["GET"]}}],"collection":[{"href":"https:\/\/peterulson.com\/de\/wp-json\/wp\/v2\/pages"}],"about":[{"href":"https:\/\/peterulson.com\/de\/wp-json\/wp\/v2\/types\/page"}],"author":[{"embeddable":true,"href":"https:\/\/peterulson.com\/de\/wp-json\/wp\/v2\/users\/1"}],"replies":[{"embeddable":true,"href":"https:\/\/peterulson.com\/de\/wp-json\/wp\/v2\/comments?post=3738"}],"version-history":[{"count":6,"href":"https:\/\/peterulson.com\/de\/wp-json\/wp\/v2\/pages\/3738\/revisions"}],"predecessor-version":[{"id":4355,"href":"https:\/\/peterulson.com\/de\/wp-json\/wp\/v2\/pages\/3738\/revisions\/4355"}],"wp:attachment":[{"href":"https:\/\/peterulson.com\/de\/wp-json\/wp\/v2\/media?parent=3738"}],"curies":[{"name":"wp","href":"https:\/\/api.w.org\/{rel}","templated":true}]}}