{"id":3570,"date":"2021-03-25T17:23:17","date_gmt":"2021-03-25T17:23:17","guid":{"rendered":"https:\/\/peterulson.com\/impressum"},"modified":"2023-11-27T15:40:20","modified_gmt":"2023-11-27T15:40:20","slug":"impressum","status":"publish","type":"page","link":"https:\/\/peterulson.com\/de\/impressum\/","title":{"rendered":"Impressum"},"content":{"rendered":"<p>[vc_row][vc_column width=&#8220;1\/6&#8243;][\/vc_column][vc_column width=&#8220;2\/6&#8243;][vc_column_text]Name des Unternehmens<br \/>\n<strong>ULSON Components e.U.<\/strong><\/p>\n<p>Rechtsform<br \/>\n<strong>Einzelfirma<\/strong><\/p>\n<p>Adresse<br \/>\n<strong>Hettenkofergasse 18-22\/5\/5<\/strong><br \/>\n<strong>1160 Wien<\/strong><\/p>\n<p>Inhaber<br \/>\n<strong>Armin William Hrdlicka<\/strong><\/p>\n<p>Tel.<br \/>\n<strong>+43 650 4090600<\/strong><\/p>\n<p>e-Mail<br \/>\n<strong>mail@peterulson.com<\/strong>[\/vc_column_text][\/vc_column][vc_column width=&#8220;2\/6&#8243;][vc_column_text]UID-Nummer<br \/>\n<strong>ATU 52191408<\/strong><\/p>\n<p>Firmenbuchgericht<br \/>\n<strong>Handelsgericht Wien<\/strong><\/p>\n<p>Firmenbuchnummer<br \/>\n<strong>FN 532032 a<\/strong><\/p>\n<p>Unternehmensgegenstand<br \/>\n<strong>Handelsgewerbe mit Ausnahme der reglementierten Handelsgewerbe und Handelsagent<\/strong><\/p>\n<p>Aufsichtsbeh\u00f6rde<br \/>\n<strong>Magistratisches Bezirksamt f\u00fcr den 16. Bezirk, Wien<\/strong><\/p>\n<p>Kammerzugeh\u00f6rigkeit<br \/>\n<strong>Mitglied der Wirtschaftskammer Wien, Fachgruppe LG Versand-, Internet- und allgemeiner Handel<\/strong><\/p>\n<p>Gewerberechtliche Vorschriften<br \/>\n<strong>Gewerbeordnung<\/strong><br \/>\n<strong>(www.ris.bka.gv.at )<\/strong><\/p>\n<p>Richtung der Website (\u201eBlattlinie\u201c)<br \/>\n<strong>Verkauf und Pr\u00e4sentation von Installationsboxen und Rohrbefestigungen sowie Badezimmerprodukten<\/strong>[\/vc_column_text][\/vc_column][vc_column width=&#8220;1\/6&#8243;][\/vc_column][\/vc_row]<\/p>\n","protected":false},"excerpt":{"rendered":"<p>[vc_row][vc_column width=&#8220;1\/6&#8243;][\/vc_column][vc_column width=&#8220;2\/6&#8243;][vc_column_text]Name des Unternehmens ULSON Components e.U. Rechtsform Einzelfirma Adresse Hettenkofergasse 18-22\/5\/5 1160 Wien Inhaber Armin William Hrdlicka Tel. +43 650 4090600 e-Mail mail@peterulson.com[\/vc_column_text][\/vc_column][vc_column width=&#8220;2\/6&#8243;][vc_column_text]UID-Nummer ATU 52191408 Firmenbuchgericht Handelsgericht Wien Firmenbuchnummer FN 532032 a Unternehmensgegenstand Handelsgewerbe mit Ausnahme der reglementierten Handelsgewerbe und Handelsagent Aufsichtsbeh\u00f6rde Magistratisches Bezirksamt f\u00fcr den 16. Bezirk, Wien Kammerzugeh\u00f6rigkeit Mitglied der [&hellip;]<\/p>\n","protected":false},"author":1,"featured_media":0,"parent":0,"menu_order":0,"comment_status":"closed","ping_status":"closed","template":"","meta":{"inline_featured_image":false,"footnotes":""},"class_list":["post-3570","page","type-page","status-publish","hentry"],"yoast_head":"<!-- This site is optimized with the Yoast SEO plugin v27.4 - https:\/\/yoast.com\/product\/yoast-seo-wordpress\/ -->\n<title>Impressum - Peter Ulson<\/title>\n<meta name=\"robots\" content=\"index, follow, max-snippet:-1, max-image-preview:large, max-video-preview:-1\" \/>\n<link rel=\"canonical\" href=\"https:\/\/peterulson.com\/de\/impressum\/\" \/>\n<meta property=\"og:locale\" content=\"de_DE\" \/>\n<meta property=\"og:type\" content=\"article\" \/>\n<meta property=\"og:title\" content=\"Impressum - Peter Ulson\" \/>\n<meta property=\"og:description\" content=\"[vc_row][vc_column width=&#8220;1\/6&#8243;][\/vc_column][vc_column width=&#8220;2\/6&#8243;][vc_column_text]Name des Unternehmens ULSON Components e.U. Rechtsform Einzelfirma Adresse Hettenkofergasse 18-22\/5\/5 1160 Wien Inhaber Armin William Hrdlicka Tel. +43 650 4090600 e-Mail mail@peterulson.com[\/vc_column_text][\/vc_column][vc_column width=&#8220;2\/6&#8243;][vc_column_text]UID-Nummer ATU 52191408 Firmenbuchgericht Handelsgericht Wien Firmenbuchnummer FN 532032 a Unternehmensgegenstand Handelsgewerbe mit Ausnahme der reglementierten Handelsgewerbe und Handelsagent Aufsichtsbeh\u00f6rde Magistratisches Bezirksamt f\u00fcr den 16. Bezirk, Wien Kammerzugeh\u00f6rigkeit Mitglied der [&hellip;]\" \/>\n<meta property=\"og:url\" content=\"https:\/\/peterulson.com\/de\/impressum\/\" \/>\n<meta property=\"og:site_name\" content=\"Peter Ulson\" \/>\n<meta property=\"article:publisher\" content=\"https:\/\/www.facebook.com\/UlsonTrading\" \/>\n<meta property=\"article:modified_time\" content=\"2023-11-27T15:40:20+00:00\" \/>\n<meta property=\"og:image\" content=\"https:\/\/peterulson.com\/wp-content\/uploads\/2021\/07\/202524345_125832863019760_3480775364758633859_n.png\" \/>\n\t<meta property=\"og:image:width\" content=\"940\" \/>\n\t<meta property=\"og:image:height\" content=\"788\" \/>\n\t<meta property=\"og:image:type\" content=\"image\/png\" \/>\n<meta name=\"twitter:card\" content=\"summary_large_image\" \/>\n<meta name=\"twitter:label1\" content=\"Gesch\u00e4tzte Lesezeit\" \/>\n\t<meta name=\"twitter:data1\" content=\"1\u00a0Minute\" \/>\n<script type=\"application\/ld+json\" class=\"yoast-schema-graph\">{\"@context\":\"https:\\\/\\\/schema.org\",\"@graph\":[{\"@type\":\"WebPage\",\"@id\":\"https:\\\/\\\/peterulson.com\\\/de\\\/impressum\\\/\",\"url\":\"https:\\\/\\\/peterulson.com\\\/de\\\/impressum\\\/\",\"name\":\"Impressum - Peter Ulson\",\"isPartOf\":{\"@id\":\"https:\\\/\\\/peterulson.com\\\/de\\\/#website\"},\"datePublished\":\"2021-03-25T17:23:17+00:00\",\"dateModified\":\"2023-11-27T15:40:20+00:00\",\"breadcrumb\":{\"@id\":\"https:\\\/\\\/peterulson.com\\\/de\\\/impressum\\\/#breadcrumb\"},\"inLanguage\":\"de\",\"potentialAction\":[{\"@type\":\"ReadAction\",\"target\":[\"https:\\\/\\\/peterulson.com\\\/de\\\/impressum\\\/\"]}]},{\"@type\":\"BreadcrumbList\",\"@id\":\"https:\\\/\\\/peterulson.com\\\/de\\\/impressum\\\/#breadcrumb\",\"itemListElement\":[{\"@type\":\"ListItem\",\"position\":1,\"name\":\"Home\",\"item\":\"https:\\\/\\\/peterulson.com\\\/de\\\/\"},{\"@type\":\"ListItem\",\"position\":2,\"name\":\"Impressum\"}]},{\"@type\":\"WebSite\",\"@id\":\"https:\\\/\\\/peterulson.com\\\/de\\\/#website\",\"url\":\"https:\\\/\\\/peterulson.com\\\/de\\\/\",\"name\":\"www.peterulson.com\",\"description\":\"\",\"publisher\":{\"@id\":\"https:\\\/\\\/peterulson.com\\\/de\\\/#organization\"},\"potentialAction\":[{\"@type\":\"SearchAction\",\"target\":{\"@type\":\"EntryPoint\",\"urlTemplate\":\"https:\\\/\\\/peterulson.com\\\/de\\\/?s={search_term_string}\"},\"query-input\":{\"@type\":\"PropertyValueSpecification\",\"valueRequired\":true,\"valueName\":\"search_term_string\"}}],\"inLanguage\":\"de\"},{\"@type\":\"Organization\",\"@id\":\"https:\\\/\\\/peterulson.com\\\/de\\\/#organization\",\"name\":\"ULSON Components\",\"url\":\"https:\\\/\\\/peterulson.com\\\/de\\\/\",\"logo\":{\"@type\":\"ImageObject\",\"inLanguage\":\"de\",\"@id\":\"https:\\\/\\\/peterulson.com\\\/de\\\/#\\\/schema\\\/logo\\\/image\\\/\",\"url\":\"https:\\\/\\\/peterulson.com\\\/wp-content\\\/uploads\\\/2021\\\/07\\\/PeterUlson_Logo_Zeichenflache-1.png\",\"contentUrl\":\"https:\\\/\\\/peterulson.com\\\/wp-content\\\/uploads\\\/2021\\\/07\\\/PeterUlson_Logo_Zeichenflache-1.png\",\"width\":5000,\"height\":1541,\"caption\":\"ULSON Components\"},\"image\":{\"@id\":\"https:\\\/\\\/peterulson.com\\\/de\\\/#\\\/schema\\\/logo\\\/image\\\/\"},\"sameAs\":[\"https:\\\/\\\/www.facebook.com\\\/UlsonTrading\",\"https:\\\/\\\/www.linkedin.com\\\/company\\\/peterulson\\\/?viewAsMember=true\",\"https:\\\/\\\/www.instagram.com\\\/peterulson\\\/\"]}]}<\/script>\n<!-- \/ Yoast SEO plugin. -->","yoast_head_json":{"title":"Impressum - Peter Ulson","robots":{"index":"index","follow":"follow","max-snippet":"max-snippet:-1","max-image-preview":"max-image-preview:large","max-video-preview":"max-video-preview:-1"},"canonical":"https:\/\/peterulson.com\/de\/impressum\/","og_locale":"de_DE","og_type":"article","og_title":"Impressum - Peter Ulson","og_description":"[vc_row][vc_column width=&#8220;1\/6&#8243;][\/vc_column][vc_column width=&#8220;2\/6&#8243;][vc_column_text]Name des Unternehmens ULSON Components e.U. Rechtsform Einzelfirma Adresse Hettenkofergasse 18-22\/5\/5 1160 Wien Inhaber Armin William Hrdlicka Tel. +43 650 4090600 e-Mail mail@peterulson.com[\/vc_column_text][\/vc_column][vc_column width=&#8220;2\/6&#8243;][vc_column_text]UID-Nummer ATU 52191408 Firmenbuchgericht Handelsgericht Wien Firmenbuchnummer FN 532032 a Unternehmensgegenstand Handelsgewerbe mit Ausnahme der reglementierten Handelsgewerbe und Handelsagent Aufsichtsbeh\u00f6rde Magistratisches Bezirksamt f\u00fcr den 16. Bezirk, Wien Kammerzugeh\u00f6rigkeit Mitglied der [&hellip;]","og_url":"https:\/\/peterulson.com\/de\/impressum\/","og_site_name":"Peter Ulson","article_publisher":"https:\/\/www.facebook.com\/UlsonTrading","article_modified_time":"2023-11-27T15:40:20+00:00","og_image":[{"width":940,"height":788,"url":"https:\/\/peterulson.com\/wp-content\/uploads\/2021\/07\/202524345_125832863019760_3480775364758633859_n.png","type":"image\/png"}],"twitter_card":"summary_large_image","twitter_misc":{"Gesch\u00e4tzte Lesezeit":"1\u00a0Minute"},"schema":{"@context":"https:\/\/schema.org","@graph":[{"@type":"WebPage","@id":"https:\/\/peterulson.com\/de\/impressum\/","url":"https:\/\/peterulson.com\/de\/impressum\/","name":"Impressum - Peter Ulson","isPartOf":{"@id":"https:\/\/peterulson.com\/de\/#website"},"datePublished":"2021-03-25T17:23:17+00:00","dateModified":"2023-11-27T15:40:20+00:00","breadcrumb":{"@id":"https:\/\/peterulson.com\/de\/impressum\/#breadcrumb"},"inLanguage":"de","potentialAction":[{"@type":"ReadAction","target":["https:\/\/peterulson.com\/de\/impressum\/"]}]},{"@type":"BreadcrumbList","@id":"https:\/\/peterulson.com\/de\/impressum\/#breadcrumb","itemListElement":[{"@type":"ListItem","position":1,"name":"Home","item":"https:\/\/peterulson.com\/de\/"},{"@type":"ListItem","position":2,"name":"Impressum"}]},{"@type":"WebSite","@id":"https:\/\/peterulson.com\/de\/#website","url":"https:\/\/peterulson.com\/de\/","name":"www.peterulson.com","description":"","publisher":{"@id":"https:\/\/peterulson.com\/de\/#organization"},"potentialAction":[{"@type":"SearchAction","target":{"@type":"EntryPoint","urlTemplate":"https:\/\/peterulson.com\/de\/?s={search_term_string}"},"query-input":{"@type":"PropertyValueSpecification","valueRequired":true,"valueName":"search_term_string"}}],"inLanguage":"de"},{"@type":"Organization","@id":"https:\/\/peterulson.com\/de\/#organization","name":"ULSON Components","url":"https:\/\/peterulson.com\/de\/","logo":{"@type":"ImageObject","inLanguage":"de","@id":"https:\/\/peterulson.com\/de\/#\/schema\/logo\/image\/","url":"https:\/\/peterulson.com\/wp-content\/uploads\/2021\/07\/PeterUlson_Logo_Zeichenflache-1.png","contentUrl":"https:\/\/peterulson.com\/wp-content\/uploads\/2021\/07\/PeterUlson_Logo_Zeichenflache-1.png","width":5000,"height":1541,"caption":"ULSON Components"},"image":{"@id":"https:\/\/peterulson.com\/de\/#\/schema\/logo\/image\/"},"sameAs":["https:\/\/www.facebook.com\/UlsonTrading","https:\/\/www.linkedin.com\/company\/peterulson\/?viewAsMember=true","https:\/\/www.instagram.com\/peterulson\/"]}]}},"_links":{"self":[{"href":"https:\/\/peterulson.com\/de\/wp-json\/wp\/v2\/pages\/3570","targetHints":{"allow":["GET"]}}],"collection":[{"href":"https:\/\/peterulson.com\/de\/wp-json\/wp\/v2\/pages"}],"about":[{"href":"https:\/\/peterulson.com\/de\/wp-json\/wp\/v2\/types\/page"}],"author":[{"embeddable":true,"href":"https:\/\/peterulson.com\/de\/wp-json\/wp\/v2\/users\/1"}],"replies":[{"embeddable":true,"href":"https:\/\/peterulson.com\/de\/wp-json\/wp\/v2\/comments?post=3570"}],"version-history":[{"count":6,"href":"https:\/\/peterulson.com\/de\/wp-json\/wp\/v2\/pages\/3570\/revisions"}],"predecessor-version":[{"id":4354,"href":"https:\/\/peterulson.com\/de\/wp-json\/wp\/v2\/pages\/3570\/revisions\/4354"}],"wp:attachment":[{"href":"https:\/\/peterulson.com\/de\/wp-json\/wp\/v2\/media?parent=3570"}],"curies":[{"name":"wp","href":"https:\/\/api.w.org\/{rel}","templated":true}]}}