{"id":3567,"date":"2017-01-10T15:46:33","date_gmt":"2017-01-10T15:46:33","guid":{"rendered":"https:\/\/peterulson.com\/kontakt"},"modified":"2023-10-14T11:15:09","modified_gmt":"2023-10-14T11:15:09","slug":"kontakt","status":"publish","type":"page","link":"https:\/\/peterulson.com\/de\/kontakt\/","title":{"rendered":"Kontakt"},"content":{"rendered":"<p>[vc_row css=&#8220;.vc_custom_1485770490742{margin-bottom: 100px !important;}&#8220;][vc_column width=&#8220;1\/6&#8243;][\/vc_column][vc_column width=&#8220;2\/3&#8243;][vc_column_text css=&#8220;.vc_custom_1631598287454{margin-bottom: 0px !important;}&#8220;]<\/p>\n<h4 style=\"text-align: center;\"><strong><span style=\"color: #e01414;\">Kontaktieren Sie uns f\u00fcr weitere Fragen, m\u00f6gliche Projekte und Gesch\u00e4ftspartnerschaften<\/span><\/strong><\/h4>\n<p>[\/vc_column_text][\/vc_column][vc_column width=&#8220;1\/6&#8243;][\/vc_column][\/vc_row][vc_row css=&#8220;.vc_custom_1485770484998{margin-bottom: 100px !important;}&#8220;][vc_column width=&#8220;1\/3&#8243;][vc_icon type=&#8220;linecons&#8220; icon_linecons=&#8220;vc_li vc_li-phone&#8220; color=&#8220;black&#8220; background_style=&#8220;rounded-outline&#8220; background_color=&#8220;black&#8220; align=&#8220;center&#8220;][vc_column_text]<\/p>\n<h4 style=\"text-align: center;\">F\u00fcr weitere Informationen rufen Sie bitte unsere Vertriebsb\u00fcros an:<\/h4>\n<p>[\/vc_column_text][vc_column_text]<\/p>\n<p style=\"text-align: center;\">UK (Beds): +44 207 183 1895<br \/>\nZypern (Larnaca): +357 99 106 727<br \/>\nRum\u00e4nien (Oradea): +43 676 393 3834<\/p>\n<p>[\/vc_column_text][vc_column_text]<\/p>\n<h5 style=\"text-align: center;\"><a href=\"mailto:mail@peterulson.com\">mail@peterulson.com<\/a><\/h5>\n<p>[\/vc_column_text][\/vc_column][vc_column width=&#8220;1\/3&#8243;][vc_icon type=&#8220;linecons&#8220; icon_linecons=&#8220;vc_li vc_li-location&#8220; color=&#8220;black&#8220; background_style=&#8220;rounded-outline&#8220; background_color=&#8220;black&#8220; align=&#8220;center&#8220;][vc_column_text]<\/p>\n<h4 style=\"text-align: center;\">Zentrale:<\/h4>\n<p>[\/vc_column_text][vc_column_text]<\/p>\n<p style=\"text-align: center;\">PETER ULSON TRADING<br \/>\nHettenkofergasse 18-22\/5\/5<br \/>\n1160 Vienna<br \/>\nAustria<\/p>\n<p>[\/vc_column_text][vc_column_text]<\/p>\n<h5 style=\"text-align: center;\"><a href=\"mailto:peter.ulson@peterulson.com\">peter.ulson@peterulson.com<\/a><\/h5>\n<p>[\/vc_column_text][\/vc_column][vc_column width=&#8220;1\/3&#8243;][vc_icon type=&#8220;linecons&#8220; icon_linecons=&#8220;vc_li vc_li-user&#8220; color=&#8220;black&#8220; background_style=&#8220;rounded-outline&#8220; background_color=&#8220;black&#8220; align=&#8220;center&#8220;][vc_column_text]<\/p>\n<h4 style=\"text-align: center;\">Vertriebspartner gesucht:<\/h4>\n<p>[\/vc_column_text][vc_column_text]<\/p>\n<p style=\"text-align: center;\">Wir sind immer auf der Suche nach Vertriebspartnern und H\u00e4ndlern f\u00fcr unsere Produkte. Wenn Sie Teil eines erfolgreichen Netzwerks von Spezialisten f\u00fcr Sanit\u00e4rinnovationen in Europa, USA, Kanada, Neuseeland, Australien und S\u00fcdafrika werden m\u00f6chten, kontaktieren Sie uns bitte unter:<\/p>\n<p>[\/vc_column_text][vc_column_text]<\/p>\n<h5 style=\"text-align: center;\"><a href=\"mailto:dealerswanted@peterulson.com\">dealerswanted@peterulson.com<\/a><\/h5>\n<p>[\/vc_column_text][\/vc_column][\/vc_row][vc_row full_width=&#8220;stretch_row_content_no_spaces&#8220; background_style=&#8220;normal&#8220;][vc_column][vc_gmaps link=&#8220;#E-8_JTNDaWZyYW1lJTIwc3JjJTNEJTIyaHR0cHMlM0ElMkYlMkZ3d3cuZ29vZ2xlLmNvbSUyRm1hcHMlMkZlbWJlZCUzRnBiJTNEJTIxMW0xOCUyMTFtMTIlMjExbTMlMjExZDI2NTguNzU0NzIyMzI2MTAzNSUyMTJkMTYuMzEyMTE4NzE2MDQwOTI4JTIxM2Q0OC4yMTEzNDAxNzkyMjkzNzQlMjEybTMlMjExZjAlMjEyZjAlMjEzZjAlMjEzbTIlMjExaTEwMjQlMjEyaTc2OCUyMTRmMTMuMSUyMTNtMyUyMTFtMiUyMTFzMHg0NzZkMDk1OWNjZWZiYTBmJTI1M0EweDJiYTUyODZjNWYxODY4NSUyMTJzVWxzb24lMjUyMFRyYWRpbmclMjUyMGUuVS4lMjE1ZTAlMjEzbTIlMjExc2RlJTIxMnNkZSUyMTR2MTYyNDM0NDk4OTAyMSUyMTVtMiUyMTFzZGUlMjEyc2RlJTIyJTIwd2lkdGglM0QlMjI2MDAlMjIlMjBoZWlnaHQlM0QlMjI0NTAlMjIlMjBzdHlsZSUzRCUyMmJvcmRlciUzQTAlM0IlMjIlMjBhbGxvd2Z1bGxzY3JlZW4lM0QlMjIlMjIlMjBsb2FkaW5nJTNEJTIybGF6eSUyMiUzRSUzQyUyRmlmcmFtZSUzRQ==&#8220;][\/vc_column][\/vc_row]<\/p>\n","protected":false},"excerpt":{"rendered":"<p>[vc_row css=&#8220;.vc_custom_1485770490742{margin-bottom: 100px !important;}&#8220;][vc_column width=&#8220;1\/6&#8243;][\/vc_column][vc_column width=&#8220;2\/3&#8243;][vc_column_text css=&#8220;.vc_custom_1631598287454{margin-bottom: 0px !important;}&#8220;] Kontaktieren Sie uns f\u00fcr weitere Fragen, m\u00f6gliche Projekte und Gesch\u00e4ftspartnerschaften [\/vc_column_text][\/vc_column][vc_column width=&#8220;1\/6&#8243;][\/vc_column][\/vc_row][vc_row css=&#8220;.vc_custom_1485770484998{margin-bottom: 100px !important;}&#8220;][vc_column width=&#8220;1\/3&#8243;][vc_icon type=&#8220;linecons&#8220; icon_linecons=&#8220;vc_li vc_li-phone&#8220; color=&#8220;black&#8220; background_style=&#8220;rounded-outline&#8220; background_color=&#8220;black&#8220; align=&#8220;center&#8220;][vc_column_text] F\u00fcr weitere Informationen rufen Sie bitte unsere Vertriebsb\u00fcros an: [\/vc_column_text][vc_column_text] UK (Beds): +44 207 183 1895 Zypern (Larnaca): +357 99 106 727 Rum\u00e4nien [&hellip;]<\/p>\n","protected":false},"author":1,"featured_media":0,"parent":0,"menu_order":0,"comment_status":"closed","ping_status":"closed","template":"page-boxed.php","meta":{"inline_featured_image":false,"footnotes":""},"class_list":["post-3567","page","type-page","status-publish","hentry"],"yoast_head":"<!-- This site is optimized with the Yoast SEO plugin v27.4 - https:\/\/yoast.com\/product\/yoast-seo-wordpress\/ -->\n<title>Kontakt - Peter Ulson<\/title>\n<meta name=\"robots\" content=\"index, follow, max-snippet:-1, max-image-preview:large, max-video-preview:-1\" \/>\n<link rel=\"canonical\" href=\"https:\/\/peterulson.com\/de\/kontakt\/\" \/>\n<meta property=\"og:locale\" content=\"de_DE\" \/>\n<meta property=\"og:type\" content=\"article\" \/>\n<meta property=\"og:title\" content=\"Kontakt - Peter Ulson\" \/>\n<meta property=\"og:description\" content=\"[vc_row css=&#8220;.vc_custom_1485770490742{margin-bottom: 100px !important;}&#8220;][vc_column width=&#8220;1\/6&#8243;][\/vc_column][vc_column width=&#8220;2\/3&#8243;][vc_column_text css=&#8220;.vc_custom_1631598287454{margin-bottom: 0px !important;}&#8220;] Kontaktieren Sie uns f\u00fcr weitere Fragen, m\u00f6gliche Projekte und Gesch\u00e4ftspartnerschaften [\/vc_column_text][\/vc_column][vc_column width=&#8220;1\/6&#8243;][\/vc_column][\/vc_row][vc_row css=&#8220;.vc_custom_1485770484998{margin-bottom: 100px !important;}&#8220;][vc_column width=&#8220;1\/3&#8243;][vc_icon type=&#8220;linecons&#8220; icon_linecons=&#8220;vc_li vc_li-phone&#8220; color=&#8220;black&#8220; background_style=&#8220;rounded-outline&#8220; background_color=&#8220;black&#8220; align=&#8220;center&#8220;][vc_column_text] F\u00fcr weitere Informationen rufen Sie bitte unsere Vertriebsb\u00fcros an: [\/vc_column_text][vc_column_text] UK (Beds): +44 207 183 1895 Zypern (Larnaca): +357 99 106 727 Rum\u00e4nien [&hellip;]\" \/>\n<meta property=\"og:url\" content=\"https:\/\/peterulson.com\/de\/kontakt\/\" \/>\n<meta property=\"og:site_name\" content=\"Peter Ulson\" \/>\n<meta property=\"article:publisher\" content=\"https:\/\/www.facebook.com\/UlsonTrading\" \/>\n<meta property=\"article:modified_time\" content=\"2023-10-14T11:15:09+00:00\" \/>\n<meta property=\"og:image\" content=\"https:\/\/peterulson.com\/wp-content\/uploads\/2021\/07\/202524345_125832863019760_3480775364758633859_n.png\" \/>\n\t<meta property=\"og:image:width\" content=\"940\" \/>\n\t<meta property=\"og:image:height\" content=\"788\" \/>\n\t<meta property=\"og:image:type\" content=\"image\/png\" \/>\n<meta name=\"twitter:card\" content=\"summary_large_image\" \/>\n<meta name=\"twitter:label1\" content=\"Gesch\u00e4tzte Lesezeit\" \/>\n\t<meta name=\"twitter:data1\" content=\"1\u00a0Minute\" \/>\n<script type=\"application\/ld+json\" class=\"yoast-schema-graph\">{\"@context\":\"https:\\\/\\\/schema.org\",\"@graph\":[{\"@type\":\"WebPage\",\"@id\":\"https:\\\/\\\/peterulson.com\\\/de\\\/kontakt\\\/\",\"url\":\"https:\\\/\\\/peterulson.com\\\/de\\\/kontakt\\\/\",\"name\":\"Kontakt - Peter Ulson\",\"isPartOf\":{\"@id\":\"https:\\\/\\\/peterulson.com\\\/de\\\/#website\"},\"datePublished\":\"2017-01-10T15:46:33+00:00\",\"dateModified\":\"2023-10-14T11:15:09+00:00\",\"breadcrumb\":{\"@id\":\"https:\\\/\\\/peterulson.com\\\/de\\\/kontakt\\\/#breadcrumb\"},\"inLanguage\":\"de\",\"potentialAction\":[{\"@type\":\"ReadAction\",\"target\":[\"https:\\\/\\\/peterulson.com\\\/de\\\/kontakt\\\/\"]}]},{\"@type\":\"BreadcrumbList\",\"@id\":\"https:\\\/\\\/peterulson.com\\\/de\\\/kontakt\\\/#breadcrumb\",\"itemListElement\":[{\"@type\":\"ListItem\",\"position\":1,\"name\":\"Home\",\"item\":\"https:\\\/\\\/peterulson.com\\\/de\\\/\"},{\"@type\":\"ListItem\",\"position\":2,\"name\":\"Kontakt\"}]},{\"@type\":\"WebSite\",\"@id\":\"https:\\\/\\\/peterulson.com\\\/de\\\/#website\",\"url\":\"https:\\\/\\\/peterulson.com\\\/de\\\/\",\"name\":\"www.peterulson.com\",\"description\":\"\",\"publisher\":{\"@id\":\"https:\\\/\\\/peterulson.com\\\/de\\\/#organization\"},\"potentialAction\":[{\"@type\":\"SearchAction\",\"target\":{\"@type\":\"EntryPoint\",\"urlTemplate\":\"https:\\\/\\\/peterulson.com\\\/de\\\/?s={search_term_string}\"},\"query-input\":{\"@type\":\"PropertyValueSpecification\",\"valueRequired\":true,\"valueName\":\"search_term_string\"}}],\"inLanguage\":\"de\"},{\"@type\":\"Organization\",\"@id\":\"https:\\\/\\\/peterulson.com\\\/de\\\/#organization\",\"name\":\"ULSON Components\",\"url\":\"https:\\\/\\\/peterulson.com\\\/de\\\/\",\"logo\":{\"@type\":\"ImageObject\",\"inLanguage\":\"de\",\"@id\":\"https:\\\/\\\/peterulson.com\\\/de\\\/#\\\/schema\\\/logo\\\/image\\\/\",\"url\":\"https:\\\/\\\/peterulson.com\\\/wp-content\\\/uploads\\\/2021\\\/07\\\/PeterUlson_Logo_Zeichenflache-1.png\",\"contentUrl\":\"https:\\\/\\\/peterulson.com\\\/wp-content\\\/uploads\\\/2021\\\/07\\\/PeterUlson_Logo_Zeichenflache-1.png\",\"width\":5000,\"height\":1541,\"caption\":\"ULSON Components\"},\"image\":{\"@id\":\"https:\\\/\\\/peterulson.com\\\/de\\\/#\\\/schema\\\/logo\\\/image\\\/\"},\"sameAs\":[\"https:\\\/\\\/www.facebook.com\\\/UlsonTrading\",\"https:\\\/\\\/www.linkedin.com\\\/company\\\/peterulson\\\/?viewAsMember=true\",\"https:\\\/\\\/www.instagram.com\\\/peterulson\\\/\"]}]}<\/script>\n<!-- \/ Yoast SEO plugin. -->","yoast_head_json":{"title":"Kontakt - Peter Ulson","robots":{"index":"index","follow":"follow","max-snippet":"max-snippet:-1","max-image-preview":"max-image-preview:large","max-video-preview":"max-video-preview:-1"},"canonical":"https:\/\/peterulson.com\/de\/kontakt\/","og_locale":"de_DE","og_type":"article","og_title":"Kontakt - Peter Ulson","og_description":"[vc_row css=&#8220;.vc_custom_1485770490742{margin-bottom: 100px !important;}&#8220;][vc_column width=&#8220;1\/6&#8243;][\/vc_column][vc_column width=&#8220;2\/3&#8243;][vc_column_text css=&#8220;.vc_custom_1631598287454{margin-bottom: 0px !important;}&#8220;] Kontaktieren Sie uns f\u00fcr weitere Fragen, m\u00f6gliche Projekte und Gesch\u00e4ftspartnerschaften [\/vc_column_text][\/vc_column][vc_column width=&#8220;1\/6&#8243;][\/vc_column][\/vc_row][vc_row css=&#8220;.vc_custom_1485770484998{margin-bottom: 100px !important;}&#8220;][vc_column width=&#8220;1\/3&#8243;][vc_icon type=&#8220;linecons&#8220; icon_linecons=&#8220;vc_li vc_li-phone&#8220; color=&#8220;black&#8220; background_style=&#8220;rounded-outline&#8220; background_color=&#8220;black&#8220; align=&#8220;center&#8220;][vc_column_text] F\u00fcr weitere Informationen rufen Sie bitte unsere Vertriebsb\u00fcros an: [\/vc_column_text][vc_column_text] UK (Beds): +44 207 183 1895 Zypern (Larnaca): +357 99 106 727 Rum\u00e4nien [&hellip;]","og_url":"https:\/\/peterulson.com\/de\/kontakt\/","og_site_name":"Peter Ulson","article_publisher":"https:\/\/www.facebook.com\/UlsonTrading","article_modified_time":"2023-10-14T11:15:09+00:00","og_image":[{"width":940,"height":788,"url":"https:\/\/peterulson.com\/wp-content\/uploads\/2021\/07\/202524345_125832863019760_3480775364758633859_n.png","type":"image\/png"}],"twitter_card":"summary_large_image","twitter_misc":{"Gesch\u00e4tzte Lesezeit":"1\u00a0Minute"},"schema":{"@context":"https:\/\/schema.org","@graph":[{"@type":"WebPage","@id":"https:\/\/peterulson.com\/de\/kontakt\/","url":"https:\/\/peterulson.com\/de\/kontakt\/","name":"Kontakt - Peter Ulson","isPartOf":{"@id":"https:\/\/peterulson.com\/de\/#website"},"datePublished":"2017-01-10T15:46:33+00:00","dateModified":"2023-10-14T11:15:09+00:00","breadcrumb":{"@id":"https:\/\/peterulson.com\/de\/kontakt\/#breadcrumb"},"inLanguage":"de","potentialAction":[{"@type":"ReadAction","target":["https:\/\/peterulson.com\/de\/kontakt\/"]}]},{"@type":"BreadcrumbList","@id":"https:\/\/peterulson.com\/de\/kontakt\/#breadcrumb","itemListElement":[{"@type":"ListItem","position":1,"name":"Home","item":"https:\/\/peterulson.com\/de\/"},{"@type":"ListItem","position":2,"name":"Kontakt"}]},{"@type":"WebSite","@id":"https:\/\/peterulson.com\/de\/#website","url":"https:\/\/peterulson.com\/de\/","name":"www.peterulson.com","description":"","publisher":{"@id":"https:\/\/peterulson.com\/de\/#organization"},"potentialAction":[{"@type":"SearchAction","target":{"@type":"EntryPoint","urlTemplate":"https:\/\/peterulson.com\/de\/?s={search_term_string}"},"query-input":{"@type":"PropertyValueSpecification","valueRequired":true,"valueName":"search_term_string"}}],"inLanguage":"de"},{"@type":"Organization","@id":"https:\/\/peterulson.com\/de\/#organization","name":"ULSON Components","url":"https:\/\/peterulson.com\/de\/","logo":{"@type":"ImageObject","inLanguage":"de","@id":"https:\/\/peterulson.com\/de\/#\/schema\/logo\/image\/","url":"https:\/\/peterulson.com\/wp-content\/uploads\/2021\/07\/PeterUlson_Logo_Zeichenflache-1.png","contentUrl":"https:\/\/peterulson.com\/wp-content\/uploads\/2021\/07\/PeterUlson_Logo_Zeichenflache-1.png","width":5000,"height":1541,"caption":"ULSON Components"},"image":{"@id":"https:\/\/peterulson.com\/de\/#\/schema\/logo\/image\/"},"sameAs":["https:\/\/www.facebook.com\/UlsonTrading","https:\/\/www.linkedin.com\/company\/peterulson\/?viewAsMember=true","https:\/\/www.instagram.com\/peterulson\/"]}]}},"_links":{"self":[{"href":"https:\/\/peterulson.com\/de\/wp-json\/wp\/v2\/pages\/3567","targetHints":{"allow":["GET"]}}],"collection":[{"href":"https:\/\/peterulson.com\/de\/wp-json\/wp\/v2\/pages"}],"about":[{"href":"https:\/\/peterulson.com\/de\/wp-json\/wp\/v2\/types\/page"}],"author":[{"embeddable":true,"href":"https:\/\/peterulson.com\/de\/wp-json\/wp\/v2\/users\/1"}],"replies":[{"embeddable":true,"href":"https:\/\/peterulson.com\/de\/wp-json\/wp\/v2\/comments?post=3567"}],"version-history":[{"count":13,"href":"https:\/\/peterulson.com\/de\/wp-json\/wp\/v2\/pages\/3567\/revisions"}],"predecessor-version":[{"id":4332,"href":"https:\/\/peterulson.com\/de\/wp-json\/wp\/v2\/pages\/3567\/revisions\/4332"}],"wp:attachment":[{"href":"https:\/\/peterulson.com\/de\/wp-json\/wp\/v2\/media?parent=3567"}],"curies":[{"name":"wp","href":"https:\/\/api.w.org\/{rel}","templated":true}]}}