{"id":3565,"date":"2021-05-03T21:48:54","date_gmt":"2021-05-03T21:48:54","guid":{"rendered":"https:\/\/peterulson.com\/rucktrittsbelehrung"},"modified":"2023-10-14T11:21:46","modified_gmt":"2023-10-14T11:21:46","slug":"rucktrittsbelehrung","status":"publish","type":"page","link":"https:\/\/peterulson.com\/de\/rucktrittsbelehrung\/","title":{"rendered":"R\u00fccktrittsbelehrung &#038; R\u00fccktrittsformular"},"content":{"rendered":"<p>[vc_row][vc_column width=&#8220;1\/6&#8243;][\/vc_column][vc_column width=&#8220;2\/3&#8243;][vc_column_text]<strong>R\u00fccktrittsbelehrung &amp; R\u00fccktritts(Widerruf)formular<\/strong><\/p>\n<p>Verbrauchern mit Wohnsitz in der EU steht ein R\u00fccktrittsrecht nach folgender Ma\u00dfgabe zu, wobei Verbraucher jede nat\u00fcrliche Person ist, die ein Gesch\u00e4ft t\u00e4tigt, das nicht zum Betrieb ihres Unternehmens geh\u00f6rt.<\/p>\n<p><strong>A.\u00a0R\u00fccktrittsbelehrung<\/strong><\/p>\n<p><strong>R\u00fccktrittsrecht<\/strong><\/p>\n<p>Sie haben das Recht, binnen vierzehn Tagen ohne Angabe von Gr\u00fcnden von diesem Vertrag zur\u00fcckzutreten<\/p>\n<p>Die R\u00fccktrittsfrist betr\u00e4gt vierzehn Tage und beginnt ab dem Tag, an dem Sie oder ein von Ihnen benannter Dritter, der nicht der Bef\u00f6rderer ist, die Ware, bei Teillieferungen die letzte Ware, in Besitz genommen haben bzw. hat.<\/p>\n<p>Um Ihr R\u00fccktrittsrecht auszu\u00fcben, m\u00fcssen Sie mir,<\/p>\n<p>Ulson Trading e.U.<br \/>\nInhaber: Ing. Armin William Hrdlicka, MSc<br \/>\nHettenkofergasse 18-22\/5\/5<br \/>\n1160 Wien<br \/>\nTel.: +43 650 4090600<br \/>\ne-Mail:\u00a0<a href=\"mailto:mail@peterulson.com\">mail@peterulson.com<\/a><\/p>\n<p>mittels einer eindeutigen Erkl\u00e4rung (z. B. ein mit der Post versandter Brief oder E-Mail) \u00fcber Ihren Entschluss, von diesem Vertrag zur\u00fcckzutreten, informieren. Sie k\u00f6nnen daf\u00fcr das beigef\u00fcgte Muster-R\u00fccktrittsformular verwenden, das jedoch nicht vorgeschrieben ist.<\/p>\n<p>Zur Wahrung der R\u00fccktrittsfrist reicht es aus, dass Sie die Mitteilung \u00fcber die Aus\u00fcbung des R\u00fccktrittsrechts vor Ablauf der R\u00fccktrittsfrist absenden.<\/p>\n<p><strong>Folgen des R\u00fccktritts<\/strong><\/p>\n<p>Wenn Sie von diesem Vertrag zur\u00fccktreten, haben wir Ihnen alle Zahlungen, die wir von Ihnen erhalten haben, einschlie\u00dflich der Lieferkosten (mit Ausnahme der zus\u00e4tzlichen Kosten, die sich daraus ergeben, dass Sie eine andere Art der Lieferung als die von uns angebotene, g\u00fcnstigste Standardlieferung gew\u00e4hlt haben), unverz\u00fcglich und sp\u00e4testens binnen vierzehn Tagen ab dem Tag zur\u00fcckzuzahlen, an dem die Mitteilung \u00fcber Ihren R\u00fccktritt dieses Vertrags bei uns eingegangen ist. F\u00fcr diese R\u00fcckzahlung verwenden wir dasselbe Zahlungsmittel, das Sie bei der urspr\u00fcnglichen Transaktion eingesetzt haben, es sei denn, mit Ihnen wurde ausdr\u00fccklich etwas anderes vereinbart;<\/p>\n<p>In keinem Fall werden Ihnen wegen dieser R\u00fcckzahlung Entgelte berechnet. Wir k\u00f6nnen die R\u00fcckzahlung verweigern, bis wir die Waren wieder zur\u00fcckerhalten haben oder bis Sie den Nachweis erbracht haben, dass Sie die Waren zur\u00fcckgesandt haben, je nachdem, welches der fr\u00fchere Zeitpunkt ist.<\/p>\n<p>Sie haben die Waren unverz\u00fcglich und in jedem Fall sp\u00e4testens binnen vierzehn Tagen ab dem Tag, an dem Sie uns \u00fcber den R\u00fccktritt dieses Vertrags unterrichten, an uns zur\u00fcckzusenden oder zu \u00fcbergeben. Die Frist ist gewahrt, wenn Sie die Waren vor Ablauf der Frist von vierzehn Tagen absenden.<\/p>\n<p>Sie tragen die unmittelbaren Kosten der R\u00fccksendung der Waren.<\/p>\n<p>Sie m\u00fcssen f\u00fcr einen etwaigen Wertverlust der Waren nur aufkommen, wenn dieser Wertverlust auf einen zur Pr\u00fcfung der Beschaffenheit, Eigenschaften und Funktionsweise der Waren nicht notwendigen Umgang mit ihnen zur\u00fcckzuf\u00fchren ist.<\/p>\n<p><strong>Ausschluss bzw. vorzeitiges Erl\u00f6schen des R\u00fccktrittsrechts<\/strong><\/p>\n<p>Das R\u00fccktrittsrecht besteht nicht bei Konsumenten, die keinen Wohnsitz in der EU haben. Das R\u00fccktrittsrecht besteht ferner nicht bei Vertr\u00e4gen \u00fcber die Lieferung von\u00a0Waren, die nach Kundenspezifikationen angefertigt werden oder eindeutig auf die\u00a0pers\u00f6nlichen Bed\u00fcrfnisse zugeschnitten sind.<\/p>\n<p><strong>B. R\u00fccktrittsformular<\/strong><\/p>\n<p>Wenn Sie von diesem Vertrag zur\u00fccktreten wollen, dann f\u00fcllen Sie bitte dieses Formular aus und senden Sie es zur\u00fcck.<\/p>\n<p>Ulson Trading e.U.<br \/>\nInhaber: Ing. Armin William Hrdlicka, MSc<br \/>\nHettenkofergasse 18-22\/5\/5<br \/>\n1160 Wien<br \/>\nTel.: +43 650 4090600<br \/>\ne-Mail:\u00a0<a href=\"mailto:mail@peterulson.com\">mail@peterulson.com<\/a><\/p>\n<p>Hiermit widerrufe(n) ich\/wir (*) den von mir\/uns (*) abgeschlossenen Vertrag \u00fcber den Kauf der folgenden Waren (*)\/die Erbringung der folgenden Dienstleistung (*)<\/p>\n<p>_______________________________________________________<\/p>\n<p>_______________________________________________________<\/p>\n<p>Bestellt am (*) ____________ \/ erhalten am (*) __________________<\/p>\n<p>________________________________________________________<br \/>\nName des\/der Verbraucher(s)<\/p>\n<p>________________________________________________________<br \/>\nAnschrift des\/der Verbraucher(s)<\/p>\n<p>________________________________________________________<br \/>\nUnterschrift des\/der Verbraucher(s) (nur bei Mitteilung auf Papier)<\/p>\n<p>_________________________<br \/>\nDatum<\/p>\n<p>(*) Unzutreffendes streichen[\/vc_column_text][\/vc_column][vc_column width=&#8220;1\/6&#8243;][\/vc_column][\/vc_row]<\/p>\n","protected":false},"excerpt":{"rendered":"<p>[vc_row][vc_column width=&#8220;1\/6&#8243;][\/vc_column][vc_column width=&#8220;2\/3&#8243;][vc_column_text]R\u00fccktrittsbelehrung &amp; R\u00fccktritts(Widerruf)formular Verbrauchern mit Wohnsitz in der EU steht ein R\u00fccktrittsrecht nach folgender Ma\u00dfgabe zu, wobei Verbraucher jede nat\u00fcrliche Person ist, die ein Gesch\u00e4ft t\u00e4tigt, das nicht zum Betrieb ihres Unternehmens geh\u00f6rt. A.\u00a0R\u00fccktrittsbelehrung R\u00fccktrittsrecht Sie haben das Recht, binnen vierzehn Tagen ohne Angabe von Gr\u00fcnden von diesem Vertrag zur\u00fcckzutreten Die R\u00fccktrittsfrist betr\u00e4gt [&hellip;]<\/p>\n","protected":false},"author":1,"featured_media":0,"parent":0,"menu_order":0,"comment_status":"closed","ping_status":"closed","template":"","meta":{"inline_featured_image":false,"footnotes":""},"class_list":["post-3565","page","type-page","status-publish","hentry"],"yoast_head":"<!-- This site is optimized with the Yoast SEO plugin v27.4 - https:\/\/yoast.com\/product\/yoast-seo-wordpress\/ -->\n<title>R\u00fccktrittsbelehrung &amp; R\u00fccktrittsformular - Peter Ulson<\/title>\n<meta name=\"robots\" content=\"index, follow, max-snippet:-1, max-image-preview:large, max-video-preview:-1\" \/>\n<link rel=\"canonical\" href=\"https:\/\/peterulson.com\/de\/rucktrittsbelehrung\/\" \/>\n<meta property=\"og:locale\" content=\"de_DE\" \/>\n<meta property=\"og:type\" content=\"article\" \/>\n<meta property=\"og:title\" content=\"R\u00fccktrittsbelehrung &amp; R\u00fccktrittsformular - Peter Ulson\" \/>\n<meta property=\"og:description\" content=\"[vc_row][vc_column width=&#8220;1\/6&#8243;][\/vc_column][vc_column width=&#8220;2\/3&#8243;][vc_column_text]R\u00fccktrittsbelehrung &amp; R\u00fccktritts(Widerruf)formular Verbrauchern mit Wohnsitz in der EU steht ein R\u00fccktrittsrecht nach folgender Ma\u00dfgabe zu, wobei Verbraucher jede nat\u00fcrliche Person ist, die ein Gesch\u00e4ft t\u00e4tigt, das nicht zum Betrieb ihres Unternehmens geh\u00f6rt. A.\u00a0R\u00fccktrittsbelehrung R\u00fccktrittsrecht Sie haben das Recht, binnen vierzehn Tagen ohne Angabe von Gr\u00fcnden von diesem Vertrag zur\u00fcckzutreten Die R\u00fccktrittsfrist betr\u00e4gt [&hellip;]\" \/>\n<meta property=\"og:url\" content=\"https:\/\/peterulson.com\/de\/rucktrittsbelehrung\/\" \/>\n<meta property=\"og:site_name\" content=\"Peter Ulson\" \/>\n<meta property=\"article:publisher\" content=\"https:\/\/www.facebook.com\/UlsonTrading\" \/>\n<meta property=\"article:modified_time\" content=\"2023-10-14T11:21:46+00:00\" \/>\n<meta property=\"og:image\" content=\"https:\/\/peterulson.com\/wp-content\/uploads\/2021\/07\/202524345_125832863019760_3480775364758633859_n.png\" \/>\n\t<meta property=\"og:image:width\" content=\"940\" \/>\n\t<meta property=\"og:image:height\" content=\"788\" \/>\n\t<meta property=\"og:image:type\" content=\"image\/png\" \/>\n<meta name=\"twitter:card\" content=\"summary_large_image\" \/>\n<meta name=\"twitter:label1\" content=\"Gesch\u00e4tzte Lesezeit\" \/>\n\t<meta name=\"twitter:data1\" content=\"3\u00a0Minuten\" \/>\n<script type=\"application\/ld+json\" class=\"yoast-schema-graph\">{\"@context\":\"https:\\\/\\\/schema.org\",\"@graph\":[{\"@type\":\"WebPage\",\"@id\":\"https:\\\/\\\/peterulson.com\\\/de\\\/rucktrittsbelehrung\\\/\",\"url\":\"https:\\\/\\\/peterulson.com\\\/de\\\/rucktrittsbelehrung\\\/\",\"name\":\"R\u00fccktrittsbelehrung & R\u00fccktrittsformular - Peter Ulson\",\"isPartOf\":{\"@id\":\"https:\\\/\\\/peterulson.com\\\/de\\\/#website\"},\"datePublished\":\"2021-05-03T21:48:54+00:00\",\"dateModified\":\"2023-10-14T11:21:46+00:00\",\"breadcrumb\":{\"@id\":\"https:\\\/\\\/peterulson.com\\\/de\\\/rucktrittsbelehrung\\\/#breadcrumb\"},\"inLanguage\":\"de\",\"potentialAction\":[{\"@type\":\"ReadAction\",\"target\":[\"https:\\\/\\\/peterulson.com\\\/de\\\/rucktrittsbelehrung\\\/\"]}]},{\"@type\":\"BreadcrumbList\",\"@id\":\"https:\\\/\\\/peterulson.com\\\/de\\\/rucktrittsbelehrung\\\/#breadcrumb\",\"itemListElement\":[{\"@type\":\"ListItem\",\"position\":1,\"name\":\"Home\",\"item\":\"https:\\\/\\\/peterulson.com\\\/de\\\/\"},{\"@type\":\"ListItem\",\"position\":2,\"name\":\"R\u00fccktrittsbelehrung &#038; R\u00fccktrittsformular\"}]},{\"@type\":\"WebSite\",\"@id\":\"https:\\\/\\\/peterulson.com\\\/de\\\/#website\",\"url\":\"https:\\\/\\\/peterulson.com\\\/de\\\/\",\"name\":\"www.peterulson.com\",\"description\":\"\",\"publisher\":{\"@id\":\"https:\\\/\\\/peterulson.com\\\/de\\\/#organization\"},\"potentialAction\":[{\"@type\":\"SearchAction\",\"target\":{\"@type\":\"EntryPoint\",\"urlTemplate\":\"https:\\\/\\\/peterulson.com\\\/de\\\/?s={search_term_string}\"},\"query-input\":{\"@type\":\"PropertyValueSpecification\",\"valueRequired\":true,\"valueName\":\"search_term_string\"}}],\"inLanguage\":\"de\"},{\"@type\":\"Organization\",\"@id\":\"https:\\\/\\\/peterulson.com\\\/de\\\/#organization\",\"name\":\"ULSON Components\",\"url\":\"https:\\\/\\\/peterulson.com\\\/de\\\/\",\"logo\":{\"@type\":\"ImageObject\",\"inLanguage\":\"de\",\"@id\":\"https:\\\/\\\/peterulson.com\\\/de\\\/#\\\/schema\\\/logo\\\/image\\\/\",\"url\":\"https:\\\/\\\/peterulson.com\\\/wp-content\\\/uploads\\\/2021\\\/07\\\/PeterUlson_Logo_Zeichenflache-1.png\",\"contentUrl\":\"https:\\\/\\\/peterulson.com\\\/wp-content\\\/uploads\\\/2021\\\/07\\\/PeterUlson_Logo_Zeichenflache-1.png\",\"width\":5000,\"height\":1541,\"caption\":\"ULSON Components\"},\"image\":{\"@id\":\"https:\\\/\\\/peterulson.com\\\/de\\\/#\\\/schema\\\/logo\\\/image\\\/\"},\"sameAs\":[\"https:\\\/\\\/www.facebook.com\\\/UlsonTrading\",\"https:\\\/\\\/www.linkedin.com\\\/company\\\/peterulson\\\/?viewAsMember=true\",\"https:\\\/\\\/www.instagram.com\\\/peterulson\\\/\"]}]}<\/script>\n<!-- \/ Yoast SEO plugin. -->","yoast_head_json":{"title":"R\u00fccktrittsbelehrung & R\u00fccktrittsformular - Peter Ulson","robots":{"index":"index","follow":"follow","max-snippet":"max-snippet:-1","max-image-preview":"max-image-preview:large","max-video-preview":"max-video-preview:-1"},"canonical":"https:\/\/peterulson.com\/de\/rucktrittsbelehrung\/","og_locale":"de_DE","og_type":"article","og_title":"R\u00fccktrittsbelehrung & R\u00fccktrittsformular - Peter Ulson","og_description":"[vc_row][vc_column width=&#8220;1\/6&#8243;][\/vc_column][vc_column width=&#8220;2\/3&#8243;][vc_column_text]R\u00fccktrittsbelehrung &amp; R\u00fccktritts(Widerruf)formular Verbrauchern mit Wohnsitz in der EU steht ein R\u00fccktrittsrecht nach folgender Ma\u00dfgabe zu, wobei Verbraucher jede nat\u00fcrliche Person ist, die ein Gesch\u00e4ft t\u00e4tigt, das nicht zum Betrieb ihres Unternehmens geh\u00f6rt. A.\u00a0R\u00fccktrittsbelehrung R\u00fccktrittsrecht Sie haben das Recht, binnen vierzehn Tagen ohne Angabe von Gr\u00fcnden von diesem Vertrag zur\u00fcckzutreten Die R\u00fccktrittsfrist betr\u00e4gt [&hellip;]","og_url":"https:\/\/peterulson.com\/de\/rucktrittsbelehrung\/","og_site_name":"Peter Ulson","article_publisher":"https:\/\/www.facebook.com\/UlsonTrading","article_modified_time":"2023-10-14T11:21:46+00:00","og_image":[{"width":940,"height":788,"url":"https:\/\/peterulson.com\/wp-content\/uploads\/2021\/07\/202524345_125832863019760_3480775364758633859_n.png","type":"image\/png"}],"twitter_card":"summary_large_image","twitter_misc":{"Gesch\u00e4tzte Lesezeit":"3\u00a0Minuten"},"schema":{"@context":"https:\/\/schema.org","@graph":[{"@type":"WebPage","@id":"https:\/\/peterulson.com\/de\/rucktrittsbelehrung\/","url":"https:\/\/peterulson.com\/de\/rucktrittsbelehrung\/","name":"R\u00fccktrittsbelehrung & R\u00fccktrittsformular - Peter Ulson","isPartOf":{"@id":"https:\/\/peterulson.com\/de\/#website"},"datePublished":"2021-05-03T21:48:54+00:00","dateModified":"2023-10-14T11:21:46+00:00","breadcrumb":{"@id":"https:\/\/peterulson.com\/de\/rucktrittsbelehrung\/#breadcrumb"},"inLanguage":"de","potentialAction":[{"@type":"ReadAction","target":["https:\/\/peterulson.com\/de\/rucktrittsbelehrung\/"]}]},{"@type":"BreadcrumbList","@id":"https:\/\/peterulson.com\/de\/rucktrittsbelehrung\/#breadcrumb","itemListElement":[{"@type":"ListItem","position":1,"name":"Home","item":"https:\/\/peterulson.com\/de\/"},{"@type":"ListItem","position":2,"name":"R\u00fccktrittsbelehrung &#038; R\u00fccktrittsformular"}]},{"@type":"WebSite","@id":"https:\/\/peterulson.com\/de\/#website","url":"https:\/\/peterulson.com\/de\/","name":"www.peterulson.com","description":"","publisher":{"@id":"https:\/\/peterulson.com\/de\/#organization"},"potentialAction":[{"@type":"SearchAction","target":{"@type":"EntryPoint","urlTemplate":"https:\/\/peterulson.com\/de\/?s={search_term_string}"},"query-input":{"@type":"PropertyValueSpecification","valueRequired":true,"valueName":"search_term_string"}}],"inLanguage":"de"},{"@type":"Organization","@id":"https:\/\/peterulson.com\/de\/#organization","name":"ULSON Components","url":"https:\/\/peterulson.com\/de\/","logo":{"@type":"ImageObject","inLanguage":"de","@id":"https:\/\/peterulson.com\/de\/#\/schema\/logo\/image\/","url":"https:\/\/peterulson.com\/wp-content\/uploads\/2021\/07\/PeterUlson_Logo_Zeichenflache-1.png","contentUrl":"https:\/\/peterulson.com\/wp-content\/uploads\/2021\/07\/PeterUlson_Logo_Zeichenflache-1.png","width":5000,"height":1541,"caption":"ULSON Components"},"image":{"@id":"https:\/\/peterulson.com\/de\/#\/schema\/logo\/image\/"},"sameAs":["https:\/\/www.facebook.com\/UlsonTrading","https:\/\/www.linkedin.com\/company\/peterulson\/?viewAsMember=true","https:\/\/www.instagram.com\/peterulson\/"]}]}},"_links":{"self":[{"href":"https:\/\/peterulson.com\/de\/wp-json\/wp\/v2\/pages\/3565","targetHints":{"allow":["GET"]}}],"collection":[{"href":"https:\/\/peterulson.com\/de\/wp-json\/wp\/v2\/pages"}],"about":[{"href":"https:\/\/peterulson.com\/de\/wp-json\/wp\/v2\/types\/page"}],"author":[{"embeddable":true,"href":"https:\/\/peterulson.com\/de\/wp-json\/wp\/v2\/users\/1"}],"replies":[{"embeddable":true,"href":"https:\/\/peterulson.com\/de\/wp-json\/wp\/v2\/comments?post=3565"}],"version-history":[{"count":7,"href":"https:\/\/peterulson.com\/de\/wp-json\/wp\/v2\/pages\/3565\/revisions"}],"predecessor-version":[{"id":4336,"href":"https:\/\/peterulson.com\/de\/wp-json\/wp\/v2\/pages\/3565\/revisions\/4336"}],"wp:attachment":[{"href":"https:\/\/peterulson.com\/de\/wp-json\/wp\/v2\/media?parent=3565"}],"curies":[{"name":"wp","href":"https:\/\/api.w.org\/{rel}","templated":true}]}}