{"id":3563,"date":"2017-01-10T21:29:23","date_gmt":"2017-01-10T21:29:23","guid":{"rendered":"https:\/\/peterulson.com\/about-us"},"modified":"2023-10-14T11:17:23","modified_gmt":"2023-10-14T11:17:23","slug":"about-us","status":"publish","type":"page","link":"https:\/\/peterulson.com\/de\/about-us\/","title":{"rendered":"\u00dcber uns"},"content":{"rendered":"<p>[vc_row full_width=&#8220;stretch_row_content_no_spaces&#8220;][vc_column]<style>.shortcode_getbowtied_slider .shortcode-slider-pagination .swiper-pagination-bullet.swiper-pagination-bullet-active:after{background-color: #ffffff;}<\/style>\r\n\r\n\t\t<div class=\"shortcode_getbowtied_slider swiper-container swiper-69f368775c55f full_height\" style=\" width: 100%\" data-autoplay=\"10\" data-id=\"69f368775c55f\">\r\n\t\t\t<div class=\"swiper-wrapper\">\r\n\t\t\t\r\n\t\t\t<div class=\"swiper-slide left-align\"\r\n\t\t\tstyle=\t\"background: #a0a0a0 url(https:\/\/peterulson.com\/wp-content\/uploads\/2021\/04\/D85_2492.jpg) center center no-repeat ;\r\n\t\t\t\t\t-webkit-background-size: cover;\r\n\t\t\t\t\t-moz-background-size: cover;\r\n\t\t\t\t\t-o-background-size: cover;\r\n\t\t\t\t\tbackground-size: cover;\r\n\t\t\t\t\tcolor: #ffffff\">\r\n\t\t\t\t\r\n\t\t\t\t<div class=\"slider-content\" data-swiper-parallax=\"-50%\">\r\n\t\t\t\t\t<div class=\"slider-content-wrapper\">\r\n\t\t\t\t\t\t<h2 class=\"primary_font\" style=\"color:#ffffff;font-size:35px;line-height: 35px\">Der Name Peter Ulson ist ein Synonym f\u00fcr einfache Sanit\u00e4rinstallation, hohe Zeitersparnis und erstklassige Ergebnisse.<\/h2>\r\n\t\t\t\t\t\t\r\n\t\t\t\t\t\t\r\n\t\t\t\t\t<\/div>\r\n\t\t\t\t<\/div>\r\n\t\t\t<\/div>\r\n\t\t\t<div class=\"swiper-slide left-align\"\r\n\t\t\tstyle=\t\"background: #a0a0a0 url(https:\/\/peterulson.com\/wp-content\/uploads\/2017\/01\/D85_2438-1-2048x1365-1.jpg) center center no-repeat ;\r\n\t\t\t\t\t-webkit-background-size: cover;\r\n\t\t\t\t\t-moz-background-size: cover;\r\n\t\t\t\t\t-o-background-size: cover;\r\n\t\t\t\t\tbackground-size: cover;\r\n\t\t\t\t\tcolor: #ffffff\">\r\n\t\t\t\t\r\n\t\t\t\t<div class=\"slider-content\" data-swiper-parallax=\"-50%\">\r\n\t\t\t\t\t<div class=\"slider-content-wrapper\">\r\n\t\t\t\t\t\t<h2 class=\"primary_font\" style=\"color:#ffffff;font-size:35px;line-height: 35px\">Der Name Peter Ulson ist ein Synonym f\u00fcr einfache Sanit\u00e4rinstallation, hohe Zeitersparnis und erstklassige Ergebnisse.<\/h2>\r\n\t\t\t\t\t\t\r\n\t\t\t\t\t\t\r\n\t\t\t\t\t<\/div>\r\n\t\t\t\t<\/div>\r\n\t\t\t<\/div>\r\n\t\t\t<div class=\"swiper-slide left-align\"\r\n\t\t\tstyle=\t\"background: #a0a0a0 url(https:\/\/peterulson.com\/wp-content\/uploads\/2021\/06\/image002.png) center center no-repeat ;\r\n\t\t\t\t\t-webkit-background-size: cover;\r\n\t\t\t\t\t-moz-background-size: cover;\r\n\t\t\t\t\t-o-background-size: cover;\r\n\t\t\t\t\tbackground-size: cover;\r\n\t\t\t\t\tcolor: #ffffff\">\r\n\t\t\t\t\r\n\t\t\t\t<div class=\"slider-content\" data-swiper-parallax=\"-50%\">\r\n\t\t\t\t\t<div class=\"slider-content-wrapper\">\r\n\t\t\t\t\t\t<h2 class=\"primary_font\" style=\"color:#ffffff;font-size:35px;line-height: 35px\">Der Name Peter Ulson ist ein Synonym f\u00fcr einfache Sanit\u00e4rinstallation, hohe Zeitersparnis und erstklassige Ergebnisse.<\/h2>\r\n\t\t\t\t\t\t\r\n\t\t\t\t\t\t\r\n\t\t\t\t\t<\/div>\r\n\t\t\t\t<\/div>\r\n\t\t\t<\/div>\r\n\t\t\t<\/div>\r\n\t\t\t\t<div style=\"color: #ffffff\" class=\"swiper-button-prev\"><i class=\"spk-icon spk-icon-left-arrow-thin-large\"><\/i><\/div>\r\n    \t\t\t<div style=\"color: #ffffff\" class=\"swiper-button-next\"><i class=\"spk-icon spk-icon-right-arrow-thin-large\"><\/i><\/div>\r\n\t\t\t\t<div style=\"color: #ffffff\" class=\"shortcode-slider-pagination\"><\/div><\/div>[\/vc_column][\/vc_row][vc_row content_placement=&#8220;bottom&#8220; css=&#8220;.vc_custom_1620080345324{margin-bottom: 75px !important;}&#8220;][vc_column width=&#8220;1\/2&#8243;][vc_column_text]<strong>UNSERE ZIELE: TROCKENBAU<br \/>\n<\/strong>[\/vc_column_text][vc_column_text]Bauen Sie Trennwandsysteme (Trockenbauw\u00e4nde) z.B. in Wohnungen und B\u00fcros, hochflexibel und in kurzer Zeit.<\/p>\n<p>Verlegen Sie Kabel und Rohrleitungen in diesen Trockenbauw\u00e4nden kosteng\u00fcnstig, sofort, perfekt, normgerecht und medienschonend.<\/p>\n<p>Sch\u00fctzen Sie Kabel, Rohre und Isolation mit gr\u00fcnen Befestigungsclips vor scharfkantigen Metallgraten:<\/p>\n<p>&#8222;Stanzen, Clip eindr\u00fccken, Rohr drauflegen und mit Kabelbinder befestigen!&#8220;[\/vc_column_text][vc_single_image image=&#8220;3237&#8243; img_size=&#8220;large&#8220;][\/vc_column][vc_column width=&#8220;1\/2&#8243;][vc_column_text]<strong>UNSERE ZIELE: SANIT\u00c4RINSTALLATION<br \/>\n<\/strong>[\/vc_column_text][vc_column_text]Montieren Sie intelligente Installationsboxen f\u00fcr alle Sanit\u00e4ranschl\u00fcsse f\u00fcr Duschen, Wasch- und Sp\u00fclbecken, Toiletten und Badewannen in B\u00e4dern, K\u00fcchen und Toiletten. Kurze Montagezeiten bei hoher Ausf\u00fchrungssicherheit.<\/p>\n<p>Je Bad ben\u00f6tigen Sie nur noch 4 Boxen und keine zus\u00e4tzlichen Einzelteile.<\/p>\n<p>S\u00e4mtliche ben\u00f6tigten Rohrelemente und der Isolieraufbau sind in den Boxen bereits fix und fertig eingebaut: &#8222;Systeminstallation anstatt aufw\u00e4ndiger Teileinstallation!&#8220;[\/vc_column_text][vc_single_image image=&#8220;3632&#8243; img_size=&#8220;large&#8220;][\/vc_column][\/vc_row][vc_row css=&#8220;.vc_custom_1484857886748{margin-bottom: 75px !important;}&#8220;][vc_column][vc_column_text css=&#8220;.vc_custom_1639830163958{padding-right: 23% !important;}&#8220;]Mit Boxsystemen und Stanzen von Peter Ulson k\u00f6nnen bis zu 80% der Montagezeit bei Sanit\u00e4rprojekten eingespart werden.<\/p>\n<p>Die fertigen Systemkomponenten (z.B. Multibox) sind einfach zu verbauen und erlauben schon nach kurzer Zeit perfekte und vor allem normgerechte Montageergebnisse.<\/p>\n<p>&nbsp;<\/p>\n<h3>Peter sagt: &#8222;Holen Sie sich ein paar Helfer und lassen Sie die Konkurrenz hinter sich.&#8220;<br \/>\nArmin sagt: &#8222;Die einfache Anwendung von intelligenten Produkten schafft gro\u00dfe Vorteile.&#8220;<\/h3>\n<p>[\/vc_column_text][\/vc_column][\/vc_row][vc_row css=&#8220;.vc_custom_1484857886748{margin-bottom: 75px !important;}&#8220;][vc_column][vc_column_text css=&#8220;.vc_custom_1639832993339{padding-right: 23% !important;}&#8220;]<\/p>\n<h2>UNSER TEAM<\/h2>\n<p>[\/vc_column_text][\/vc_column][\/vc_row][vc_row css=&#8220;.vc_custom_1484857881273{margin-bottom: 75px !important;}&#8220;][vc_column width=&#8220;1\/2&#8243;][vc_column_text]<\/p>\n<h5><img loading=\"lazy\" decoding=\"async\" class=\"alignnone wp-image-3849\" src=\"https:\/\/peterulson.com\/wp-content\/uploads\/2021\/12\/Bild1AH.jpg\" alt=\"\" width=\"195\" height=\"256\" \/><\/h5>\n<h5>Armin Hrdlicka<br \/>\nCEO<\/h5>\n<h6>\u00d6sterreich<\/h6>\n<p>[\/vc_column_text][\/vc_column][vc_column width=&#8220;1\/2&#8243;][vc_column_text]Armin ist der Gr\u00fcnder und Gesch\u00e4ftsf\u00fchrer von Peter Ulson in \u00d6sterreich.<\/p>\n<p>Er wurde in \u00d6sterreich geboren und hat sich schon fr\u00fch f\u00fcr Technik begeistert.<\/p>\n<p>Er bringt mehr als 35 Jahre Erfahrung in den Bereichen Elektronik und Wirtschaft mit.<\/p>\n<p><a href=\"mailto:armin.hrdlicka@peterulson.com\">armin.hrdlicka@peterulson.com<\/a>[\/vc_column_text][\/vc_column][\/vc_row][vc_row css=&#8220;.vc_custom_1484857881273{margin-bottom: 75px !important;}&#8220;][vc_column width=&#8220;1\/2&#8243;][vc_column_text]<img loading=\"lazy\" decoding=\"async\" class=\"alignnone wp-image-3134\" src=\"https:\/\/peterulson.com\/wp-content\/uploads\/2021\/03\/Tom_Brown02-262x300.jpg\" alt=\"\" width=\"256\" height=\"293\" srcset=\"https:\/\/peterulson.com\/wp-content\/uploads\/2021\/03\/Tom_Brown02-262x300.jpg 262w, https:\/\/peterulson.com\/wp-content\/uploads\/2021\/03\/Tom_Brown02-768x879.jpg 768w, https:\/\/peterulson.com\/wp-content\/uploads\/2021\/03\/Tom_Brown02.jpg 782w\" sizes=\"auto, (max-width: 256px) 100vw, 256px\" \/><\/p>\n<h5>Thomas Robert Brown<br \/>\nBusiness Development<\/h5>\n<h6>Vereinigtes K\u00f6nigreich, Irland, Zypern, Litauen<\/h6>\n<p>[\/vc_column_text][\/vc_column][vc_column width=&#8220;1\/2&#8243;][vc_column_text]Tom wurde in England geboren und lebt in Zypern. Tom hat \u00fcber 25 Jahre Erfahrung in den Bereichen Incentives, Promotions und Marketing mit Kunden und Distributoren.<\/p>\n<p>Wann immer Sie Unterst\u00fctzung in Ihrem Gesch\u00e4ft brauchen, rufen Sie Tom an. Er hat immer zwei helfende H\u00e4nde.<\/p>\n<p>Und das gilt nicht nur f\u00fcr Trockenbau und Klempnerarbeiten.<\/p>\n<p><a href=\"mailto:tom.brown@peterulson.com\">tom.brown@peterulson.com<\/a>[\/vc_column_text][\/vc_column][\/vc_row][vc_row css=&#8220;.vc_custom_1484857881273{margin-bottom: 75px !important;}&#8220;][vc_column width=&#8220;1\/2&#8243;][vc_column_text]<img loading=\"lazy\" decoding=\"async\" class=\"alignnone wp-image-3132\" src=\"https:\/\/peterulson.com\/wp-content\/uploads\/2021\/03\/Florian_Mateiu03-241x300.jpg\" alt=\"\" width=\"237\" height=\"295\" srcset=\"https:\/\/peterulson.com\/wp-content\/uploads\/2021\/03\/Florian_Mateiu03-241x300.jpg 241w, https:\/\/peterulson.com\/wp-content\/uploads\/2021\/03\/Florian_Mateiu03.jpg 652w\" sizes=\"auto, (max-width: 237px) 100vw, 237px\" \/><\/p>\n<h5>Florian Mateiu<br \/>\nSales Manager<\/h5>\n<h6>Rum\u00e4nien<\/h6>\n<p>[\/vc_column_text][\/vc_column][vc_column width=&#8220;1\/2&#8243;][vc_column_text]Florian wurde in Oradea geboren, lebt in \u00d6sterreich und hat einen Abschluss in Management.<\/p>\n<p>Seine Spezialit\u00e4t ist die Renovierung von alten H\u00e4usern und Kirchen.<\/p>\n<p>Florian hat eine Ausbildung im Trockenbau absolviert und wei\u00df genau wie W\u00e4nde verarbeitet werden m\u00fcssen.<\/p>\n<p><a href=\"mailto:florian.mateiu@peterulson.com\">florian.mateiu@peterulson.com<\/a>[\/vc_column_text][\/vc_column][\/vc_row][vc_row css=&#8220;.vc_custom_1484857886748{margin-bottom: 75px !important;}&#8220;][vc_column][vc_column_text css=&#8220;.vc_custom_1639830262480{padding-right: 23% !important;}&#8220;]<\/p>\n<h2>Peter Ulson: Die Welt der Innovation in der Sanit\u00e4rinstallation. Genau darum geht es.<\/h2>\n<p>[\/vc_column_text][\/vc_column][\/vc_row]<\/p>\n","protected":false},"excerpt":{"rendered":"<p>[vc_row full_width=&#8220;stretch_row_content_no_spaces&#8220;][vc_column][\/vc_column][\/vc_row][vc_row content_placement=&#8220;bottom&#8220; css=&#8220;.vc_custom_1620080345324{margin-bottom: 75px !important;}&#8220;][vc_column width=&#8220;1\/2&#8243;][vc_column_text]UNSERE ZIELE: TROCKENBAU [\/vc_column_text][vc_column_text]Bauen Sie Trennwandsysteme (Trockenbauw\u00e4nde) z.B. in Wohnungen und B\u00fcros, hochflexibel und in kurzer Zeit. Verlegen Sie Kabel und Rohrleitungen in diesen Trockenbauw\u00e4nden kosteng\u00fcnstig, sofort, perfekt, normgerecht und medienschonend. Sch\u00fctzen Sie Kabel, Rohre und Isolation mit gr\u00fcnen Befestigungsclips vor scharfkantigen Metallgraten: &#8222;Stanzen, Clip eindr\u00fccken, Rohr drauflegen und [&hellip;]<\/p>\n","protected":false},"author":1,"featured_media":0,"parent":0,"menu_order":0,"comment_status":"closed","ping_status":"closed","template":"page-boxed.php","meta":{"inline_featured_image":false,"footnotes":""},"class_list":["post-3563","page","type-page","status-publish","hentry"],"yoast_head":"<!-- This site is optimized with the Yoast SEO plugin v27.4 - https:\/\/yoast.com\/product\/yoast-seo-wordpress\/ -->\n<title>\u00dcber uns - Peter Ulson<\/title>\n<meta name=\"robots\" content=\"index, follow, max-snippet:-1, max-image-preview:large, max-video-preview:-1\" \/>\n<link rel=\"canonical\" href=\"https:\/\/peterulson.com\/de\/about-us\/\" \/>\n<meta property=\"og:locale\" content=\"de_DE\" \/>\n<meta property=\"og:type\" content=\"article\" \/>\n<meta property=\"og:title\" content=\"\u00dcber uns - Peter Ulson\" \/>\n<meta property=\"og:description\" content=\"[vc_row full_width=&#8220;stretch_row_content_no_spaces&#8220;][vc_column][\/vc_column][\/vc_row][vc_row content_placement=&#8220;bottom&#8220; css=&#8220;.vc_custom_1620080345324{margin-bottom: 75px !important;}&#8220;][vc_column width=&#8220;1\/2&#8243;][vc_column_text]UNSERE ZIELE: TROCKENBAU [\/vc_column_text][vc_column_text]Bauen Sie Trennwandsysteme (Trockenbauw\u00e4nde) z.B. in Wohnungen und B\u00fcros, hochflexibel und in kurzer Zeit. Verlegen Sie Kabel und Rohrleitungen in diesen Trockenbauw\u00e4nden kosteng\u00fcnstig, sofort, perfekt, normgerecht und medienschonend. Sch\u00fctzen Sie Kabel, Rohre und Isolation mit gr\u00fcnen Befestigungsclips vor scharfkantigen Metallgraten: &#8222;Stanzen, Clip eindr\u00fccken, Rohr drauflegen und [&hellip;]\" \/>\n<meta property=\"og:url\" content=\"https:\/\/peterulson.com\/de\/about-us\/\" \/>\n<meta property=\"og:site_name\" content=\"Peter Ulson\" \/>\n<meta property=\"article:publisher\" content=\"https:\/\/www.facebook.com\/UlsonTrading\" \/>\n<meta property=\"article:modified_time\" content=\"2023-10-14T11:17:23+00:00\" \/>\n<meta property=\"og:image\" content=\"https:\/\/peterulson.com\/wp-content\/uploads\/2021\/12\/Bild1AH.jpg\" \/>\n<meta name=\"twitter:card\" content=\"summary_large_image\" \/>\n<meta name=\"twitter:label1\" content=\"Gesch\u00e4tzte Lesezeit\" \/>\n\t<meta name=\"twitter:data1\" content=\"3\u00a0Minuten\" \/>\n<script type=\"application\/ld+json\" class=\"yoast-schema-graph\">{\"@context\":\"https:\\\/\\\/schema.org\",\"@graph\":[{\"@type\":\"WebPage\",\"@id\":\"https:\\\/\\\/peterulson.com\\\/de\\\/about-us\\\/\",\"url\":\"https:\\\/\\\/peterulson.com\\\/de\\\/about-us\\\/\",\"name\":\"\u00dcber uns - Peter Ulson\",\"isPartOf\":{\"@id\":\"https:\\\/\\\/peterulson.com\\\/de\\\/#website\"},\"primaryImageOfPage\":{\"@id\":\"https:\\\/\\\/peterulson.com\\\/de\\\/about-us\\\/#primaryimage\"},\"image\":{\"@id\":\"https:\\\/\\\/peterulson.com\\\/de\\\/about-us\\\/#primaryimage\"},\"thumbnailUrl\":\"https:\\\/\\\/peterulson.com\\\/wp-content\\\/uploads\\\/2021\\\/12\\\/Bild1AH.jpg\",\"datePublished\":\"2017-01-10T21:29:23+00:00\",\"dateModified\":\"2023-10-14T11:17:23+00:00\",\"breadcrumb\":{\"@id\":\"https:\\\/\\\/peterulson.com\\\/de\\\/about-us\\\/#breadcrumb\"},\"inLanguage\":\"de\",\"potentialAction\":[{\"@type\":\"ReadAction\",\"target\":[\"https:\\\/\\\/peterulson.com\\\/de\\\/about-us\\\/\"]}]},{\"@type\":\"ImageObject\",\"inLanguage\":\"de\",\"@id\":\"https:\\\/\\\/peterulson.com\\\/de\\\/about-us\\\/#primaryimage\",\"url\":\"https:\\\/\\\/peterulson.com\\\/wp-content\\\/uploads\\\/2021\\\/12\\\/Bild1AH.jpg\",\"contentUrl\":\"https:\\\/\\\/peterulson.com\\\/wp-content\\\/uploads\\\/2021\\\/12\\\/Bild1AH.jpg\"},{\"@type\":\"BreadcrumbList\",\"@id\":\"https:\\\/\\\/peterulson.com\\\/de\\\/about-us\\\/#breadcrumb\",\"itemListElement\":[{\"@type\":\"ListItem\",\"position\":1,\"name\":\"Home\",\"item\":\"https:\\\/\\\/peterulson.com\\\/de\\\/\"},{\"@type\":\"ListItem\",\"position\":2,\"name\":\"\u00dcber uns\"}]},{\"@type\":\"WebSite\",\"@id\":\"https:\\\/\\\/peterulson.com\\\/de\\\/#website\",\"url\":\"https:\\\/\\\/peterulson.com\\\/de\\\/\",\"name\":\"www.peterulson.com\",\"description\":\"\",\"publisher\":{\"@id\":\"https:\\\/\\\/peterulson.com\\\/de\\\/#organization\"},\"potentialAction\":[{\"@type\":\"SearchAction\",\"target\":{\"@type\":\"EntryPoint\",\"urlTemplate\":\"https:\\\/\\\/peterulson.com\\\/de\\\/?s={search_term_string}\"},\"query-input\":{\"@type\":\"PropertyValueSpecification\",\"valueRequired\":true,\"valueName\":\"search_term_string\"}}],\"inLanguage\":\"de\"},{\"@type\":\"Organization\",\"@id\":\"https:\\\/\\\/peterulson.com\\\/de\\\/#organization\",\"name\":\"ULSON Components\",\"url\":\"https:\\\/\\\/peterulson.com\\\/de\\\/\",\"logo\":{\"@type\":\"ImageObject\",\"inLanguage\":\"de\",\"@id\":\"https:\\\/\\\/peterulson.com\\\/de\\\/#\\\/schema\\\/logo\\\/image\\\/\",\"url\":\"https:\\\/\\\/peterulson.com\\\/wp-content\\\/uploads\\\/2021\\\/07\\\/PeterUlson_Logo_Zeichenflache-1.png\",\"contentUrl\":\"https:\\\/\\\/peterulson.com\\\/wp-content\\\/uploads\\\/2021\\\/07\\\/PeterUlson_Logo_Zeichenflache-1.png\",\"width\":5000,\"height\":1541,\"caption\":\"ULSON Components\"},\"image\":{\"@id\":\"https:\\\/\\\/peterulson.com\\\/de\\\/#\\\/schema\\\/logo\\\/image\\\/\"},\"sameAs\":[\"https:\\\/\\\/www.facebook.com\\\/UlsonTrading\",\"https:\\\/\\\/www.linkedin.com\\\/company\\\/peterulson\\\/?viewAsMember=true\",\"https:\\\/\\\/www.instagram.com\\\/peterulson\\\/\"]}]}<\/script>\n<!-- \/ Yoast SEO plugin. -->","yoast_head_json":{"title":"\u00dcber uns - Peter Ulson","robots":{"index":"index","follow":"follow","max-snippet":"max-snippet:-1","max-image-preview":"max-image-preview:large","max-video-preview":"max-video-preview:-1"},"canonical":"https:\/\/peterulson.com\/de\/about-us\/","og_locale":"de_DE","og_type":"article","og_title":"\u00dcber uns - Peter Ulson","og_description":"[vc_row full_width=&#8220;stretch_row_content_no_spaces&#8220;][vc_column][\/vc_column][\/vc_row][vc_row content_placement=&#8220;bottom&#8220; css=&#8220;.vc_custom_1620080345324{margin-bottom: 75px !important;}&#8220;][vc_column width=&#8220;1\/2&#8243;][vc_column_text]UNSERE ZIELE: TROCKENBAU [\/vc_column_text][vc_column_text]Bauen Sie Trennwandsysteme (Trockenbauw\u00e4nde) z.B. in Wohnungen und B\u00fcros, hochflexibel und in kurzer Zeit. Verlegen Sie Kabel und Rohrleitungen in diesen Trockenbauw\u00e4nden kosteng\u00fcnstig, sofort, perfekt, normgerecht und medienschonend. Sch\u00fctzen Sie Kabel, Rohre und Isolation mit gr\u00fcnen Befestigungsclips vor scharfkantigen Metallgraten: &#8222;Stanzen, Clip eindr\u00fccken, Rohr drauflegen und [&hellip;]","og_url":"https:\/\/peterulson.com\/de\/about-us\/","og_site_name":"Peter Ulson","article_publisher":"https:\/\/www.facebook.com\/UlsonTrading","article_modified_time":"2023-10-14T11:17:23+00:00","og_image":[{"url":"https:\/\/peterulson.com\/wp-content\/uploads\/2021\/12\/Bild1AH.jpg","type":"","width":"","height":""}],"twitter_card":"summary_large_image","twitter_misc":{"Gesch\u00e4tzte Lesezeit":"3\u00a0Minuten"},"schema":{"@context":"https:\/\/schema.org","@graph":[{"@type":"WebPage","@id":"https:\/\/peterulson.com\/de\/about-us\/","url":"https:\/\/peterulson.com\/de\/about-us\/","name":"\u00dcber uns - Peter Ulson","isPartOf":{"@id":"https:\/\/peterulson.com\/de\/#website"},"primaryImageOfPage":{"@id":"https:\/\/peterulson.com\/de\/about-us\/#primaryimage"},"image":{"@id":"https:\/\/peterulson.com\/de\/about-us\/#primaryimage"},"thumbnailUrl":"https:\/\/peterulson.com\/wp-content\/uploads\/2021\/12\/Bild1AH.jpg","datePublished":"2017-01-10T21:29:23+00:00","dateModified":"2023-10-14T11:17:23+00:00","breadcrumb":{"@id":"https:\/\/peterulson.com\/de\/about-us\/#breadcrumb"},"inLanguage":"de","potentialAction":[{"@type":"ReadAction","target":["https:\/\/peterulson.com\/de\/about-us\/"]}]},{"@type":"ImageObject","inLanguage":"de","@id":"https:\/\/peterulson.com\/de\/about-us\/#primaryimage","url":"https:\/\/peterulson.com\/wp-content\/uploads\/2021\/12\/Bild1AH.jpg","contentUrl":"https:\/\/peterulson.com\/wp-content\/uploads\/2021\/12\/Bild1AH.jpg"},{"@type":"BreadcrumbList","@id":"https:\/\/peterulson.com\/de\/about-us\/#breadcrumb","itemListElement":[{"@type":"ListItem","position":1,"name":"Home","item":"https:\/\/peterulson.com\/de\/"},{"@type":"ListItem","position":2,"name":"\u00dcber uns"}]},{"@type":"WebSite","@id":"https:\/\/peterulson.com\/de\/#website","url":"https:\/\/peterulson.com\/de\/","name":"www.peterulson.com","description":"","publisher":{"@id":"https:\/\/peterulson.com\/de\/#organization"},"potentialAction":[{"@type":"SearchAction","target":{"@type":"EntryPoint","urlTemplate":"https:\/\/peterulson.com\/de\/?s={search_term_string}"},"query-input":{"@type":"PropertyValueSpecification","valueRequired":true,"valueName":"search_term_string"}}],"inLanguage":"de"},{"@type":"Organization","@id":"https:\/\/peterulson.com\/de\/#organization","name":"ULSON Components","url":"https:\/\/peterulson.com\/de\/","logo":{"@type":"ImageObject","inLanguage":"de","@id":"https:\/\/peterulson.com\/de\/#\/schema\/logo\/image\/","url":"https:\/\/peterulson.com\/wp-content\/uploads\/2021\/07\/PeterUlson_Logo_Zeichenflache-1.png","contentUrl":"https:\/\/peterulson.com\/wp-content\/uploads\/2021\/07\/PeterUlson_Logo_Zeichenflache-1.png","width":5000,"height":1541,"caption":"ULSON Components"},"image":{"@id":"https:\/\/peterulson.com\/de\/#\/schema\/logo\/image\/"},"sameAs":["https:\/\/www.facebook.com\/UlsonTrading","https:\/\/www.linkedin.com\/company\/peterulson\/?viewAsMember=true","https:\/\/www.instagram.com\/peterulson\/"]}]}},"_links":{"self":[{"href":"https:\/\/peterulson.com\/de\/wp-json\/wp\/v2\/pages\/3563","targetHints":{"allow":["GET"]}}],"collection":[{"href":"https:\/\/peterulson.com\/de\/wp-json\/wp\/v2\/pages"}],"about":[{"href":"https:\/\/peterulson.com\/de\/wp-json\/wp\/v2\/types\/page"}],"author":[{"embeddable":true,"href":"https:\/\/peterulson.com\/de\/wp-json\/wp\/v2\/users\/1"}],"replies":[{"embeddable":true,"href":"https:\/\/peterulson.com\/de\/wp-json\/wp\/v2\/comments?post=3563"}],"version-history":[{"count":49,"href":"https:\/\/peterulson.com\/de\/wp-json\/wp\/v2\/pages\/3563\/revisions"}],"predecessor-version":[{"id":4333,"href":"https:\/\/peterulson.com\/de\/wp-json\/wp\/v2\/pages\/3563\/revisions\/4333"}],"wp:attachment":[{"href":"https:\/\/peterulson.com\/de\/wp-json\/wp\/v2\/media?parent=3563"}],"curies":[{"name":"wp","href":"https:\/\/api.w.org\/{rel}","templated":true}]}}